{"id":10171,"date":"2024-08-06T07:28:35","date_gmt":"2024-08-06T05:28:35","guid":{"rendered":"https:\/\/mallorcaglobalcharter.com\/condiciones-de-cancelacion\/"},"modified":"2024-08-06T07:56:42","modified_gmt":"2024-08-06T05:56:42","slug":"stornierungsbedingungen","status":"publish","type":"page","link":"https:\/\/mallorcaglobalcharter.com\/de\/stornierungsbedingungen\/","title":{"rendered":"Stornierungsbedingungen"},"content":{"rendered":"<p><strong>ALLGEMEINE GESCH\u00c4FTSBEDINGUNGEN<\/strong><\/p>\n<ol>\n<li><strong>RESERVIERUNGSFORMALISIERUNG UND ZAHLUNGSMETHODEN<\/strong><\/li>\n<\/ol>\n<p>Die Kontaktaufnahme zur Verf\u00fcgbarkeit der Boote erfolgt in der Weise, die von beiden Unternehmen vereinbart wurde. Um eine Reservierung entweder \u00fcber das Web oder Telefon zu formalisieren, wird davon ausgegangen, dass die Termine ab dem Moment blockiert sind, in dem Mallorcaglobalcharter eine \u00dcberweisung oder Zahlung des mit dem Bootseigent\u00fcmer vereinbarten Reservierungsanteils oder 100 % der Gesamtkosten des Charters (einschlie\u00dflich MwSt.) erh\u00e4lt.<\/p>\n<p>Im Falle einer Reservierung muss der Restbetrag am Tag der Einschiffung, vor Beginn der Miete, auf eine der folgenden Zahlungsarten beglichen werden: Debit-\/Kreditkarte, Barzahlung, Bank\u00fcberweisung (nach R\u00fccksprache mit dem Eigent\u00fcmer). Bei 100 %iger Zahlung wird Mallorcaglobalcharter den Mietpreis unter Abzug der mit dem Eigent\u00fcmer oder dem Unternehmen des Bootes vereinbarten Provision auszahlen. Sobald die Reservierung formalisiert ist, wird dem Kunden und dem vermietenden Unternehmen oder Eigent\u00fcmer ein Dokument mit den Reservierungsinformationen, dem Standort der Boote und den Informationen des Kunden \u00fcbermittelt.<\/p>\n<ol start=\"2\">\n<li><strong>STORNIERUNGEN<\/strong><\/li>\n<\/ol>\n<p>Stornierungen mehr als 60 Tage vor dem Abfahrtsdatum des Bootes: Die Strafe betr\u00e4gt 0 % des Mietpreises. Stornierungen weniger als 30 Tage vor dem Abfahrtsdatum des Bootes: Die Strafe betr\u00e4gt 20 % oder den vereinbarten Prozentsatz zur Blockierung der Reservierung. Stornierungen 15 Tage vor oder am Tag der Reservierung: Die Strafe betr\u00e4gt 100 % der Miete. Unterschiedliche Stornierungsbedingungen k\u00f6nnen je nach gemietetem Boot gelten. Sollte der Charter aufgrund von schlechten Wetterbedingungen oder Problemen mit dem Boot nicht durchgef\u00fchrt werden k\u00f6nnen, muss das Unternehmen oder der Eigent\u00fcmer des Bootes einen &#8220;Gutschein&#8221; erstellen, der dem Kunden ausgeh\u00e4ndigt wird, um den Charter innerhalb der n\u00e4chsten 365 Kalendertage genie\u00dfen zu k\u00f6nnen oder der Reservierungsbetrag wird zur\u00fcckerstattet.<\/p>\n<ol start=\"3\">\n<li><strong>KRAFTSTOFF<\/strong><\/li>\n<\/ol>\n<p>Falls der Kraftstoff nicht im Mietpreis inbegriffen ist. Alle Boote werden mit vollem Tank \u00fcbergeben, und es liegt in der Verantwortung des Kunden, sie bei der R\u00fcckkehr in den Hafen mit vollem Tank zur\u00fcckzugeben.<\/p>\n<ol start=\"4\">\n<li><strong>KAUTION<\/strong><\/li>\n<\/ol>\n<p>Der Eigent\u00fcmer des Bootes kann eine Sicherheitskaution f\u00fcr die Anmietung des Bootes zum Zeitpunkt der Unterzeichnung des Mietvertrages verlangen. Der KUNDE muss eine Kaution hinterlegen, um Sch\u00e4den, Verluste, Br\u00fcche oder Verschlechterungen zu garantieren, die durch Missbrauch des Bootes und seines Inhalts entstehen. Mallorcaglobalcharter kann die Kaution nicht verwalten, wenn im Vertrag festgelegt ist, dass die Kaution vom Bootseigent\u00fcmer verwaltet wird oder wenn der Kautionsbetrag nicht ausgef\u00fcllt und\/oder mit null Euro angegeben ist. Der Mieter verpflichtet sich, \u00fcber ausreichende Mittel auf seinem Bankkonto f\u00fcr die Abbuchung der Sicherheitskaution zum Zeitpunkt der Reservierungsanfrage zu verf\u00fcgen.<\/p>\n<p>Die Kautionsformalit\u00e4t kann per Kreditkarte oder bar im Abfahrtshafen erfolgen. Bei Zahlung per Kreditkarte wird die R\u00fcckerstattungsfrist der Kaution durch die Bankbedingungen festgelegt (normalerweise 8-10 Tage).<\/p>\n<ol start=\"5\">\n<li><strong>R\u00dcCKGABE<\/strong><\/li>\n<\/ol>\n<p>Eine versp\u00e4tete R\u00fcckgabe des Bootes wird mit einer Zahlung von 50 \u20ac f\u00fcr jede 30 Minuten Versp\u00e4tung bestraft. Das Boot muss am selben Abholpunkt im \u00dcbergabehafen zur\u00fcckgegeben werden, wobei die im Vertrag vereinbarte Zeit eingehalten wird.<\/p>\n","protected":false},"excerpt":{"rendered":"<p>ALLGEMEINE GESCH\u00c4FTSBEDINGUNGEN RESERVIERUNGSFORMALISIERUNG UND ZAHLUNGSMETHODEN Die Kontaktaufnahme zur Verf\u00fcgbarkeit der Boote erfolgt in der Weise, die von beiden Unternehmen vereinbart wurde. Um eine Reservierung entweder \u00fcber das Web oder Telefon zu formalisieren, wird davon ausgegangen, dass die Termine ab dem Moment blockiert sind, in dem Mallorcaglobalcharter eine \u00dcberweisung oder Zahlung des mit dem Bootseigent\u00fcmer vereinbarten [&hellip;]<\/p>\n","protected":false},"author":2,"featured_media":0,"parent":0,"menu_order":0,"comment_status":"closed","ping_status":"closed","template":"","meta":{"_acf_changed":false,"footnotes":""},"class_list":["post-10171","page","type-page","status-publish","hentry"],"acf":[],"yoast_head":"<!-- This site is optimized with the Yoast SEO plugin v25.3 - https:\/\/yoast.com\/wordpress\/plugins\/seo\/ -->\n<title>Stornierungsbedingungen - Mallorca Global Charter<\/title>\n<meta name=\"robots\" content=\"index, follow, max-snippet:-1, max-image-preview:large, max-video-preview:-1\" \/>\n<link rel=\"canonical\" href=\"https:\/\/mallorcaglobalcharter.com\/de\/stornierungsbedingungen\/\" \/>\n<meta property=\"og:locale\" content=\"de_DE\" \/>\n<meta property=\"og:type\" content=\"article\" \/>\n<meta property=\"og:title\" content=\"Stornierungsbedingungen - Mallorca Global Charter\" \/>\n<meta property=\"og:description\" content=\"ALLGEMEINE GESCH\u00c4FTSBEDINGUNGEN RESERVIERUNGSFORMALISIERUNG UND ZAHLUNGSMETHODEN Die Kontaktaufnahme zur Verf\u00fcgbarkeit der Boote erfolgt in der Weise, die von beiden Unternehmen vereinbart wurde. Um eine Reservierung entweder \u00fcber das Web oder Telefon zu formalisieren, wird davon ausgegangen, dass die Termine ab dem Moment blockiert sind, in dem Mallorcaglobalcharter eine \u00dcberweisung oder Zahlung des mit dem Bootseigent\u00fcmer vereinbarten [&hellip;]\" \/>\n<meta property=\"og:url\" content=\"https:\/\/mallorcaglobalcharter.com\/de\/stornierungsbedingungen\/\" \/>\n<meta property=\"og:site_name\" content=\"Mallorca Global Charter\" \/>\n<meta property=\"article:modified_time\" content=\"2024-08-06T05:56:42+00:00\" \/>\n<meta name=\"twitter:card\" content=\"summary_large_image\" \/>\n<meta name=\"twitter:label1\" content=\"Gesch\u00e4tzte Lesezeit\" \/>\n\t<meta name=\"twitter:data1\" content=\"3\u00a0Minuten\" \/>\n<!-- \/ Yoast SEO plugin. -->","yoast_head_json":{"title":"Stornierungsbedingungen - Mallorca Global Charter","robots":{"index":"index","follow":"follow","max-snippet":"max-snippet:-1","max-image-preview":"max-image-preview:large","max-video-preview":"max-video-preview:-1"},"canonical":"https:\/\/mallorcaglobalcharter.com\/de\/stornierungsbedingungen\/","og_locale":"de_DE","og_type":"article","og_title":"Stornierungsbedingungen - Mallorca Global Charter","og_description":"ALLGEMEINE GESCH\u00c4FTSBEDINGUNGEN RESERVIERUNGSFORMALISIERUNG UND ZAHLUNGSMETHODEN Die Kontaktaufnahme zur Verf\u00fcgbarkeit der Boote erfolgt in der Weise, die von beiden Unternehmen vereinbart wurde. Um eine Reservierung entweder \u00fcber das Web oder Telefon zu formalisieren, wird davon ausgegangen, dass die Termine ab dem Moment blockiert sind, in dem Mallorcaglobalcharter eine \u00dcberweisung oder Zahlung des mit dem Bootseigent\u00fcmer vereinbarten [&hellip;]","og_url":"https:\/\/mallorcaglobalcharter.com\/de\/stornierungsbedingungen\/","og_site_name":"Mallorca Global Charter","article_modified_time":"2024-08-06T05:56:42+00:00","twitter_card":"summary_large_image","twitter_misc":{"Gesch\u00e4tzte Lesezeit":"3\u00a0Minuten"},"schema":{"@context":"https:\/\/schema.org","@graph":[{"@type":"WebPage","@id":"https:\/\/mallorcaglobalcharter.com\/de\/stornierungsbedingungen\/","url":"https:\/\/mallorcaglobalcharter.com\/de\/stornierungsbedingungen\/","name":"Stornierungsbedingungen - Mallorca Global Charter","isPartOf":{"@id":"https:\/\/mallorcaglobalcharter.com\/de\/#website"},"datePublished":"2024-08-06T05:28:35+00:00","dateModified":"2024-08-06T05:56:42+00:00","breadcrumb":{"@id":"https:\/\/mallorcaglobalcharter.com\/de\/stornierungsbedingungen\/#breadcrumb"},"inLanguage":"de","potentialAction":[{"@type":"ReadAction","target":["https:\/\/mallorcaglobalcharter.com\/de\/stornierungsbedingungen\/"]}]},{"@type":"BreadcrumbList","@id":"https:\/\/mallorcaglobalcharter.com\/de\/stornierungsbedingungen\/#breadcrumb","itemListElement":[{"@type":"ListItem","position":1,"name":"Portada","item":"https:\/\/mallorcaglobalcharter.com\/de\/"},{"@type":"ListItem","position":2,"name":"Stornierungsbedingungen"}]},{"@type":"WebSite","@id":"https:\/\/mallorcaglobalcharter.com\/de\/#website","url":"https:\/\/mallorcaglobalcharter.com\/de\/","name":"Mallorca Global Charter","description":"","potentialAction":[{"@type":"SearchAction","target":{"@type":"EntryPoint","urlTemplate":"https:\/\/mallorcaglobalcharter.com\/de\/?s={search_term_string}"},"query-input":{"@type":"PropertyValueSpecification","valueRequired":true,"valueName":"search_term_string"}}],"inLanguage":"de"}]}},"_links":{"self":[{"href":"https:\/\/mallorcaglobalcharter.com\/de\/wp-json\/wp\/v2\/pages\/10171","targetHints":{"allow":["GET"]}}],"collection":[{"href":"https:\/\/mallorcaglobalcharter.com\/de\/wp-json\/wp\/v2\/pages"}],"about":[{"href":"https:\/\/mallorcaglobalcharter.com\/de\/wp-json\/wp\/v2\/types\/page"}],"author":[{"embeddable":true,"href":"https:\/\/mallorcaglobalcharter.com\/de\/wp-json\/wp\/v2\/users\/2"}],"replies":[{"embeddable":true,"href":"https:\/\/mallorcaglobalcharter.com\/de\/wp-json\/wp\/v2\/comments?post=10171"}],"version-history":[{"count":0,"href":"https:\/\/mallorcaglobalcharter.com\/de\/wp-json\/wp\/v2\/pages\/10171\/revisions"}],"wp:attachment":[{"href":"https:\/\/mallorcaglobalcharter.com\/de\/wp-json\/wp\/v2\/media?parent=10171"}],"curies":[{"name":"wp","href":"https:\/\/api.w.org\/{rel}","templated":true}]}}