{"id":11499,"date":"2025-06-10T08:52:02","date_gmt":"2025-06-10T06:52:02","guid":{"rendered":"https:\/\/mallorcaglobalcharter.com\/buy-your-boat-in-mallorca\/"},"modified":"2025-06-10T13:46:34","modified_gmt":"2025-06-10T11:46:34","slug":"kaufe-dein-boot-auf-mallorca","status":"publish","type":"page","link":"https:\/\/mallorcaglobalcharter.com\/de\/kaufe-dein-boot-auf-mallorca\/","title":{"rendered":"Kaufe dein Boot auf Mallorca"},"content":{"rendered":"\t\t<div data-elementor-type=\"wp-page\" data-elementor-id=\"11499\" class=\"elementor elementor-11499 elementor-11481\" data-elementor-post-type=\"page\">\n\t\t\t\t\t\t<section class=\"elementor-section elementor-top-section elementor-element elementor-element-a73d069 elementor-section-full_width qodef-elementor-content-grid elementor-section-height-default elementor-section-height-default\" data-id=\"a73d069\" data-element_type=\"section\">\n\t\t\t\t\t\t<div class=\"elementor-container elementor-column-gap-default\">\n\t\t\t\t\t<div class=\"elementor-column elementor-col-100 elementor-top-column elementor-element elementor-element-1353234\" data-id=\"1353234\" data-element_type=\"column\">\n\t\t\t<div class=\"elementor-widget-wrap elementor-element-populated\">\n\t\t\t\t\t\t<div class=\"elementor-element elementor-element-3d74876 elementor-widget elementor-widget-seafarer_core_section_title\" data-id=\"3d74876\" data-element_type=\"widget\" data-widget_type=\"seafarer_core_section_title.default\">\n\t\t\t\t<div class=\"elementor-widget-container\">\n\t\t\t\t\t<div class=\"qodef-shortcode qodef-m  qodef-section-title qodef-alignment--center \">\n\t\t<div class=\"qodef-m-content\">\n\t\t\n\t\t\t\t\t<h1 class=\"qodef-m-title\" >\n\t\t\t\t\tKaufe dein Boot auf Mallorca\t\t\t<\/h1>\n\t\t\t<\/div>\n<\/div>\n\t\t\t\t<\/div>\n\t\t\t\t<\/div>\n\t\t\t\t<div class=\"elementor-element elementor-element-d1c8e26 elementor-widget elementor-widget-text-editor\" data-id=\"d1c8e26\" data-element_type=\"widget\" data-widget_type=\"text-editor.default\">\n\t\t\t\t<div class=\"elementor-widget-container\">\n\t\t\t\t\t\t\t\t\t<p>Du m\u00f6chtest ein Boot auf Mallorca kaufen und sorgenfrei in See stechen? Bei <b>Mallorca Global Charter<\/b> bieten wir dir einen umfassenden Service f\u00fcr den Bootskauf \u2013 mit <b>Fachwissen<\/b>, <b>Vertrauen<\/b> und <b>individueller Beratung<\/b>. Unser Expertenteam begleitet dich durch den gesamten Prozess \u2013 von der Suche nach dem idealen Boot bis zur finalen Dokumentation. Deine einzige Aufgabe? Das Meer genie\u00dfen.<\/p>\t\t\t\t\t\t\t\t<\/div>\n\t\t\t\t<\/div>\n\t\t\t\t<div class=\"elementor-element elementor-element-0502f7c elementor-widget__width-auto elementor-widget elementor-widget-seafarer_core_button\" data-id=\"0502f7c\" data-element_type=\"widget\" data-widget_type=\"seafarer_core_button.default\">\n\t\t\t\t<div class=\"elementor-widget-container\">\n\t\t\t\t\t<a class=\"qodef-shortcode qodef-m test qodef-button qodef-layout--filled qodef-size--large qodef-html--link\" href=\"\/de\/kontakt\/\" target=\"_self\" data-hover-color=\"#021527\" data-hover-background-color=\"#FFFFFF00\" data-hover-border-color=\"#021527\" style=\"color: #FFFFFF;background-color: #021527;border-color: #021527\">\n\t<span class=\"qodef-m-text\">Kontaktieren Sie uns, um Ihr Boot auf Mallorca zu kaufen.<\/span>\n<\/a>\n\t\t\t\t<\/div>\n\t\t\t\t<\/div>\n\t\t\t\t\t<\/div>\n\t\t<\/div>\n\t\t\t\t\t<\/div>\n\t\t<\/section>\n\t\t\t\t<section class=\"elementor-section elementor-top-section elementor-element elementor-element-0616934 elementor-section-full_width elementor-reverse-tablet elementor-reverse-mobile img-debajo-tablet elementor-section-stretched elementor-section-height-default elementor-section-height-default qodef-elementor-content-no\" data-id=\"0616934\" data-element_type=\"section\" data-settings=\"{&quot;stretch_section&quot;:&quot;section-stretched&quot;}\">\n\t\t\t\t\t\t<div class=\"elementor-container elementor-column-gap-default\">\n\t\t\t\t\t<div class=\"elementor-column elementor-col-50 elementor-top-column elementor-element elementor-element-a29803d\" data-id=\"a29803d\" data-element_type=\"column\" data-settings=\"{&quot;background_background&quot;:&quot;classic&quot;}\">\n\t\t\t<div class=\"elementor-widget-wrap elementor-element-populated\">\n\t\t\t\t\t\t<div class=\"elementor-element elementor-element-b7b57c0 elementor-widget elementor-widget-seafarer_core_section_title\" data-id=\"b7b57c0\" data-element_type=\"widget\" data-widget_type=\"seafarer_core_section_title.default\">\n\t\t\t\t<div class=\"elementor-widget-container\">\n\t\t\t\t\t<div class=\"qodef-shortcode qodef-m  qodef-section-title qodef-alignment--left \">\n\t\t<div class=\"qodef-m-content\">\n\t\t\n\t\t\t\t\t<h2 class=\"qodef-m-title\" >\n\t\t\t\t\tWarum dein Boot mit Mallorca Global Charter kaufen?\t\t\t<\/h2>\n\t\t\t<\/div>\n<\/div>\n\t\t\t\t<\/div>\n\t\t\t\t<\/div>\n\t\t\t\t<div class=\"elementor-element elementor-element-3f33060 elementor-widget elementor-widget-text-editor\" data-id=\"3f33060\" data-element_type=\"widget\" data-widget_type=\"text-editor.default\">\n\t\t\t\t<div class=\"elementor-widget-container\">\n\t\t\t\t\t\t\t\t\t<ul><li aria-level=\"1\"><b>Weitreichendes Netzwerk:<\/b> Wir verf\u00fcgen \u00fcber ein gro\u00dfes Netzwerk von Verk\u00e4ufern und Werften auf Mallorca und den restlichen Balearen. So bieten wir dir <b>exklusive Angebote<\/b>, die Du in \u00f6ffentlichen Inseraten nicht findest \u2013 f\u00fcr das perfekte Boot, das genau zu dir passt.<br \/><br \/><\/li><li aria-level=\"1\"><b>Gepr\u00fcfte Boote:<\/b> Vertrauen ist beim Bootskauf unerl\u00e4sslich. Alle von uns vorgeschlagenen Boote wurden von Profis <b>gr\u00fcndlich inspiziert<\/b> \u2013 vom Rumpf bis zu den Navigationssystemen. Wir informieren dich <b>transparent<\/b> \u00fcber alle Vor- und Nachteile jedes Boots.<br \/><br \/><\/li><li aria-level=\"1\"><b>Komplette Dokumentenabwicklung:<\/b> Wir \u00fcbernehmen f\u00fcr dich die gesamte B\u00fcrokratie \u2013 vom <b>Kaufvertrag<\/b> \u00fcber die <b>Umschreibung bei der Seefahrtbeh\u00f6rde<\/b>, <b>Registrierung<\/b>, <b>Versicherung<\/b> bis hin zu allen weiteren erforderlichen Unterlagen. Mit <b>Mallorca Global Charter<\/b> bleibt dir Papierkram erspart.<br \/><br \/><\/li><li aria-level=\"1\"><b>Professionelle nautische Beratung:<\/b> Dank jahrelanger Erfahrung im nautischen Bereich beraten wir dich umfassend zu <b>technischen Merkmalen<\/b>, <b>Wartung<\/b>, <b>Betriebskosten<\/b> und <b>Liegeplatzempfehlungen<\/b> auf Mallorca. Triff eine fundierte Entscheidung \u2013 mit Unterst\u00fctzung von Experten.<br \/><br \/><\/li><\/ul><p><b>Pers\u00f6nliche Begleitung:<\/b> Von der ersten Kontaktaufnahme bis zur Schl\u00fcssel\u00fcbergabe steht dir ein <b>pers\u00f6nlicher Berater<\/b> zur Seite. Wir beantworten deine Fragen, koordinieren <b>Besichtigungen<\/b>, <b>Probefahrten<\/b> und f\u00fchren <b>Verhandlungen<\/b> mit dem Verk\u00e4ufer in deinem Namen.<\/p>\t\t\t\t\t\t\t\t<\/div>\n\t\t\t\t<\/div>\n\t\t\t\t\t<\/div>\n\t\t<\/div>\n\t\t\t\t<div class=\"elementor-column elementor-col-50 elementor-top-column elementor-element elementor-element-86cbaaf\" data-id=\"86cbaaf\" data-element_type=\"column\" data-settings=\"{&quot;background_background&quot;:&quot;classic&quot;,&quot;background_motion_fx_motion_fx_scrolling&quot;:&quot;yes&quot;,&quot;background_motion_fx_devices&quot;:[&quot;desktop&quot;,&quot;tablet&quot;,&quot;mobile&quot;]}\">\n\t\t\t<div class=\"elementor-widget-wrap elementor-element-populated\">\n\t\t\t\t\t\t<div class=\"elementor-element elementor-element-425d5f3 elementor-widget-divider--view-line elementor-widget elementor-widget-divider\" data-id=\"425d5f3\" data-element_type=\"widget\" data-widget_type=\"divider.default\">\n\t\t\t\t<div class=\"elementor-widget-container\">\n\t\t\t\t\t\t\t<div class=\"elementor-divider\">\n\t\t\t<span class=\"elementor-divider-separator\">\n\t\t\t\t\t\t<\/span>\n\t\t<\/div>\n\t\t\t\t\t\t<\/div>\n\t\t\t\t<\/div>\n\t\t\t\t\t<\/div>\n\t\t<\/div>\n\t\t\t\t\t<\/div>\n\t\t<\/section>\n\t\t\t\t<section class=\"elementor-section elementor-top-section elementor-element elementor-element-5b3e030 elementor-section-full_width elementor-reverse-tablet elementor-reverse-mobile img-debajo-tablet elementor-section-stretched elementor-section-height-default elementor-section-height-default qodef-elementor-content-no\" data-id=\"5b3e030\" data-element_type=\"section\" data-settings=\"{&quot;stretch_section&quot;:&quot;section-stretched&quot;}\">\n\t\t\t\t\t\t<div class=\"elementor-container elementor-column-gap-default\">\n\t\t\t\t\t<div class=\"elementor-column elementor-col-50 elementor-top-column elementor-element elementor-element-f5e3510\" data-id=\"f5e3510\" data-element_type=\"column\" data-settings=\"{&quot;background_background&quot;:&quot;classic&quot;,&quot;background_motion_fx_motion_fx_scrolling&quot;:&quot;yes&quot;,&quot;background_motion_fx_devices&quot;:[&quot;desktop&quot;,&quot;tablet&quot;,&quot;mobile&quot;]}\">\n\t\t\t<div class=\"elementor-widget-wrap elementor-element-populated\">\n\t\t\t\t\t\t<div class=\"elementor-element elementor-element-f0ef8d8 elementor-widget-divider--view-line elementor-widget elementor-widget-divider\" data-id=\"f0ef8d8\" data-element_type=\"widget\" data-widget_type=\"divider.default\">\n\t\t\t\t<div class=\"elementor-widget-container\">\n\t\t\t\t\t\t\t<div class=\"elementor-divider\">\n\t\t\t<span class=\"elementor-divider-separator\">\n\t\t\t\t\t\t<\/span>\n\t\t<\/div>\n\t\t\t\t\t\t<\/div>\n\t\t\t\t<\/div>\n\t\t\t\t\t<\/div>\n\t\t<\/div>\n\t\t\t\t<div class=\"elementor-column elementor-col-50 elementor-top-column elementor-element elementor-element-5920b76\" data-id=\"5920b76\" data-element_type=\"column\" data-settings=\"{&quot;background_background&quot;:&quot;classic&quot;}\">\n\t\t\t<div class=\"elementor-widget-wrap elementor-element-populated\">\n\t\t\t\t\t\t<div class=\"elementor-element elementor-element-b5101ee elementor-widget elementor-widget-seafarer_core_section_title\" data-id=\"b5101ee\" data-element_type=\"widget\" data-widget_type=\"seafarer_core_section_title.default\">\n\t\t\t\t<div class=\"elementor-widget-container\">\n\t\t\t\t\t<div class=\"qodef-shortcode qodef-m  qodef-section-title qodef-alignment--left \">\n\t\t<div class=\"qodef-m-content\">\n\t\t\n\t\t\t\t\t<h2 class=\"qodef-m-title\" >\n\t\t\t\t\tUnser Ablauf beim Bootskauf auf Mallorca\t\t\t<\/h2>\n\t\t\t<\/div>\n<\/div>\n\t\t\t\t<\/div>\n\t\t\t\t<\/div>\n\t\t\t\t<div class=\"elementor-element elementor-element-211726d elementor-widget elementor-widget-text-editor\" data-id=\"211726d\" data-element_type=\"widget\" data-widget_type=\"text-editor.default\">\n\t\t\t\t<div class=\"elementor-widget-container\">\n\t\t\t\t\t\t\t\t\t<ul><li aria-level=\"1\"><b>Erstgespr\u00e4ch und Bedarfsanalyse:<\/b><b><br \/><\/b> In einem pers\u00f6nlichen Gespr\u00e4ch (telefonisch, per Videoanruf oder vor Ort) lernen wir deine W\u00fcnsche kennen. Welcher Bootstyp? Welches Budget? Segelboot, Motorboot oder Yacht? Gemeinsam definieren wir eine zielgerichtete Suchstrategie.<br \/><br \/><\/li><li aria-level=\"1\"><b>Suche und Auswahl des idealen Boots:<\/b><b><br \/><\/b> Basierend auf deinen Anforderungen aktivieren wir unser Netzwerk und unsere Datenbanken. Du erh\u00e4ltst eine Auswahl <b>passender Boote mit Fotos<\/b>, <b>technischen Daten<\/b> und <b>Historie<\/b>. Gemeinsam treffen wir eine Vorauswahl f\u00fcr Besichtigungen.<br \/><br \/><\/li><li aria-level=\"1\"><b>Besichtigungen, Inspektionen und Probefahrt:<\/b><b><br \/><\/b> Wir organisieren <b>exklusive Besichtigungen<\/b> der interessantesten Boote und empfehlen eine gr\u00fcndliche <b>technische Inspektion<\/b> durch <b>vertrauensw\u00fcrdige Sachverst\u00e4ndige<\/b>. Auf Wunsch arrangieren wir auch eine <b>Probefahrt<\/b>, damit du das Boot unter realen Bedingungen erleben kannst.<br \/><br \/><\/li><li aria-level=\"1\"><b>Verhandlung und Angebot:<\/b><b><br \/><\/b> Hast du dein Wunschboot gefunden, unterst\u00fctzen wir dich bei der <b>Preisverhandlung und Kaufabwicklung<\/b>. Dank unserer Marktkenntnis auf Mallorca sichern wir dir die <b>besten Konditionen<\/b> \u2013 immer in deinem Interesse.<br \/><br \/><\/li><li aria-level=\"1\"><b>Kaufabschluss und Formalit\u00e4ten:<\/b><b><br \/><\/b> Nach erfolgreicher Einigung k\u00fcmmern wir uns um einen <b>sicheren Abschluss<\/b>. Wir erstellen den <b>Kaufvertrag<\/b>, pr\u00fcfen alle <b>rechtlichen Unterlagen<\/b> (Eigentumsnachweis, Zertifikate, Steuerunterlagen) und begleiten die <b>Umschreibung bei den Beh\u00f6rden<\/b>. Du brauchst nur noch zu unterschreiben \u2013 wir erledigen den Rest. Auch bei der <b>\u00dcbergabe<\/b> des Boots stehen wir dir zur Seite und helfen dir danach gern weiter (z.\u202fB. Bei Wartung oder Liegeplatzsuche).<br \/><br \/><\/li><\/ul><p>Mit <b>Mallorca Global Charter<\/b> wird der Bootskauf auf Mallorca zu einer <b>angenehmen und sicheren Erfahrung<\/b>. Wir begleiten dich mit <b>Fachkompetenz und Engagement<\/b> bei jedem Schritt auf dem Weg zu deinem Traumboot.<\/p>\t\t\t\t\t\t\t\t<\/div>\n\t\t\t\t<\/div>\n\t\t\t\t\t<\/div>\n\t\t<\/div>\n\t\t\t\t\t<\/div>\n\t\t<\/section>\n\t\t\t\t<section class=\"elementor-section elementor-top-section elementor-element elementor-element-4bf91de elementor-section-full_width qodef-elementor-content-grid elementor-section-height-default elementor-section-height-default\" data-id=\"4bf91de\" data-element_type=\"section\">\n\t\t\t\t\t\t<div class=\"elementor-container elementor-column-gap-default\">\n\t\t\t\t\t<div class=\"elementor-column elementor-col-100 elementor-top-column elementor-element elementor-element-2e0a2b6\" data-id=\"2e0a2b6\" data-element_type=\"column\">\n\t\t\t<div class=\"elementor-widget-wrap elementor-element-populated\">\n\t\t\t\t\t\t<div class=\"elementor-element elementor-element-eb83567 elementor-widget elementor-widget-seafarer_core_section_title\" data-id=\"eb83567\" data-element_type=\"widget\" data-widget_type=\"seafarer_core_section_title.default\">\n\t\t\t\t<div class=\"elementor-widget-container\">\n\t\t\t\t\t<div class=\"qodef-shortcode qodef-m  qodef-section-title qodef-alignment--center \">\n\t\t<div class=\"qodef-m-content\">\n\t\t\n\t\t\t\t\t<h2 class=\"qodef-m-title\" >\n\t\t\t\t\tKontaktiere uns f\u00fcr deinen Bootskauf auf Mallorca\t\t\t<\/h2>\n\t\t\t<\/div>\n<\/div>\n\t\t\t\t<\/div>\n\t\t\t\t<\/div>\n\t\t\t\t<div class=\"elementor-element elementor-element-f00ae6a elementor-widget elementor-widget-text-editor\" data-id=\"f00ae6a\" data-element_type=\"widget\" data-widget_type=\"text-editor.default\">\n\t\t\t\t<div class=\"elementor-widget-container\">\n\t\t\t\t\t\t\t\t\t<p>Bereit f\u00fcr dein eigenes Boot? Wir helfen dir gern. Kontaktiere uns jetzt \u00fcber das Formular oder den Button und erhalte eine <b>kostenlose und unverbindliche Erstberatung<\/b>. <b>Mallorca Global Charter<\/b> antwortet schnell und informiert dich umfassend. <b>Starte dein Abenteuer auf dem Meer mit dem perfekten Boot!<\/b><\/p>\t\t\t\t\t\t\t\t<\/div>\n\t\t\t\t<\/div>\n\t\t\t\t<div class=\"elementor-element elementor-element-a99658e elementor-widget elementor-widget-seafarer_core_section_title\" data-id=\"a99658e\" data-element_type=\"widget\" data-widget_type=\"seafarer_core_section_title.default\">\n\t\t\t\t<div class=\"elementor-widget-container\">\n\t\t\t\t\t<div class=\"qodef-shortcode qodef-m  qodef-section-title qodef-alignment--center \">\n\t\t<div class=\"qodef-m-content\">\n\t\t\n\t\t\t\t\t<h2 class=\"qodef-m-title\" >\n\t\t\t\t\tFordern Sie Informationen \u00fcber unseren Bootskaufservice auf Mallorca an\t\t\t<\/h2>\n\t\t\t<\/div>\n<\/div>\n\t\t\t\t<\/div>\n\t\t\t\t<\/div>\n\t\t\t\t\t<\/div>\n\t\t<\/div>\n\t\t\t\t\t<\/div>\n\t\t<\/section>\n\t\t\t\t<section class=\"elementor-section elementor-top-section elementor-element elementor-element-9009e64 elementor-section-full_width qodef-elementor-content-grid elementor-section-height-default elementor-section-height-default\" data-id=\"9009e64\" data-element_type=\"section\">\n\t\t\t\t\t\t<div class=\"elementor-container elementor-column-gap-default\">\n\t\t\t\t\t<div class=\"elementor-column elementor-col-100 elementor-top-column elementor-element elementor-element-8a5295a\" data-id=\"8a5295a\" data-element_type=\"column\">\n\t\t\t<div class=\"elementor-widget-wrap elementor-element-populated\">\n\t\t\t\t\t\t<div class=\"elementor-element elementor-element-c4bd2f8 elementor-widget elementor-widget-qi_addons_for_elementor_contact_form_7\" data-id=\"c4bd2f8\" data-element_type=\"widget\" data-widget_type=\"qi_addons_for_elementor_contact_form_7.default\">\n\t\t\t\t<div class=\"elementor-widget-container\">\n\t\t\t\t\t<div class=\"qodef-shortcode qodef-m qodef-qi-contact-form-7\">\n\t\n<div class=\"wpcf7 no-js\" id=\"wpcf7-f6250-o1\" lang=\"de-DE\" dir=\"ltr\" data-wpcf7-id=\"6250\">\n<div class=\"screen-reader-response\"><p role=\"status\" aria-live=\"polite\" aria-atomic=\"true\"><\/p> <ul><\/ul><\/div>\n<form action=\"\/de\/wp-json\/wp\/v2\/pages\/11499#wpcf7-f6250-o1\" method=\"post\" class=\"wpcf7-form init\" aria-label=\"Kontaktformular\" novalidate=\"novalidate\" data-status=\"init\">\n<div style=\"display: none;\">\n<input type=\"hidden\" name=\"_wpcf7\" value=\"6250\" \/>\n<input type=\"hidden\" name=\"_wpcf7_version\" value=\"6.0.6\" \/>\n<input type=\"hidden\" name=\"_wpcf7_locale\" value=\"de_DE\" \/>\n<input type=\"hidden\" name=\"_wpcf7_unit_tag\" value=\"wpcf7-f6250-o1\" \/>\n<input type=\"hidden\" name=\"_wpcf7_container_post\" value=\"0\" \/>\n<input type=\"hidden\" name=\"_wpcf7_posted_data_hash\" value=\"\" \/>\n<input type=\"hidden\" name=\"_wpcf7dtx_version\" value=\"5.0.3\" \/>\n<input type=\"hidden\" name=\"_wpcf7_recaptcha_response\" value=\"\" \/>\n<\/div>\n<label> Ihr Name\n    <span class=\"wpcf7-form-control-wrap\" data-name=\"your-name\"><input size=\"40\" maxlength=\"400\" class=\"wpcf7-form-control wpcf7-text wpcf7-validates-as-required\" autocomplete=\"name\" aria-required=\"true\" aria-invalid=\"false\" placeholder=\"Geben Sie Ihren Namen ein\" value=\"\" type=\"text\" name=\"your-name\" \/><\/span> <\/label>\n\n\n<label> Deine E-Mail\n    <span class=\"wpcf7-form-control-wrap\" data-name=\"your-email\"><input size=\"40\" maxlength=\"400\" class=\"wpcf7-form-control wpcf7-email wpcf7-validates-as-required wpcf7-text wpcf7-validates-as-email\" autocomplete=\"email\" aria-required=\"true\" aria-invalid=\"false\" placeholder=\"Geben Sie Ihre E-Mail ein\" value=\"\" type=\"email\" name=\"your-email\" \/><\/span> <\/label>\n\n<label> Telefon\n    <span class=\"wpcf7-form-control-wrap\" data-name=\"your-phone\"><input size=\"40\" maxlength=\"400\" class=\"wpcf7-form-control wpcf7-tel wpcf7-validates-as-required wpcf7-text wpcf7-validates-as-tel\" aria-required=\"true\" aria-invalid=\"false\" placeholder=\"Telefon einf\u00fcgen\" value=\"\" type=\"tel\" name=\"your-phone\" \/><\/span> <\/label>\n\n<label> Ihre Nachricht (optional)\n    <span class=\"wpcf7-form-control-wrap\" data-name=\"your-message\"><textarea cols=\"40\" rows=\"10\" maxlength=\"2000\" class=\"wpcf7-form-control wpcf7-textarea\" aria-invalid=\"false\" placeholder=\"Nachricht schreiben\" name=\"your-message\"><\/textarea><\/span> <\/label>\n<span id=\"wpcf7-69d66b4350aac-wrapper\" class=\"wpcf7-form-control-wrap email-400-wrap\" style=\"display:none !important; visibility:hidden !important;\"><label for=\"email-400\" class=\"hp-message\">Bitte lasse dieses Feld leer.<\/label><input id=\"email-400\"  class=\"wpcf7-form-control wpcf7-text\" type=\"text\" name=\"email-400\" value=\"\" size=\"40\" tabindex=\"-1\" autocomplete=\"new-password\" \/><\/span>\n<span class=\"wpcf7-form-control-wrap dynamic_hidden-51\" data-name=\"dynamic_hidden-51\"><input type=\"hidden\" name=\"dynamic_hidden-51\" class=\"wpcf7-form-control wpcf7-hidden wpcf7dtx wpcf7dtx-hidden\" aria-invalid=\"false\" value=\"Kaufe dein Boot auf Mallorca\"><\/span>\n<span class=\"wpcf7-form-control-wrap\" data-name=\"acceptance-830\"><span class=\"wpcf7-form-control wpcf7-acceptance\"><span class=\"wpcf7-list-item\"><label><input type=\"checkbox\" name=\"acceptance-830\" value=\"1\" aria-invalid=\"false\" \/><span class=\"wpcf7-list-item-label\">Ich habe die gelesen und akzeptiere sie <a href=\"\/de\/rechtlicher-hinweis\/\">Politik der Privatsph\u00e4re<\/a><\/span><\/label><\/span><\/span><\/span>\n<br\/>\n<button class=\"wpcf7-form-control wpcf7-submit qodef-button qodef-size--normal qodef-layout--filled qodef-m\" type=\"submit\"><span class=\"qodef-m-text\">Schicken<\/span><\/button><div class=\"wpcf7-response-output\" aria-hidden=\"true\"><\/div>\n<\/form>\n<\/div>\n<\/div>\n\t\t\t\t<\/div>\n\t\t\t\t<\/div>\n\t\t\t\t\t<\/div>\n\t\t<\/div>\n\t\t\t\t\t<\/div>\n\t\t<\/section>\n\t\t\t\t<\/div>\n\t\t","protected":false},"excerpt":{"rendered":"<p>Kaufe dein Boot auf Mallorca Du m\u00f6chtest ein Boot auf Mallorca kaufen und sorgenfrei in See stechen? Bei Mallorca Global Charter bieten wir dir einen umfassenden Service f\u00fcr den Bootskauf \u2013 mit Fachwissen, Vertrauen und individueller Beratung. Unser Expertenteam begleitet dich durch den gesamten Prozess \u2013 von der Suche nach dem idealen Boot bis zur [&hellip;]<\/p>\n","protected":false},"author":2,"featured_media":0,"parent":0,"menu_order":0,"comment_status":"closed","ping_status":"closed","template":"","meta":{"_acf_changed":false,"footnotes":""},"class_list":["post-11499","page","type-page","status-publish","hentry"],"acf":[],"yoast_head":"<!-- This site is optimized with the Yoast SEO plugin v25.3 - https:\/\/yoast.com\/wordpress\/plugins\/seo\/ -->\n<title>Kaufe dein Boot auf Mallorca<\/title>\n<meta name=\"description\" content=\"Mit Mallorca Global Charter findest du dein ideales Boot auf Mallorca. Wir bieten professionelle Beratung, gepr\u00fcfte Boote, ein starkes Netzwerk und komplette Abwicklung \u2013 f\u00fcr einen sicheren Kauf.\" \/>\n<meta name=\"robots\" content=\"index, follow, max-snippet:-1, max-image-preview:large, max-video-preview:-1\" \/>\n<link rel=\"canonical\" href=\"https:\/\/mallorcaglobalcharter.com\/de\/kaufe-dein-boot-auf-mallorca\/\" \/>\n<meta property=\"og:locale\" content=\"de_DE\" \/>\n<meta property=\"og:type\" content=\"article\" \/>\n<meta property=\"og:title\" content=\"Kaufe dein Boot auf Mallorca\" \/>\n<meta property=\"og:description\" content=\"Mit Mallorca Global Charter findest du dein ideales Boot auf Mallorca. Wir bieten professionelle Beratung, gepr\u00fcfte Boote, ein starkes Netzwerk und komplette Abwicklung \u2013 f\u00fcr einen sicheren Kauf.\" \/>\n<meta property=\"og:url\" content=\"https:\/\/mallorcaglobalcharter.com\/de\/kaufe-dein-boot-auf-mallorca\/\" \/>\n<meta property=\"og:site_name\" content=\"Mallorca Global Charter\" \/>\n<meta property=\"article:modified_time\" content=\"2025-06-10T11:46:34+00:00\" \/>\n<meta name=\"twitter:card\" content=\"summary_large_image\" \/>\n<meta name=\"twitter:label1\" content=\"Gesch\u00e4tzte Lesezeit\" \/>\n\t<meta name=\"twitter:data1\" content=\"4\u00a0Minuten\" \/>\n<!-- \/ Yoast SEO plugin. -->","yoast_head_json":{"title":"Kaufe dein Boot auf Mallorca","description":"Mit Mallorca Global Charter findest du dein ideales Boot auf Mallorca. Wir bieten professionelle Beratung, gepr\u00fcfte Boote, ein starkes Netzwerk und komplette Abwicklung \u2013 f\u00fcr einen sicheren Kauf.","robots":{"index":"index","follow":"follow","max-snippet":"max-snippet:-1","max-image-preview":"max-image-preview:large","max-video-preview":"max-video-preview:-1"},"canonical":"https:\/\/mallorcaglobalcharter.com\/de\/kaufe-dein-boot-auf-mallorca\/","og_locale":"de_DE","og_type":"article","og_title":"Kaufe dein Boot auf Mallorca","og_description":"Mit Mallorca Global Charter findest du dein ideales Boot auf Mallorca. Wir bieten professionelle Beratung, gepr\u00fcfte Boote, ein starkes Netzwerk und komplette Abwicklung \u2013 f\u00fcr einen sicheren Kauf.","og_url":"https:\/\/mallorcaglobalcharter.com\/de\/kaufe-dein-boot-auf-mallorca\/","og_site_name":"Mallorca Global Charter","article_modified_time":"2025-06-10T11:46:34+00:00","twitter_card":"summary_large_image","twitter_misc":{"Gesch\u00e4tzte Lesezeit":"4\u00a0Minuten"},"schema":{"@context":"https:\/\/schema.org","@graph":[{"@type":"WebPage","@id":"https:\/\/mallorcaglobalcharter.com\/de\/kaufe-dein-boot-auf-mallorca\/","url":"https:\/\/mallorcaglobalcharter.com\/de\/kaufe-dein-boot-auf-mallorca\/","name":"Kaufe dein Boot auf Mallorca","isPartOf":{"@id":"https:\/\/mallorcaglobalcharter.com\/de\/#website"},"datePublished":"2025-06-10T06:52:02+00:00","dateModified":"2025-06-10T11:46:34+00:00","description":"Mit Mallorca Global Charter findest du dein ideales Boot auf Mallorca. Wir bieten professionelle Beratung, gepr\u00fcfte Boote, ein starkes Netzwerk und komplette Abwicklung \u2013 f\u00fcr einen sicheren Kauf.","breadcrumb":{"@id":"https:\/\/mallorcaglobalcharter.com\/de\/kaufe-dein-boot-auf-mallorca\/#breadcrumb"},"inLanguage":"de","potentialAction":[{"@type":"ReadAction","target":["https:\/\/mallorcaglobalcharter.com\/de\/kaufe-dein-boot-auf-mallorca\/"]}]},{"@type":"BreadcrumbList","@id":"https:\/\/mallorcaglobalcharter.com\/de\/kaufe-dein-boot-auf-mallorca\/#breadcrumb","itemListElement":[{"@type":"ListItem","position":1,"name":"Portada","item":"https:\/\/mallorcaglobalcharter.com\/de\/"},{"@type":"ListItem","position":2,"name":"Kaufe dein Boot auf Mallorca"}]},{"@type":"WebSite","@id":"https:\/\/mallorcaglobalcharter.com\/de\/#website","url":"https:\/\/mallorcaglobalcharter.com\/de\/","name":"Mallorca Global Charter","description":"","potentialAction":[{"@type":"SearchAction","target":{"@type":"EntryPoint","urlTemplate":"https:\/\/mallorcaglobalcharter.com\/de\/?s={search_term_string}"},"query-input":{"@type":"PropertyValueSpecification","valueRequired":true,"valueName":"search_term_string"}}],"inLanguage":"de"}]}},"_links":{"self":[{"href":"https:\/\/mallorcaglobalcharter.com\/de\/wp-json\/wp\/v2\/pages\/11499","targetHints":{"allow":["GET"]}}],"collection":[{"href":"https:\/\/mallorcaglobalcharter.com\/de\/wp-json\/wp\/v2\/pages"}],"about":[{"href":"https:\/\/mallorcaglobalcharter.com\/de\/wp-json\/wp\/v2\/types\/page"}],"author":[{"embeddable":true,"href":"https:\/\/mallorcaglobalcharter.com\/de\/wp-json\/wp\/v2\/users\/2"}],"replies":[{"embeddable":true,"href":"https:\/\/mallorcaglobalcharter.com\/de\/wp-json\/wp\/v2\/comments?post=11499"}],"version-history":[{"count":7,"href":"https:\/\/mallorcaglobalcharter.com\/de\/wp-json\/wp\/v2\/pages\/11499\/revisions"}],"predecessor-version":[{"id":11667,"href":"https:\/\/mallorcaglobalcharter.com\/de\/wp-json\/wp\/v2\/pages\/11499\/revisions\/11667"}],"wp:attachment":[{"href":"https:\/\/mallorcaglobalcharter.com\/de\/wp-json\/wp\/v2\/media?parent=11499"}],"curies":[{"name":"wp","href":"https:\/\/api.w.org\/{rel}","templated":true}]}}