{"id":11863,"date":"2021-07-29T07:24:34","date_gmt":"2021-07-29T05:24:34","guid":{"rendered":"https:\/\/mallorcaglobalcharter.com\/bootsverleih\/"},"modified":"2025-06-19T09:12:46","modified_gmt":"2025-06-19T07:12:46","slug":"bootsverleih","status":"publish","type":"page","link":"https:\/\/mallorcaglobalcharter.com\/de\/bootsverleih\/","title":{"rendered":"Bootsverleih"},"content":{"rendered":"\t\t<div data-elementor-type=\"wp-page\" data-elementor-id=\"11863\" class=\"elementor elementor-11863 elementor-1673\" data-elementor-post-type=\"page\">\n\t\t\t\t<div class=\"elementor-element elementor-element-1aab8a4 e-flex e-con-boxed e-con e-parent\" data-id=\"1aab8a4\" data-element_type=\"container\">\n\t\t\t\t\t<div class=\"e-con-inner\">\n\t\t\t\t<div class=\"elementor-element elementor-element-9d1478a elementor-widget elementor-widget-seafarer_core_section_title\" data-id=\"9d1478a\" data-element_type=\"widget\" data-widget_type=\"seafarer_core_section_title.default\">\n\t\t\t\t<div class=\"elementor-widget-container\">\n\t\t\t\t\t<div class=\"qodef-shortcode qodef-m  qodef-section-title qodef-alignment--center \">\n\t\t<div class=\"qodef-m-content\">\n\t\t\n\t\t\t\t\t<h1 class=\"qodef-m-title\" >\n\t\t\t\t\tBoot mieten auf Mallorca\t\t\t<\/h1>\n\t\t\t<\/div>\n<\/div>\n\t\t\t\t<\/div>\n\t\t\t\t<\/div>\n\t\t\t\t<div class=\"elementor-element elementor-element-4411a87 elementor-widget elementor-widget-text-editor\" data-id=\"4411a87\" data-element_type=\"widget\" data-widget_type=\"text-editor.default\">\n\t\t\t\t<div class=\"elementor-widget-container\">\n\t\t\t\t\t\t\t\t\t<div class=\"elementor-element elementor-element-17d7c43 elementor-widget elementor-widget-seafarer_core_section_title\" data-id=\"17d7c43\" data-element_type=\"widget\" data-widget_type=\"seafarer_core_section_title.default\"><div class=\"elementor-widget-container\"><div class=\"qodef-shortcode qodef-m qodef-section-title qodef-alignment--center qodef--appeared\"><div class=\"qodef-m-content\"><p class=\"qodef-m-text\">Entdecken Sie Mallorca aus einer einzigartigen Perspektive: vom Meer aus. Bei Mallorca Global Charter bieten wir Ihnen ein unvergessliches Bootserlebnis mit erstklassigen Bootsvermietungen. W\u00e4hlen Sie zwischen Segelbooten, Katamaranen, Luxusyachten oder Motorbooten und navigieren Sie mit v\u00f6lliger Freiheit und Komfort durch das kristallklare Wasser der Insel.<\/p><\/div><\/div><\/div><\/div>\t\t\t\t\t\t\t\t<\/div>\n\t\t\t\t<\/div>\n\t\t\t\t\t<\/div>\n\t\t\t\t<\/div>\n\t\t\t\t<section class=\"elementor-section elementor-top-section elementor-element elementor-element-0672d16 elementor-section-full_width elementor-reverse-tablet elementor-reverse-mobile img-debajo-tablet elementor-section-stretched elementor-section-height-default elementor-section-height-default qodef-elementor-content-no\" data-id=\"0672d16\" data-element_type=\"section\" data-settings=\"{&quot;stretch_section&quot;:&quot;section-stretched&quot;}\">\n\t\t\t\t\t\t<div class=\"elementor-container elementor-column-gap-default\">\n\t\t\t\t\t<div class=\"elementor-column elementor-col-50 elementor-top-column elementor-element elementor-element-98e4471\" data-id=\"98e4471\" data-element_type=\"column\" data-settings=\"{&quot;background_background&quot;:&quot;classic&quot;}\">\n\t\t\t<div class=\"elementor-widget-wrap elementor-element-populated\">\n\t\t\t\t\t\t<div class=\"elementor-element elementor-element-3fc822c elementor-widget elementor-widget-text-editor\" data-id=\"3fc822c\" data-element_type=\"widget\" data-widget_type=\"text-editor.default\">\n\t\t\t\t<div class=\"elementor-widget-container\">\n\t\t\t\t\t\t\t\t\t<div class=\"elementor-element elementor-element-17d7c43 elementor-widget elementor-widget-seafarer_core_section_title\" data-id=\"17d7c43\" data-element_type=\"widget\" data-widget_type=\"seafarer_core_section_title.default\"><div class=\"elementor-widget-container\"><div class=\"qodef-shortcode qodef-m qodef-section-title qodef-alignment--center qodef--appeared\"><div class=\"qodef-m-content\"><h2 class=\"qodef-m-title\">Charter auf Mallorca<\/h2><p class=\"qodef-m-text\">Mit unserem Charterservice auf Mallorca genie\u00dfen Sie das Mittelmeer ganz flexibel. Ob Tagesausflug, private Veranstaltung oder Urlaub \u2013 unser Segelcharter kann individuell auf Ihre Bed\u00fcrfnisse zugeschnitten werden. Wir verf\u00fcgen \u00fcber gut ausgestattete Boote und eine professionelle Crew f\u00fcr ein sicheres, komfortables und individuelles Erlebnis. Erleben Sie den Luxus des Segelns ohne Sorgen.<\/p><\/div><\/div><\/div><\/div>\t\t\t\t\t\t\t\t<\/div>\n\t\t\t\t<\/div>\n\t\t\t\t\t<\/div>\n\t\t<\/div>\n\t\t\t\t<div class=\"elementor-column elementor-col-50 elementor-top-column elementor-element elementor-element-18a720c\" data-id=\"18a720c\" data-element_type=\"column\" data-settings=\"{&quot;background_background&quot;:&quot;classic&quot;,&quot;background_motion_fx_motion_fx_scrolling&quot;:&quot;yes&quot;,&quot;background_motion_fx_devices&quot;:[&quot;desktop&quot;,&quot;tablet&quot;,&quot;mobile&quot;]}\">\n\t\t\t<div class=\"elementor-widget-wrap elementor-element-populated\">\n\t\t\t\t\t\t<div class=\"elementor-element elementor-element-39f6423 elementor-widget-divider--view-line elementor-widget elementor-widget-divider\" data-id=\"39f6423\" data-element_type=\"widget\" data-widget_type=\"divider.default\">\n\t\t\t\t<div class=\"elementor-widget-container\">\n\t\t\t\t\t\t\t<div class=\"elementor-divider\">\n\t\t\t<span class=\"elementor-divider-separator\">\n\t\t\t\t\t\t<\/span>\n\t\t<\/div>\n\t\t\t\t\t\t<\/div>\n\t\t\t\t<\/div>\n\t\t\t\t\t<\/div>\n\t\t<\/div>\n\t\t\t\t\t<\/div>\n\t\t<\/section>\n\t\t\t\t<section class=\"elementor-section elementor-top-section elementor-element elementor-element-e95583d elementor-section-full_width elementor-section-stretched elementor-section-height-default elementor-section-height-default qodef-elementor-content-no\" data-id=\"e95583d\" data-element_type=\"section\" data-settings=\"{&quot;stretch_section&quot;:&quot;section-stretched&quot;}\">\n\t\t\t\t\t\t<div class=\"elementor-container elementor-column-gap-default\">\n\t\t\t\t\t<div class=\"elementor-column elementor-col-25 elementor-top-column elementor-element elementor-element-88909c1\" data-id=\"88909c1\" data-element_type=\"column\" data-settings=\"{&quot;background_background&quot;:&quot;classic&quot;}\">\n\t\t\t<div class=\"elementor-widget-wrap elementor-element-populated\">\n\t\t\t\t\t\t<div class=\"elementor-element elementor-element-aea3948 elementor-widget-divider--view-line elementor-widget elementor-widget-divider\" data-id=\"aea3948\" data-element_type=\"widget\" data-widget_type=\"divider.default\">\n\t\t\t\t<div class=\"elementor-widget-container\">\n\t\t\t\t\t\t\t<div class=\"elementor-divider\">\n\t\t\t<span class=\"elementor-divider-separator\">\n\t\t\t\t\t\t<\/span>\n\t\t<\/div>\n\t\t\t\t\t\t<\/div>\n\t\t\t\t<\/div>\n\t\t\t\t\t<\/div>\n\t\t<\/div>\n\t\t\t\t<div class=\"elementor-column elementor-col-25 elementor-top-column elementor-element elementor-element-3f22f8a\" data-id=\"3f22f8a\" data-element_type=\"column\" data-settings=\"{&quot;background_background&quot;:&quot;classic&quot;}\">\n\t\t\t<div class=\"elementor-widget-wrap elementor-element-populated\">\n\t\t\t\t\t\t<div class=\"elementor-element elementor-element-cea21aa elementor-widget elementor-widget-seafarer_core_section_title\" data-id=\"cea21aa\" data-element_type=\"widget\" data-widget_type=\"seafarer_core_section_title.default\">\n\t\t\t\t<div class=\"elementor-widget-container\">\n\t\t\t\t\t<div class=\"qodef-shortcode qodef-m  qodef-section-title qodef-alignment--left \">\n\t\t<div class=\"qodef-m-content\">\n\t\t\n\t\t\t\t\t<h3 class=\"qodef-m-title\" >\n\t\t\t\t\tKatamaran-Vermietung auf Mallorca\t\t\t<\/h3>\n\t\t\t<p class=\"qodef-m-text\" >Wenn Sie Wert auf Ger\u00e4umigkeit und Stabilit\u00e4t legen, sind unsere Charter-Katamarane auf Mallorca die ideale Wahl. Ein Katamaran bietet Ihnen und Ihren Begleitern gro\u00dfz\u00fcgige Decksfl\u00e4che und hohen Komfort \u2013 perfekt zum Ankern an unber\u00fchrten Str\u00e4nden oder zum Feiern mit Freunden auf hoher See. Genie\u00dfen Sie das stabile und sichere Segeln eines Luxuskatamarans und erkunden Sie die mallorquinische K\u00fcste in Ihrem eigenen Tempo.<\/p>\n\t<\/div>\n<\/div>\n\t\t\t\t<\/div>\n\t\t\t\t<\/div>\n\t\t\t\t<div class=\"elementor-element elementor-element-d2f36a8 elementor-widget elementor-widget-button\" data-id=\"d2f36a8\" data-element_type=\"widget\" data-widget_type=\"button.default\">\n\t\t\t\t<div class=\"elementor-widget-container\">\n\t\t\t\t\t\t\t\t\t<div class=\"elementor-button-wrapper\">\n\t\t\t\t\t<a class=\"elementor-button elementor-button-link elementor-size-sm\" href=\"\/tipo-de-barco\/catamaranes\/\">\n\t\t\t\t\t\t<span class=\"elementor-button-content-wrapper\">\n\t\t\t\t\t\t\t\t\t<span class=\"elementor-button-text\"> Katamaran-Vermietung auf Mallorca<\/span>\n\t\t\t\t\t<\/span>\n\t\t\t\t\t<\/a>\n\t\t\t\t<\/div>\n\t\t\t\t\t\t\t\t<\/div>\n\t\t\t\t<\/div>\n\t\t\t\t\t<\/div>\n\t\t<\/div>\n\t\t\t\t<div class=\"elementor-column elementor-col-25 elementor-top-column elementor-element elementor-element-1c5dfbe\" data-id=\"1c5dfbe\" data-element_type=\"column\" data-settings=\"{&quot;background_background&quot;:&quot;classic&quot;}\">\n\t\t\t<div class=\"elementor-widget-wrap elementor-element-populated\">\n\t\t\t\t\t\t<div class=\"elementor-element elementor-element-b4d006e elementor-widget-divider--view-line elementor-widget elementor-widget-divider\" data-id=\"b4d006e\" data-element_type=\"widget\" data-widget_type=\"divider.default\">\n\t\t\t\t<div class=\"elementor-widget-container\">\n\t\t\t\t\t\t\t<div class=\"elementor-divider\">\n\t\t\t<span class=\"elementor-divider-separator\">\n\t\t\t\t\t\t<\/span>\n\t\t<\/div>\n\t\t\t\t\t\t<\/div>\n\t\t\t\t<\/div>\n\t\t\t\t\t<\/div>\n\t\t<\/div>\n\t\t\t\t<div class=\"elementor-column elementor-col-25 elementor-top-column elementor-element elementor-element-8a0b26d\" data-id=\"8a0b26d\" data-element_type=\"column\" data-settings=\"{&quot;background_background&quot;:&quot;classic&quot;}\">\n\t\t\t<div class=\"elementor-widget-wrap elementor-element-populated\">\n\t\t\t\t\t\t<div class=\"elementor-element elementor-element-5b9a6a2 elementor-widget elementor-widget-seafarer_core_section_title\" data-id=\"5b9a6a2\" data-element_type=\"widget\" data-widget_type=\"seafarer_core_section_title.default\">\n\t\t\t\t<div class=\"elementor-widget-container\">\n\t\t\t\t\t<div class=\"qodef-shortcode qodef-m  qodef-section-title qodef-alignment--left \">\n\t\t<div class=\"qodef-m-content\">\n\t\t\n\t\t\t\t\t<h3 class=\"qodef-m-title\" >\n\t\t\t\t\tLuxusyachtcharter auf Mallorca\t\t\t<\/h3>\n\t\t\t<p class=\"qodef-m-text\" >Erleben Sie ultimative Exklusivit\u00e4t auf See an Bord unserer Luxusyachten auf Mallorca. Diese Yachten bieten F\u00fcnf-Sterne-Bordservice mit professioneller Crew, erstklassiger Ausstattung und Liebe zum Detail. Entspannen Sie auf den gro\u00dfz\u00fcgigen Decks, genie\u00dfen Sie die erstklassigen Annehmlichkeiten und erleben Sie Mallorca von der Eleganz einer privaten Yacht aus. Ideal f\u00fcr besondere Anl\u00e4sse oder einfach f\u00fcr ein unvergessliches Erlebnis im Mittelmeer.<\/p>\n\t<\/div>\n<\/div>\n\t\t\t\t<\/div>\n\t\t\t\t<\/div>\n\t\t\t\t<div class=\"elementor-element elementor-element-f0b8508 elementor-widget elementor-widget-button\" data-id=\"f0b8508\" data-element_type=\"widget\" data-widget_type=\"button.default\">\n\t\t\t\t<div class=\"elementor-widget-container\">\n\t\t\t\t\t\t\t\t\t<div class=\"elementor-button-wrapper\">\n\t\t\t\t\t<a class=\"elementor-button elementor-button-link elementor-size-sm\" href=\"\/tipo-de-barco\/yates\/\">\n\t\t\t\t\t\t<span class=\"elementor-button-content-wrapper\">\n\t\t\t\t\t\t\t\t\t<span class=\"elementor-button-text\">Luxusyachtcharter auf Mallorca<\/span>\n\t\t\t\t\t<\/span>\n\t\t\t\t\t<\/a>\n\t\t\t\t<\/div>\n\t\t\t\t\t\t\t\t<\/div>\n\t\t\t\t<\/div>\n\t\t\t\t\t<\/div>\n\t\t<\/div>\n\t\t\t\t\t<\/div>\n\t\t<\/section>\n\t\t\t\t<section class=\"elementor-section elementor-top-section elementor-element elementor-element-b6a10b7 elementor-section-full_width img-debajo-tablet-section-4 elementor-section-stretched elementor-section-height-default elementor-section-height-default qodef-elementor-content-no\" data-id=\"b6a10b7\" data-element_type=\"section\" data-settings=\"{&quot;stretch_section&quot;:&quot;section-stretched&quot;}\">\n\t\t\t\t\t\t<div class=\"elementor-container elementor-column-gap-default\">\n\t\t\t\t\t<div class=\"elementor-column elementor-col-25 elementor-top-column elementor-element elementor-element-4f25782\" data-id=\"4f25782\" data-element_type=\"column\" data-settings=\"{&quot;background_background&quot;:&quot;classic&quot;}\">\n\t\t\t<div class=\"elementor-widget-wrap elementor-element-populated\">\n\t\t\t\t\t\t<div class=\"elementor-element elementor-element-5f0d436 elementor-widget elementor-widget-seafarer_core_section_title\" data-id=\"5f0d436\" data-element_type=\"widget\" data-widget_type=\"seafarer_core_section_title.default\">\n\t\t\t\t<div class=\"elementor-widget-container\">\n\t\t\t\t\t<div class=\"qodef-shortcode qodef-m  qodef-section-title qodef-alignment--left \">\n\t\t<div class=\"qodef-m-content\">\n\t\t\n\t\t\t\t\t<h3 class=\"qodef-m-title\" >\n\t\t\t\t\tSegelbootverleih auf Mallorca\t\t\t<\/h3>\n\t\t\t<p class=\"qodef-m-text\" >Die K\u00fcste Mallorcas an Bord eines Segelboots zu erkunden, ist ein unvergessliches Erlebnis. Mieten Sie ein Segelboot auf Mallorca und erleben Sie die wahre Essenz des Segelns. Mit unseren Charter-Segelbooten segeln Sie mit dem Wind und genie\u00dfen eine ruhige und umweltfreundliche Fahrt. Mit oder ohne Skipper erleben Sie das Abenteuer, versteckte Buchten und mediterrane Sonnenunterg\u00e4nge vom Deck Ihres Segelboots aus zu entdecken.<\/p>\n\t<\/div>\n<\/div>\n\t\t\t\t<\/div>\n\t\t\t\t<\/div>\n\t\t\t\t<div class=\"elementor-element elementor-element-f5bfba7 elementor-widget elementor-widget-button\" data-id=\"f5bfba7\" data-element_type=\"widget\" data-widget_type=\"button.default\">\n\t\t\t\t<div class=\"elementor-widget-container\">\n\t\t\t\t\t\t\t\t\t<div class=\"elementor-button-wrapper\">\n\t\t\t\t\t<a class=\"elementor-button elementor-button-link elementor-size-sm\" href=\"\/tipo-de-barco\/veleros\/\">\n\t\t\t\t\t\t<span class=\"elementor-button-content-wrapper\">\n\t\t\t\t\t\t\t\t\t<span class=\"elementor-button-text\">Segelbootverleih auf Mallorca<\/span>\n\t\t\t\t\t<\/span>\n\t\t\t\t\t<\/a>\n\t\t\t\t<\/div>\n\t\t\t\t\t\t\t\t<\/div>\n\t\t\t\t<\/div>\n\t\t\t\t\t<\/div>\n\t\t<\/div>\n\t\t\t\t<div class=\"elementor-column elementor-col-25 elementor-top-column elementor-element elementor-element-011c38e\" data-id=\"011c38e\" data-element_type=\"column\" data-settings=\"{&quot;background_background&quot;:&quot;classic&quot;}\">\n\t\t\t<div class=\"elementor-widget-wrap elementor-element-populated\">\n\t\t\t\t\t\t<div class=\"elementor-element elementor-element-e86b0f6 elementor-widget-divider--view-line elementor-widget elementor-widget-divider\" data-id=\"e86b0f6\" data-element_type=\"widget\" data-widget_type=\"divider.default\">\n\t\t\t\t<div class=\"elementor-widget-container\">\n\t\t\t\t\t\t\t<div class=\"elementor-divider\">\n\t\t\t<span class=\"elementor-divider-separator\">\n\t\t\t\t\t\t<\/span>\n\t\t<\/div>\n\t\t\t\t\t\t<\/div>\n\t\t\t\t<\/div>\n\t\t\t\t\t<\/div>\n\t\t<\/div>\n\t\t\t\t<div class=\"elementor-column elementor-col-25 elementor-top-column elementor-element elementor-element-9e44a71\" data-id=\"9e44a71\" data-element_type=\"column\" data-settings=\"{&quot;background_background&quot;:&quot;classic&quot;}\">\n\t\t\t<div class=\"elementor-widget-wrap elementor-element-populated\">\n\t\t\t\t\t\t<div class=\"elementor-element elementor-element-bd656bf elementor-widget elementor-widget-seafarer_core_section_title\" data-id=\"bd656bf\" data-element_type=\"widget\" data-widget_type=\"seafarer_core_section_title.default\">\n\t\t\t\t<div class=\"elementor-widget-container\">\n\t\t\t\t\t<div class=\"qodef-shortcode qodef-m  qodef-section-title qodef-alignment--left \">\n\t\t<div class=\"qodef-m-content\">\n\t\t\n\t\t\t\t\t<h3 class=\"qodef-m-title\" >\n\t\t\t\t\tMotorboot mieten auf Mallorca\t\t\t<\/h3>\n\t\t\t<p class=\"qodef-m-text\" >Sie bevorzugen Spannung und Geschwindigkeit? Unsere Motorboote und Motorboote zur Miete auf Mallorca sind perfekt, um lange Strecken in kurzer Zeit zur\u00fcckzulegen und unzug\u00e4ngliche Winkel schnell zu erreichen. Ob Sie Wassersport betreiben oder mehrere Buchten an einem Tag erkunden m\u00f6chten, ein Motorboot gibt Ihnen die Freiheit, Ihre Route selbst zu gestalten. Wir bieten lizenzierte und nicht lizenzierte Optionen an, stets mit h\u00f6chster Sicherheit und Komfort an Bord.<\/p>\n\t<\/div>\n<\/div>\n\t\t\t\t<\/div>\n\t\t\t\t<\/div>\n\t\t\t\t<div class=\"elementor-element elementor-element-c30e230 elementor-widget elementor-widget-button\" data-id=\"c30e230\" data-element_type=\"widget\" data-widget_type=\"button.default\">\n\t\t\t\t<div class=\"elementor-widget-container\">\n\t\t\t\t\t\t\t\t\t<div class=\"elementor-button-wrapper\">\n\t\t\t\t\t<a class=\"elementor-button elementor-button-link elementor-size-sm\" href=\"\/tipo-de-barco\/barcos-a-motor\/\">\n\t\t\t\t\t\t<span class=\"elementor-button-content-wrapper\">\n\t\t\t\t\t\t\t\t\t<span class=\"elementor-button-text\">Motorboot mieten auf Mallorca<\/span>\n\t\t\t\t\t<\/span>\n\t\t\t\t\t<\/a>\n\t\t\t\t<\/div>\n\t\t\t\t\t\t\t\t<\/div>\n\t\t\t\t<\/div>\n\t\t\t\t\t<\/div>\n\t\t<\/div>\n\t\t\t\t<div class=\"elementor-column elementor-col-25 elementor-top-column elementor-element elementor-element-8fae8a1\" data-id=\"8fae8a1\" data-element_type=\"column\" data-settings=\"{&quot;background_background&quot;:&quot;classic&quot;}\">\n\t\t\t<div class=\"elementor-widget-wrap elementor-element-populated\">\n\t\t\t\t\t\t<div class=\"elementor-element elementor-element-d6aa6c1 elementor-widget-divider--view-line elementor-widget elementor-widget-divider\" data-id=\"d6aa6c1\" data-element_type=\"widget\" data-widget_type=\"divider.default\">\n\t\t\t\t<div class=\"elementor-widget-container\">\n\t\t\t\t\t\t\t<div class=\"elementor-divider\">\n\t\t\t<span class=\"elementor-divider-separator\">\n\t\t\t\t\t\t<\/span>\n\t\t<\/div>\n\t\t\t\t\t\t<\/div>\n\t\t\t\t<\/div>\n\t\t\t\t\t<\/div>\n\t\t<\/div>\n\t\t\t\t\t<\/div>\n\t\t<\/section>\n\t\t\t\t<section class=\"elementor-section elementor-top-section elementor-element elementor-element-921c8be elementor-section-full_width qodef-elementor-content-grid elementor-section-height-default elementor-section-height-default\" data-id=\"921c8be\" data-element_type=\"section\">\n\t\t\t\t\t\t<div class=\"elementor-container elementor-column-gap-default\">\n\t\t\t\t\t<div class=\"elementor-column elementor-col-100 elementor-top-column elementor-element elementor-element-1dd6603\" data-id=\"1dd6603\" data-element_type=\"column\">\n\t\t\t<div class=\"elementor-widget-wrap elementor-element-populated\">\n\t\t\t\t\t\t<div class=\"elementor-element elementor-element-57578b2 elementor-widget elementor-widget-seafarer_core_section_title\" data-id=\"57578b2\" data-element_type=\"widget\" data-widget_type=\"seafarer_core_section_title.default\">\n\t\t\t\t<div class=\"elementor-widget-container\">\n\t\t\t\t\t<div class=\"qodef-shortcode qodef-m  qodef-section-title qodef-alignment--center \">\n\t\t<div class=\"qodef-m-content\">\n\t\t\n\t\t\t\t\t<h2 class=\"qodef-m-title\" >\n\t\t\t\t\tUnsere Bootsflotte zur Miete auf Mallorca\t\t\t<\/h2>\n\t\t\t<p class=\"qodef-m-text\" >Mallorca Global Charter verf\u00fcgt \u00fcber eine gro\u00dfe Flotte hochwertiger Boote f\u00fcr Ihre Bed\u00fcrfnisse. Alle unsere Boote sind in optimalem Zustand und f\u00fcr Ihren Komfort und Ihre Sicherheit ausgestattet. Entdecken Sie unsere exklusive Auswahl an Segelbooten, Katamaranen, Luxusyachten und Motorbooten. Unser Expertenteam ber\u00e4t Sie gerne bei der Suche nach dem perfekten Boot und sorgt f\u00fcr ein unvergessliches Segelerlebnis auf Mallorca.<\/p>\n\t<\/div>\n<\/div>\n\t\t\t\t<\/div>\n\t\t\t\t<\/div>\n\t\t\t\t\t<\/div>\n\t\t<\/div>\n\t\t\t\t\t<\/div>\n\t\t<\/section>\n\t\t\t\t<\/div>\n\t\t","protected":false},"excerpt":{"rendered":"<p>Boot mieten auf Mallorca Entdecken Sie Mallorca aus einer einzigartigen Perspektive: vom Meer aus. Bei Mallorca Global Charter bieten wir Ihnen ein unvergessliches Bootserlebnis mit erstklassigen Bootsvermietungen. W\u00e4hlen Sie zwischen Segelbooten, Katamaranen, Luxusyachten oder Motorbooten und navigieren Sie mit v\u00f6lliger Freiheit und Komfort durch das kristallklare Wasser der Insel. Charter auf Mallorca Mit unserem Charterservice [&hellip;]<\/p>\n","protected":false},"author":1,"featured_media":0,"parent":0,"menu_order":0,"comment_status":"closed","ping_status":"closed","template":"","meta":{"_acf_changed":false,"footnotes":""},"class_list":["post-11863","page","type-page","status-publish","hentry"],"acf":[],"yoast_head":"<!-- This site is optimized with the Yoast SEO plugin v25.3 - https:\/\/yoast.com\/wordpress\/plugins\/seo\/ -->\n<title>Bootsverleih auf Mallorca | Mallorca Global Charter<\/title>\n<meta name=\"description\" content=\"Genie\u00dfen Sie Mallorca vom Meer aus mit unserem Bootsverleih und Charterservice. Segelboote, Katamarane, Luxusyachten und Motorboote f\u00fcr ein erstklassiges Erlebnis.\" \/>\n<meta name=\"robots\" content=\"index, follow, max-snippet:-1, max-image-preview:large, max-video-preview:-1\" \/>\n<link rel=\"canonical\" href=\"https:\/\/mallorcaglobalcharter.com\/de\/bootsverleih\/\" \/>\n<meta property=\"og:locale\" content=\"de_DE\" \/>\n<meta property=\"og:type\" content=\"article\" \/>\n<meta property=\"og:title\" content=\"Bootsverleih auf Mallorca | Mallorca Global Charter\" \/>\n<meta property=\"og:description\" content=\"Genie\u00dfen Sie Mallorca vom Meer aus mit unserem Bootsverleih und Charterservice. Segelboote, Katamarane, Luxusyachten und Motorboote f\u00fcr ein erstklassiges Erlebnis.\" \/>\n<meta property=\"og:url\" content=\"https:\/\/mallorcaglobalcharter.com\/de\/bootsverleih\/\" \/>\n<meta property=\"og:site_name\" content=\"Mallorca Global Charter\" \/>\n<meta property=\"article:modified_time\" content=\"2025-06-19T07:12:46+00:00\" \/>\n<meta name=\"twitter:card\" content=\"summary_large_image\" \/>\n<meta name=\"twitter:label1\" content=\"Gesch\u00e4tzte Lesezeit\" \/>\n\t<meta name=\"twitter:data1\" content=\"3\u00a0Minuten\" \/>\n<!-- \/ Yoast SEO plugin. -->","yoast_head_json":{"title":"Bootsverleih auf Mallorca | Mallorca Global Charter","description":"Genie\u00dfen Sie Mallorca vom Meer aus mit unserem Bootsverleih und Charterservice. Segelboote, Katamarane, Luxusyachten und Motorboote f\u00fcr ein erstklassiges Erlebnis.","robots":{"index":"index","follow":"follow","max-snippet":"max-snippet:-1","max-image-preview":"max-image-preview:large","max-video-preview":"max-video-preview:-1"},"canonical":"https:\/\/mallorcaglobalcharter.com\/de\/bootsverleih\/","og_locale":"de_DE","og_type":"article","og_title":"Bootsverleih auf Mallorca | Mallorca Global Charter","og_description":"Genie\u00dfen Sie Mallorca vom Meer aus mit unserem Bootsverleih und Charterservice. Segelboote, Katamarane, Luxusyachten und Motorboote f\u00fcr ein erstklassiges Erlebnis.","og_url":"https:\/\/mallorcaglobalcharter.com\/de\/bootsverleih\/","og_site_name":"Mallorca Global Charter","article_modified_time":"2025-06-19T07:12:46+00:00","twitter_card":"summary_large_image","twitter_misc":{"Gesch\u00e4tzte Lesezeit":"3\u00a0Minuten"},"schema":{"@context":"https:\/\/schema.org","@graph":[{"@type":"WebPage","@id":"https:\/\/mallorcaglobalcharter.com\/de\/bootsverleih\/","url":"https:\/\/mallorcaglobalcharter.com\/de\/bootsverleih\/","name":"Bootsverleih auf Mallorca | Mallorca Global Charter","isPartOf":{"@id":"https:\/\/mallorcaglobalcharter.com\/de\/#website"},"datePublished":"2021-07-29T05:24:34+00:00","dateModified":"2025-06-19T07:12:46+00:00","description":"Genie\u00dfen Sie Mallorca vom Meer aus mit unserem Bootsverleih und Charterservice. Segelboote, Katamarane, Luxusyachten und Motorboote f\u00fcr ein erstklassiges Erlebnis.","breadcrumb":{"@id":"https:\/\/mallorcaglobalcharter.com\/de\/bootsverleih\/#breadcrumb"},"inLanguage":"de","potentialAction":[{"@type":"ReadAction","target":["https:\/\/mallorcaglobalcharter.com\/de\/bootsverleih\/"]}]},{"@type":"BreadcrumbList","@id":"https:\/\/mallorcaglobalcharter.com\/de\/bootsverleih\/#breadcrumb","itemListElement":[{"@type":"ListItem","position":1,"name":"Portada","item":"https:\/\/mallorcaglobalcharter.com\/de\/"},{"@type":"ListItem","position":2,"name":"Bootsverleih"}]},{"@type":"WebSite","@id":"https:\/\/mallorcaglobalcharter.com\/de\/#website","url":"https:\/\/mallorcaglobalcharter.com\/de\/","name":"Mallorca Global Charter","description":"","potentialAction":[{"@type":"SearchAction","target":{"@type":"EntryPoint","urlTemplate":"https:\/\/mallorcaglobalcharter.com\/de\/?s={search_term_string}"},"query-input":{"@type":"PropertyValueSpecification","valueRequired":true,"valueName":"search_term_string"}}],"inLanguage":"de"}]}},"_links":{"self":[{"href":"https:\/\/mallorcaglobalcharter.com\/de\/wp-json\/wp\/v2\/pages\/11863","targetHints":{"allow":["GET"]}}],"collection":[{"href":"https:\/\/mallorcaglobalcharter.com\/de\/wp-json\/wp\/v2\/pages"}],"about":[{"href":"https:\/\/mallorcaglobalcharter.com\/de\/wp-json\/wp\/v2\/types\/page"}],"author":[{"embeddable":true,"href":"https:\/\/mallorcaglobalcharter.com\/de\/wp-json\/wp\/v2\/users\/1"}],"replies":[{"embeddable":true,"href":"https:\/\/mallorcaglobalcharter.com\/de\/wp-json\/wp\/v2\/comments?post=11863"}],"version-history":[{"count":9,"href":"https:\/\/mallorcaglobalcharter.com\/de\/wp-json\/wp\/v2\/pages\/11863\/revisions"}],"predecessor-version":[{"id":11934,"href":"https:\/\/mallorcaglobalcharter.com\/de\/wp-json\/wp\/v2\/pages\/11863\/revisions\/11934"}],"wp:attachment":[{"href":"https:\/\/mallorcaglobalcharter.com\/de\/wp-json\/wp\/v2\/media?parent=11863"}],"curies":[{"name":"wp","href":"https:\/\/api.w.org\/{rel}","templated":true}]}}