{"id":6470,"date":"2021-07-30T09:22:45","date_gmt":"2021-07-30T07:22:45","guid":{"rendered":"https:\/\/mallorcaglobalcharter.com\/blog\/"},"modified":"2025-06-17T10:27:24","modified_gmt":"2025-06-17T08:27:24","slug":"blog","status":"publish","type":"page","link":"https:\/\/mallorcaglobalcharter.com\/de\/blog\/","title":{"rendered":"Blog"},"content":{"rendered":"\t\t<div data-elementor-type=\"wp-page\" data-elementor-id=\"6470\" class=\"elementor elementor-6470 elementor-1857\" data-elementor-post-type=\"page\">\n\t\t\t\t<div class=\"elementor-element elementor-element-239d6a5 elementor-hidden-desktop elementor-hidden-tablet elementor-hidden-mobile e-flex e-con-boxed e-con e-parent\" data-id=\"239d6a5\" data-element_type=\"container\">\n\t\t\t\t\t<div class=\"e-con-inner\">\n\t\t\t\t<div class=\"elementor-element elementor-element-122a5c8 elementor-widget elementor-widget-heading\" data-id=\"122a5c8\" data-element_type=\"widget\" data-widget_type=\"heading.default\">\n\t\t\t\t<div class=\"elementor-widget-container\">\n\t\t\t\t\t<h1 class=\"elementor-heading-title elementor-size-default\">Noticias<\/h1>\t\t\t\t<\/div>\n\t\t\t\t<\/div>\n\t\t\t\t\t<\/div>\n\t\t\t\t<\/div>\n\t\t\t\t<section class=\"elementor-section elementor-top-section elementor-element elementor-element-30c5377 elementor-section-boxed elementor-section-height-default elementor-section-height-default qodef-elementor-content-no\" data-id=\"30c5377\" data-element_type=\"section\">\n\t\t\t\t\t\t<div class=\"elementor-container elementor-column-gap-default\">\n\t\t\t\t\t<div class=\"elementor-column elementor-col-100 elementor-top-column elementor-element elementor-element-6e7f49c\" data-id=\"6e7f49c\" data-element_type=\"column\">\n\t\t\t<div class=\"elementor-widget-wrap elementor-element-populated\">\n\t\t\t\t\t\t<div class=\"elementor-element elementor-element-841181b elementor-widget elementor-widget-seafarer_core_blog_list\" data-id=\"841181b\" data-element_type=\"widget\" data-widget_type=\"seafarer_core_blog_list.default\">\n\t\t\t\t<div class=\"elementor-widget-container\">\n\t\t\t\t\t<div class=\"qodef-shortcode qodef-m  qodef-blog qodef--list qodef-item-layout--standard qodef-grid qodef-layout--columns  qodef-gutter--normal qodef-col-num--1 qodef-item-layout--standard qodef-pagination--on qodef-pagination-type--standard qodef-responsive--predefined\" data-options=\"{&quot;plugin&quot;:&quot;seafarer_core&quot;,&quot;module&quot;:&quot;blog\\\/shortcodes&quot;,&quot;shortcode&quot;:&quot;blog-list&quot;,&quot;post_type&quot;:&quot;post&quot;,&quot;next_page&quot;:&quot;2&quot;,&quot;max_pages_num&quot;:1,&quot;behavior&quot;:&quot;columns&quot;,&quot;images_proportion&quot;:&quot;full&quot;,&quot;columns&quot;:&quot;1&quot;,&quot;columns_responsive&quot;:&quot;predefined&quot;,&quot;space&quot;:&quot;normal&quot;,&quot;posts_per_page&quot;:&quot;5&quot;,&quot;orderby&quot;:&quot;date&quot;,&quot;order&quot;:&quot;ASC&quot;,&quot;additional_params&quot;:&quot;tax&quot;,&quot;tax&quot;:&quot;category&quot;,&quot;tax_slug&quot;:&quot;yachting&quot;,&quot;layout&quot;:&quot;standard&quot;,&quot;title_tag&quot;:&quot;h2&quot;,&quot;excerpt_length&quot;:&quot;550&quot;,&quot;pagination_type&quot;:&quot;standard&quot;,&quot;object_class_name&quot;:&quot;SeafarerCore_Blog_List_Shortcode&quot;,&quot;taxonomy_filter&quot;:&quot;category&quot;,&quot;additional_query_args&quot;:{&quot;tax_query&quot;:[{&quot;taxonomy&quot;:&quot;category&quot;,&quot;field&quot;:&quot;slug&quot;,&quot;terms&quot;:&quot;yachting&quot;}]},&quot;space_value&quot;:15}\">\n\t\t<div class=\"qodef-grid-inner clear\">\n\t\t<article class=\"qodef-e qodef-blog-item qodef-grid-item qodef-item--full post-8876 post type-post status-publish format-standard has-post-thumbnail hentry category-yachting-de tag-luxurios tag-nautisch tag-unternehmen tag-yachting-de\">\n\t<div class=\"qodef-e-inner\">\n\t\t<div class=\"qodef-e-media\">\n\t\t<div class=\"qodef-e-media-image\">\n\t\t<span class=\"qodef-m-border--top-left\"><\/span>\n\t\t<span class=\"qodef-m-border--bottom-right\"><\/span>\n\t\t<a itemprop=\"url\" href=\"https:\/\/mallorcaglobalcharter.com\/de\/erkundung-der-mallorquinischen-kuesten-die-vorteile-des-charterns-eines-bootes-fuer-ihren-urlaub\/\">\n\t\t\t<img fetchpriority=\"high\" decoding=\"async\" width=\"1300\" height=\"757\" src=\"https:\/\/mallorcaglobalcharter.com\/wp-content\/uploads\/2021\/07\/Blog-img-1.jpg\" class=\"attachment-full size-full wp-post-image\" alt=\"Blog-img-1 - Mallorca Global Charter\" srcset=\"https:\/\/mallorcaglobalcharter.com\/wp-content\/uploads\/2021\/07\/Blog-img-1.jpg 1300w, https:\/\/mallorcaglobalcharter.com\/wp-content\/uploads\/2021\/07\/Blog-img-1-300x175.jpg 300w, https:\/\/mallorcaglobalcharter.com\/wp-content\/uploads\/2021\/07\/Blog-img-1-1024x596.jpg 1024w, https:\/\/mallorcaglobalcharter.com\/wp-content\/uploads\/2021\/07\/Blog-img-1-768x447.jpg 768w, https:\/\/mallorcaglobalcharter.com\/wp-content\/uploads\/2021\/07\/Blog-img-1-600x349.jpg 600w\" sizes=\"(max-width: 1300px) 100vw, 1300px\" \/>\t\t<\/a>\n\t<\/div>\n<\/div>\n\t\t<div class=\"qodef-e-content\">\n\t\t\t<div class=\"qodef-e-top-holder\">\n\t\t\t\t<div class=\"qodef-e-info\">\n\t\t\t\t\t<a itemprop=\"dateCreated\" href=\"https:\/\/mallorcaglobalcharter.com\/de\/2021\/07\/\" class=\"entry-date \">\n\t21 de Juli de 2021<\/a><div class=\"qodef-info-separator-end\"><\/div><a href=\"https:\/\/mallorcaglobalcharter.com\/de\/category\/yachting-de\/\" rel=\"tag\">Yachting<\/a><div class=\"qodef-info-separator-end\"><\/div>\t\t\t\t<\/div>\n\t\t\t<\/div>\n\t\t\t<div class=\"qodef-e-text\">\n\t\t\t\t<h2 itemprop=\"name\" class=\"qodef-e-title entry-title\" >\n\t<a itemprop=\"url\" class=\"qodef-e-title-link\" href=\"https:\/\/mallorcaglobalcharter.com\/de\/erkundung-der-mallorquinischen-kuesten-die-vorteile-des-charterns-eines-bootes-fuer-ihren-urlaub\/\">\n\t\tErkundung der mallorquinischen K\u00fcsten: Die Vorteile des Charterns eines Bootes f\u00fcr Ihren Urlaub\t<\/a>\n<\/h2>\n\t\t<p itemprop=\"description\" class=\"qodef-e-excerpt\">Mallorca, das Juwel des Mittelmeers, bietet ein einzigartiges Erlebnis f\u00fcr Liebhaber von Meer und Abenteuer. Gibt es eine bessere M\u00f6glichkeit, die atemberaubende K\u00fcste zu erkunden, als ein Boot f\u00fcr Ihren Urlaub zu chartern? Hier sind einige der Vorteile, die eine Bootsvermietung zur perfekten Wahl machen, um das Beste aus Ihren Tagen auf diesem Inselparadies zu machen. <\/p>\n\t\t\t\t<\/div>\n\t\t\t<div class=\"qodef-e-bottom-holder\">\n\t\t\t\t<div class=\"qodef-e-left\">\n\t\t\t\t\t\t<div class=\"qodef-e-read-more\">\n\t\t<a class=\"qodef-shortcode qodef-m  qodef-button qodef-layout--textual  qodef-html--link\" href=\"https:\/\/mallorcaglobalcharter.com\/de\/erkundung-der-mallorquinischen-kuesten-die-vorteile-des-charterns-eines-bootes-fuer-ihren-urlaub\/\" target=\"_self\"  >\t<span class=\"qodef-m-text\">Read More<\/span>            <span class=\"qodef-m-icon\"> <span class=\"qodef-icon-linear-icons lnr-arrow-right lnr\" ><\/span> <\/span>        <\/a>\t<\/div>\n\t\t\t\t<\/div>\n\t\t\t<\/div>\n\t\t<\/div>\n\t<\/div>\n<\/article>\n<article class=\"qodef-e qodef-blog-item qodef-grid-item qodef-item--full post-8869 post type-post status-publish format-standard has-post-thumbnail hentry category-yachting-de tag-luxurios tag-nautisch tag-unternehmen tag-yachting-de\">\n\t<div class=\"qodef-e-inner\">\n\t\t<div class=\"qodef-e-media\">\n\t\t<div class=\"qodef-e-media-image\">\n\t\t<span class=\"qodef-m-border--top-left\"><\/span>\n\t\t<span class=\"qodef-m-border--bottom-right\"><\/span>\n\t\t<a itemprop=\"url\" href=\"https:\/\/mallorcaglobalcharter.com\/de\/massgeschneiderte-abenteuer-mallorca-mit-einem-charterboot-entdecken\/\">\n\t\t\t<img decoding=\"async\" width=\"1300\" height=\"757\" src=\"https:\/\/mallorcaglobalcharter.com\/wp-content\/uploads\/2021\/07\/Blog-img-4.jpg\" class=\"attachment-full size-full wp-post-image\" alt=\"Blog-img-4 - Mallorca Global Charter\" srcset=\"https:\/\/mallorcaglobalcharter.com\/wp-content\/uploads\/2021\/07\/Blog-img-4.jpg 1300w, https:\/\/mallorcaglobalcharter.com\/wp-content\/uploads\/2021\/07\/Blog-img-4-300x175.jpg 300w, https:\/\/mallorcaglobalcharter.com\/wp-content\/uploads\/2021\/07\/Blog-img-4-1024x596.jpg 1024w, https:\/\/mallorcaglobalcharter.com\/wp-content\/uploads\/2021\/07\/Blog-img-4-768x447.jpg 768w, https:\/\/mallorcaglobalcharter.com\/wp-content\/uploads\/2021\/07\/Blog-img-4-600x349.jpg 600w\" sizes=\"(max-width: 1300px) 100vw, 1300px\" \/>\t\t<\/a>\n\t<\/div>\n<\/div>\n\t\t<div class=\"qodef-e-content\">\n\t\t\t<div class=\"qodef-e-top-holder\">\n\t\t\t\t<div class=\"qodef-e-info\">\n\t\t\t\t\t<a itemprop=\"dateCreated\" href=\"https:\/\/mallorcaglobalcharter.com\/de\/2021\/07\/\" class=\"entry-date \">\n\t21 de Juli de 2021<\/a><div class=\"qodef-info-separator-end\"><\/div><a href=\"https:\/\/mallorcaglobalcharter.com\/de\/category\/yachting-de\/\" rel=\"tag\">Yachting<\/a><div class=\"qodef-info-separator-end\"><\/div>\t\t\t\t<\/div>\n\t\t\t<\/div>\n\t\t\t<div class=\"qodef-e-text\">\n\t\t\t\t<h2 itemprop=\"name\" class=\"qodef-e-title entry-title\" >\n\t<a itemprop=\"url\" class=\"qodef-e-title-link\" href=\"https:\/\/mallorcaglobalcharter.com\/de\/massgeschneiderte-abenteuer-mallorca-mit-einem-charterboot-entdecken\/\">\n\t\tMa\u00dfgeschneiderte Abenteuer: Mallorca mit einem Charterboot entdecken\t<\/a>\n<\/h2>\n\t\t<p itemprop=\"description\" class=\"qodef-e-excerpt\">Mallorca ist mit seiner Mischung aus historischem Charme und nat\u00fcrlicher Sch\u00f6nheit ein ideales Reiseziel f\u00fcr individuelle Erlebnisse. Entdecken Sie, wie Sie mit einem gecharterten Boot Ihre eigenen Erfahrungen machen und jeden Moment Ihres Urlaubs auf der Baleareninsel optimal nutzen k\u00f6nnen. <\/p>\n\t\t\t\t<\/div>\n\t\t\t<div class=\"qodef-e-bottom-holder\">\n\t\t\t\t<div class=\"qodef-e-left\">\n\t\t\t\t\t\t<div class=\"qodef-e-read-more\">\n\t\t<a class=\"qodef-shortcode qodef-m  qodef-button qodef-layout--textual  qodef-html--link\" href=\"https:\/\/mallorcaglobalcharter.com\/de\/massgeschneiderte-abenteuer-mallorca-mit-einem-charterboot-entdecken\/\" target=\"_self\"  >\t<span class=\"qodef-m-text\">Read More<\/span>            <span class=\"qodef-m-icon\"> <span class=\"qodef-icon-linear-icons lnr-arrow-right lnr\" ><\/span> <\/span>        <\/a>\t<\/div>\n\t\t\t\t<\/div>\n\t\t\t<\/div>\n\t\t<\/div>\n\t<\/div>\n<\/article>\n<article class=\"qodef-e qodef-blog-item qodef-grid-item qodef-item--full post-8371 post type-post status-publish format-standard has-post-thumbnail hentry category-grand-marina-de category-yachting-de tag-luxurios tag-nautisch tag-unternehmen tag-yachting-de\">\n\t<div class=\"qodef-e-inner\">\n\t\t<div class=\"qodef-e-media\">\n\t\t<div class=\"qodef-e-media-image\">\n\t\t<span class=\"qodef-m-border--top-left\"><\/span>\n\t\t<span class=\"qodef-m-border--bottom-right\"><\/span>\n\t\t<a itemprop=\"url\" href=\"https:\/\/mallorcaglobalcharter.com\/de\/segeln-zum-entspannen-gruende-ein-boot-auf-mallorca-zu-chartern\/\">\n\t\t\t<img decoding=\"async\" width=\"1300\" height=\"757\" src=\"https:\/\/mallorcaglobalcharter.com\/wp-content\/uploads\/2021\/07\/Blog-img-6.jpg\" class=\"attachment-full size-full wp-post-image\" alt=\"Blog-img-6 - Mallorca Global Charter\" srcset=\"https:\/\/mallorcaglobalcharter.com\/wp-content\/uploads\/2021\/07\/Blog-img-6.jpg 1300w, https:\/\/mallorcaglobalcharter.com\/wp-content\/uploads\/2021\/07\/Blog-img-6-300x175.jpg 300w, https:\/\/mallorcaglobalcharter.com\/wp-content\/uploads\/2021\/07\/Blog-img-6-1024x596.jpg 1024w, https:\/\/mallorcaglobalcharter.com\/wp-content\/uploads\/2021\/07\/Blog-img-6-768x447.jpg 768w, https:\/\/mallorcaglobalcharter.com\/wp-content\/uploads\/2021\/07\/Blog-img-6-600x349.jpg 600w\" sizes=\"(max-width: 1300px) 100vw, 1300px\" \/>\t\t<\/a>\n\t<\/div>\n<\/div>\n\t\t<div class=\"qodef-e-content\">\n\t\t\t<div class=\"qodef-e-top-holder\">\n\t\t\t\t<div class=\"qodef-e-info\">\n\t\t\t\t\t<a itemprop=\"dateCreated\" href=\"https:\/\/mallorcaglobalcharter.com\/de\/2021\/07\/\" class=\"entry-date \">\n\t30 de Juli de 2021<\/a><div class=\"qodef-info-separator-end\"><\/div><a href=\"https:\/\/mallorcaglobalcharter.com\/de\/category\/grand-marina-de\/\" rel=\"tag\">Grand Marina<\/a><span class=\"qodef-info-separator-single\"><\/span><a href=\"https:\/\/mallorcaglobalcharter.com\/de\/category\/yachting-de\/\" rel=\"tag\">Yachting<\/a><div class=\"qodef-info-separator-end\"><\/div>\t\t\t\t<\/div>\n\t\t\t<\/div>\n\t\t\t<div class=\"qodef-e-text\">\n\t\t\t\t<h2 itemprop=\"name\" class=\"qodef-e-title entry-title\" >\n\t<a itemprop=\"url\" class=\"qodef-e-title-link\" href=\"https:\/\/mallorcaglobalcharter.com\/de\/segeln-zum-entspannen-gruende-ein-boot-auf-mallorca-zu-chartern\/\">\n\t\tSegeln zum Entspannen: Gr\u00fcnde, ein Boot auf Mallorca zu chartern\t<\/a>\n<\/h2>\n\t\t<p itemprop=\"description\" class=\"qodef-e-excerpt\">Mallorca mit seinem t\u00fcrkisblauen Wasser und seiner atemberaubenden Landschaft ist das perfekte Reiseziel f\u00fcr alle, die einen erholsamen und einzigartigen Urlaub erleben m\u00f6chten. Entdecken Sie, wie Sie mit einem gecharterten Boot ein h\u00f6heres Ma\u00df an Entspannung und Wohlbefinden w\u00e4hrend Ihres Urlaubs auf der Baleareninsel erreichen k\u00f6nnen. <\/p>\n\t\t\t\t<\/div>\n\t\t\t<div class=\"qodef-e-bottom-holder\">\n\t\t\t\t<div class=\"qodef-e-left\">\n\t\t\t\t\t\t<div class=\"qodef-e-read-more\">\n\t\t<a class=\"qodef-shortcode qodef-m  qodef-button qodef-layout--textual  qodef-html--link\" href=\"https:\/\/mallorcaglobalcharter.com\/de\/segeln-zum-entspannen-gruende-ein-boot-auf-mallorca-zu-chartern\/\" target=\"_self\"  >\t<span class=\"qodef-m-text\">Read More<\/span>            <span class=\"qodef-m-icon\"> <span class=\"qodef-icon-linear-icons lnr-arrow-right lnr\" ><\/span> <\/span>        <\/a>\t<\/div>\n\t\t\t\t<\/div>\n\t\t\t<\/div>\n\t\t<\/div>\n\t<\/div>\n<\/article>\n\t<\/div>\n\t<\/div>\n\t\t\t\t<\/div>\n\t\t\t\t<\/div>\n\t\t\t\t\t<\/div>\n\t\t<\/div>\n\t\t\t\t\t<\/div>\n\t\t<\/section>\n\t\t\t\t<\/div>\n\t\t","protected":false},"excerpt":{"rendered":"<p>Noticias 21 de Juli de 2021Yachting Erkundung der mallorquinischen K\u00fcsten: Die Vorteile des Charterns eines Bootes f\u00fcr Ihren Urlaub Mallorca, das Juwel des Mittelmeers, bietet ein einzigartiges Erlebnis f\u00fcr Liebhaber von Meer und Abenteuer. Gibt es eine bessere M\u00f6glichkeit, die atemberaubende K\u00fcste zu erkunden, als ein Boot f\u00fcr Ihren Urlaub zu chartern? Hier sind einige [&hellip;]<\/p>\n","protected":false},"author":1,"featured_media":0,"parent":0,"menu_order":0,"comment_status":"closed","ping_status":"closed","template":"","meta":{"_acf_changed":false,"footnotes":""},"class_list":["post-6470","page","type-page","status-publish","hentry"],"acf":[],"yoast_head":"<!-- This site is optimized with the Yoast SEO plugin v25.3 - https:\/\/yoast.com\/wordpress\/plugins\/seo\/ -->\n<title>Servicios n\u00e1uticos-transfers-alquiler de villas-Palma de Mallorca<\/title>\n<meta name=\"description\" content=\"Servicios n\u00e1uticos transfers alquiler de villas, con mallorcaglobalcharter, tienes todas tus planificaciones cubiertas, cont\u00e1ctanos!\" \/>\n<meta name=\"robots\" content=\"index, follow, max-snippet:-1, max-image-preview:large, max-video-preview:-1\" \/>\n<link rel=\"canonical\" href=\"https:\/\/mallorcaglobalcharter.com\/de\/blog\/\" \/>\n<meta property=\"og:locale\" content=\"de_DE\" \/>\n<meta property=\"og:type\" content=\"article\" \/>\n<meta property=\"og:title\" content=\"Servicios n\u00e1uticos-transfers-alquiler de villas-Palma de Mallorca\" \/>\n<meta property=\"og:description\" content=\"Servicios n\u00e1uticos transfers alquiler de villas, con mallorcaglobalcharter, tienes todas tus planificaciones cubiertas, cont\u00e1ctanos!\" \/>\n<meta property=\"og:url\" content=\"https:\/\/mallorcaglobalcharter.com\/de\/blog\/\" \/>\n<meta property=\"og:site_name\" content=\"Mallorca Global Charter\" \/>\n<meta property=\"article:modified_time\" content=\"2025-06-17T08:27:24+00:00\" \/>\n<meta property=\"og:image\" content=\"https:\/\/mallorcaglobalcharter.com\/wp-content\/uploads\/2021\/07\/Blog-img-1.jpg\" \/>\n<meta name=\"twitter:card\" content=\"summary_large_image\" \/>\n<meta name=\"twitter:label1\" content=\"Gesch\u00e4tzte Lesezeit\" \/>\n\t<meta name=\"twitter:data1\" content=\"3\u00a0Minuten\" \/>\n<!-- \/ Yoast SEO plugin. -->","yoast_head_json":{"title":"Servicios n\u00e1uticos-transfers-alquiler de villas-Palma de Mallorca","description":"Servicios n\u00e1uticos transfers alquiler de villas, con mallorcaglobalcharter, tienes todas tus planificaciones cubiertas, cont\u00e1ctanos!","robots":{"index":"index","follow":"follow","max-snippet":"max-snippet:-1","max-image-preview":"max-image-preview:large","max-video-preview":"max-video-preview:-1"},"canonical":"https:\/\/mallorcaglobalcharter.com\/de\/blog\/","og_locale":"de_DE","og_type":"article","og_title":"Servicios n\u00e1uticos-transfers-alquiler de villas-Palma de Mallorca","og_description":"Servicios n\u00e1uticos transfers alquiler de villas, con mallorcaglobalcharter, tienes todas tus planificaciones cubiertas, cont\u00e1ctanos!","og_url":"https:\/\/mallorcaglobalcharter.com\/de\/blog\/","og_site_name":"Mallorca Global Charter","article_modified_time":"2025-06-17T08:27:24+00:00","og_image":[{"url":"https:\/\/mallorcaglobalcharter.com\/wp-content\/uploads\/2021\/07\/Blog-img-1.jpg","type":"","width":"","height":""}],"twitter_card":"summary_large_image","twitter_misc":{"Gesch\u00e4tzte Lesezeit":"3\u00a0Minuten"},"schema":{"@context":"https:\/\/schema.org","@graph":[{"@type":"WebPage","@id":"https:\/\/mallorcaglobalcharter.com\/de\/blog\/","url":"https:\/\/mallorcaglobalcharter.com\/de\/blog\/","name":"Servicios n\u00e1uticos-transfers-alquiler de villas-Palma de Mallorca","isPartOf":{"@id":"https:\/\/mallorcaglobalcharter.com\/de\/#website"},"primaryImageOfPage":{"@id":"https:\/\/mallorcaglobalcharter.com\/de\/blog\/#primaryimage"},"image":{"@id":"https:\/\/mallorcaglobalcharter.com\/de\/blog\/#primaryimage"},"thumbnailUrl":"https:\/\/mallorcaglobalcharter.com\/wp-content\/uploads\/2021\/07\/Blog-img-1.jpg","datePublished":"2021-07-30T07:22:45+00:00","dateModified":"2025-06-17T08:27:24+00:00","description":"Servicios n\u00e1uticos transfers alquiler de villas, con mallorcaglobalcharter, tienes todas tus planificaciones cubiertas, cont\u00e1ctanos!","breadcrumb":{"@id":"https:\/\/mallorcaglobalcharter.com\/de\/blog\/#breadcrumb"},"inLanguage":"de","potentialAction":[{"@type":"ReadAction","target":["https:\/\/mallorcaglobalcharter.com\/de\/blog\/"]}]},{"@type":"ImageObject","inLanguage":"de","@id":"https:\/\/mallorcaglobalcharter.com\/de\/blog\/#primaryimage","url":"https:\/\/mallorcaglobalcharter.com\/wp-content\/uploads\/2021\/07\/Blog-img-1.jpg","contentUrl":"https:\/\/mallorcaglobalcharter.com\/wp-content\/uploads\/2021\/07\/Blog-img-1.jpg"},{"@type":"BreadcrumbList","@id":"https:\/\/mallorcaglobalcharter.com\/de\/blog\/#breadcrumb","itemListElement":[{"@type":"ListItem","position":1,"name":"Portada","item":"https:\/\/mallorcaglobalcharter.com\/de\/"},{"@type":"ListItem","position":2,"name":"Blog"}]},{"@type":"WebSite","@id":"https:\/\/mallorcaglobalcharter.com\/de\/#website","url":"https:\/\/mallorcaglobalcharter.com\/de\/","name":"Mallorca Global Charter","description":"","potentialAction":[{"@type":"SearchAction","target":{"@type":"EntryPoint","urlTemplate":"https:\/\/mallorcaglobalcharter.com\/de\/?s={search_term_string}"},"query-input":{"@type":"PropertyValueSpecification","valueRequired":true,"valueName":"search_term_string"}}],"inLanguage":"de"}]}},"_links":{"self":[{"href":"https:\/\/mallorcaglobalcharter.com\/de\/wp-json\/wp\/v2\/pages\/6470","targetHints":{"allow":["GET"]}}],"collection":[{"href":"https:\/\/mallorcaglobalcharter.com\/de\/wp-json\/wp\/v2\/pages"}],"about":[{"href":"https:\/\/mallorcaglobalcharter.com\/de\/wp-json\/wp\/v2\/types\/page"}],"author":[{"embeddable":true,"href":"https:\/\/mallorcaglobalcharter.com\/de\/wp-json\/wp\/v2\/users\/1"}],"replies":[{"embeddable":true,"href":"https:\/\/mallorcaglobalcharter.com\/de\/wp-json\/wp\/v2\/comments?post=6470"}],"version-history":[{"count":2,"href":"https:\/\/mallorcaglobalcharter.com\/de\/wp-json\/wp\/v2\/pages\/6470\/revisions"}],"predecessor-version":[{"id":11873,"href":"https:\/\/mallorcaglobalcharter.com\/de\/wp-json\/wp\/v2\/pages\/6470\/revisions\/11873"}],"wp:attachment":[{"href":"https:\/\/mallorcaglobalcharter.com\/de\/wp-json\/wp\/v2\/media?parent=6470"}],"curies":[{"name":"wp","href":"https:\/\/api.w.org\/{rel}","templated":true}]}}