{"id":6472,"date":"2021-07-28T09:24:55","date_gmt":"2021-07-28T07:24:55","guid":{"rendered":"https:\/\/mallorcaglobalcharter.com\/contact-us\/"},"modified":"2025-05-06T17:41:44","modified_gmt":"2025-05-06T15:41:44","slug":"kontakt","status":"publish","type":"page","link":"https:\/\/mallorcaglobalcharter.com\/de\/kontakt\/","title":{"rendered":"Kontakt"},"content":{"rendered":"\t\t<div data-elementor-type=\"wp-page\" data-elementor-id=\"6472\" class=\"elementor elementor-6472 elementor-1414\" data-elementor-post-type=\"page\">\n\t\t\t\t\t\t<section class=\"elementor-section elementor-top-section elementor-element elementor-element-d18729c elementor-section-full_width qodef-elementor-content-grid elementor-section-height-default elementor-section-height-default\" data-id=\"d18729c\" data-element_type=\"section\">\n\t\t\t\t\t\t<div class=\"elementor-container elementor-column-gap-default\">\n\t\t\t\t\t<div class=\"elementor-column elementor-col-100 elementor-top-column elementor-element elementor-element-a382b05\" data-id=\"a382b05\" data-element_type=\"column\">\n\t\t\t<div class=\"elementor-widget-wrap elementor-element-populated\">\n\t\t\t\t\t\t<div class=\"elementor-element elementor-element-ee7311b elementor-widget elementor-widget-seafarer_core_section_title\" data-id=\"ee7311b\" data-element_type=\"widget\" data-widget_type=\"seafarer_core_section_title.default\">\n\t\t\t\t<div class=\"elementor-widget-container\">\n\t\t\t\t\t<div class=\"qodef-shortcode qodef-m  qodef-section-title qodef-alignment--center \">\n\t\t<div class=\"qodef-m-content\">\n\t\t\n\t\t    <h6 class=\"qodef-m-subtitle\" >\n    F\u00fchlen Sie sich frei uns zu kontaktieren    <\/h6>\n\t\t\t<h2 class=\"qodef-m-title\" >\n\t\t\t\t\tKontaktiere uns\t\t\t<\/h2>\n\t\t\t<\/div>\n<\/div>\n\t\t\t\t<\/div>\n\t\t\t\t<\/div>\n\t\t\t\t<div class=\"elementor-element elementor-element-1dc7c48 elementor-widget elementor-widget-text-editor\" data-id=\"1dc7c48\" data-element_type=\"widget\" data-widget_type=\"text-editor.default\">\n\t\t\t\t<div class=\"elementor-widget-container\">\n\t\t\t\t\t\t\t\t\tWillkommen in unserem Kontaktbereich bei MALLORCA GLOBAL CHARTER. Wir sind hier, um Ihnen den besten Service zu bieten und alle Ihre Fragen rund um die Bootsvermietung auf den BALEAREN zu beantworten. Nehmen Sie jederzeit gerne Kontakt zu uns auf; Wir sind hier, um Ihnen bei der Planung des perfekten Urlaubs am Meer zu helfen.\t\t\t\t\t\t\t\t<\/div>\n\t\t\t\t<\/div>\n\t\t\t\t\t<\/div>\n\t\t<\/div>\n\t\t\t\t\t<\/div>\n\t\t<\/section>\n\t\t\t\t<section class=\"elementor-section elementor-top-section elementor-element elementor-element-d062919 elementor-section-full_width qodef-elementor-content-grid elementor-section-height-default elementor-section-height-default\" data-id=\"d062919\" data-element_type=\"section\">\n\t\t\t\t\t\t<div class=\"elementor-container elementor-column-gap-default\">\n\t\t\t\t\t<div class=\"elementor-column elementor-col-50 elementor-top-column elementor-element elementor-element-d564271\" data-id=\"d564271\" data-element_type=\"column\">\n\t\t\t<div class=\"elementor-widget-wrap elementor-element-populated\">\n\t\t\t\t\t\t<div class=\"elementor-element elementor-element-912c277 elementor-view-default elementor-position-top elementor-mobile-position-top elementor-widget elementor-widget-icon-box\" data-id=\"912c277\" data-element_type=\"widget\" data-widget_type=\"icon-box.default\">\n\t\t\t\t<div class=\"elementor-widget-container\">\n\t\t\t\t\t\t\t<div class=\"elementor-icon-box-wrapper\">\n\n\t\t\t\t\t\t<div class=\"elementor-icon-box-icon\">\n\t\t\t\t<span  class=\"elementor-icon\">\n\t\t\t\t<svg aria-hidden=\"true\" class=\"e-font-icon-svg e-fas-phone-alt\" viewBox=\"0 0 512 512\" xmlns=\"http:\/\/www.w3.org\/2000\/svg\"><path d=\"M497.39 361.8l-112-48a24 24 0 0 0-28 6.9l-49.6 60.6A370.66 370.66 0 0 1 130.6 204.11l60.6-49.6a23.94 23.94 0 0 0 6.9-28l-48-112A24.16 24.16 0 0 0 122.6.61l-104 24A24 24 0 0 0 0 48c0 256.5 207.9 464 464 464a24 24 0 0 0 23.4-18.6l24-104a24.29 24.29 0 0 0-14.01-27.6z\"><\/path><\/svg>\t\t\t\t<\/span>\n\t\t\t<\/div>\n\t\t\t\n\t\t\t\t\t\t<div class=\"elementor-icon-box-content\">\n\n\t\t\t\t\t\t\t\t\t<h3 class=\"elementor-icon-box-title\">\n\t\t\t\t\t\t<span  >\n\t\t\t\t\t\t\tTelefonkontakte:\t\t\t\t\t\t<\/span>\n\t\t\t\t\t<\/h3>\n\t\t\t\t\n\t\t\t\t\t\t\t\t\t<p class=\"elementor-icon-box-description\">\n\t\t\t\t\t\t\n<p><a href=\"tel:+34 676 00 48 28\">+34 676 00 48 28<\/a><\/p>\n<p><a href=\"tel:+34 722 86 83 83\">+34 722 86 83 83<\/a><\/p>\t\t\t\t\t<\/p>\n\t\t\t\t\n\t\t\t<\/div>\n\t\t\t\n\t\t<\/div>\n\t\t\t\t\t\t<\/div>\n\t\t\t\t<\/div>\n\t\t\t\t\t<\/div>\n\t\t<\/div>\n\t\t\t\t<div class=\"elementor-column elementor-col-50 elementor-top-column elementor-element elementor-element-9b363ee\" data-id=\"9b363ee\" data-element_type=\"column\">\n\t\t\t<div class=\"elementor-widget-wrap elementor-element-populated\">\n\t\t\t\t\t\t<div class=\"elementor-element elementor-element-1c8c329 elementor-view-default elementor-position-top elementor-mobile-position-top elementor-widget elementor-widget-icon-box\" data-id=\"1c8c329\" data-element_type=\"widget\" data-widget_type=\"icon-box.default\">\n\t\t\t\t<div class=\"elementor-widget-container\">\n\t\t\t\t\t\t\t<div class=\"elementor-icon-box-wrapper\">\n\n\t\t\t\t\t\t<div class=\"elementor-icon-box-icon\">\n\t\t\t\t<span  class=\"elementor-icon\">\n\t\t\t\t<svg aria-hidden=\"true\" class=\"e-font-icon-svg e-far-envelope\" viewBox=\"0 0 512 512\" xmlns=\"http:\/\/www.w3.org\/2000\/svg\"><path d=\"M464 64H48C21.49 64 0 85.49 0 112v288c0 26.51 21.49 48 48 48h416c26.51 0 48-21.49 48-48V112c0-26.51-21.49-48-48-48zm0 48v40.805c-22.422 18.259-58.168 46.651-134.587 106.49-16.841 13.247-50.201 45.072-73.413 44.701-23.208.375-56.579-31.459-73.413-44.701C106.18 199.465 70.425 171.067 48 152.805V112h416zM48 400V214.398c22.914 18.251 55.409 43.862 104.938 82.646 21.857 17.205 60.134 55.186 103.062 54.955 42.717.231 80.509-37.199 103.053-54.947 49.528-38.783 82.032-64.401 104.947-82.653V400H48z\"><\/path><\/svg>\t\t\t\t<\/span>\n\t\t\t<\/div>\n\t\t\t\n\t\t\t\t\t\t<div class=\"elementor-icon-box-content\">\n\n\t\t\t\t\t\t\t\t\t<h3 class=\"elementor-icon-box-title\">\n\t\t\t\t\t\t<span  >\n\t\t\t\t\t\t\tEmail:\t\t\t\t\t\t<\/span>\n\t\t\t\t\t<\/h3>\n\t\t\t\t\n\t\t\t\t\t\t\t\t\t<p class=\"elementor-icon-box-description\">\n\t\t\t\t\t\t\n<p>\n<a href=\"mailto:info@mallorcaglobalcharter.com\">info@mallorcaglobalcharter.com<\/a><\/p>\t\t\t\t\t<\/p>\n\t\t\t\t\n\t\t\t<\/div>\n\t\t\t\n\t\t<\/div>\n\t\t\t\t\t\t<\/div>\n\t\t\t\t<\/div>\n\t\t\t\t\t<\/div>\n\t\t<\/div>\n\t\t\t\t\t<\/div>\n\t\t<\/section>\n\t\t\t\t<section class=\"elementor-section elementor-top-section elementor-element elementor-element-5e353b9 elementor-section-full_width qodef-elementor-content-grid elementor-section-height-default elementor-section-height-default\" data-id=\"5e353b9\" data-element_type=\"section\" id=\"contact\">\n\t\t\t\t\t\t<div class=\"elementor-container elementor-column-gap-default\">\n\t\t\t\t\t<div class=\"elementor-column elementor-col-100 elementor-top-column elementor-element elementor-element-e1df936\" data-id=\"e1df936\" data-element_type=\"column\">\n\t\t\t<div class=\"elementor-widget-wrap elementor-element-populated\">\n\t\t\t\t\t\t<div class=\"elementor-element elementor-element-6a0b371 elementor-widget elementor-widget-seafarer_core_section_title\" data-id=\"6a0b371\" data-element_type=\"widget\" data-widget_type=\"seafarer_core_section_title.default\">\n\t\t\t\t<div class=\"elementor-widget-container\">\n\t\t\t\t\t<div class=\"qodef-shortcode qodef-m  qodef-section-title qodef-alignment--center \">\n\t\t<div class=\"qodef-m-image\">\n\t\t<img decoding=\"async\" width=\"74\" height=\"108\" src=\"https:\/\/mallorcaglobalcharter.com\/wp-content\/uploads\/2021\/07\/Sidebar-img.png\" class=\"attachment-full size-full\" alt=\"a\" \/>\t<\/div>\n\t<div class=\"qodef-m-content\">\n\t\t\n\t\t\t\t\t<h2 class=\"qodef-m-title\" >\n\t\t\t\t\tMallorca Global Charter: Mehr als eine Vermietung\t\t\t<\/h2>\n\t\t\t<\/div>\n<\/div>\n\t\t\t\t<\/div>\n\t\t\t\t<\/div>\n\t\t\t\t<div class=\"elementor-element elementor-element-364f1f4 elementor-widget elementor-widget-text-editor\" data-id=\"364f1f4\" data-element_type=\"widget\" data-widget_type=\"text-editor.default\">\n\t\t\t\t<div class=\"elementor-widget-container\">\n\t\t\t\t\t\t\t\t\tBei Mallorca Global Charter bieten wir Ihnen nicht nur die Vermietung von Booten, Helikoptern und Jets an, sondern versorgen Sie auch mit pers\u00f6nlicher Beratung und Empfehlungen vor Ort. Entdecken Sie die besten Buchten Mallorcas und maximieren Sie Ihr Erlebnis auf der Insel mit unseren Expertenvorschl\u00e4gen.\n\n<em>M\u00f6chten Sie lokale Tipps und exklusive Empfehlungen? Kontaktieren Sie uns noch heute unverbindlich!<\/em>\t\t\t\t\t\t\t\t<\/div>\n\t\t\t\t<\/div>\n\t\t\t\t<div class=\"elementor-element elementor-element-53cf63d elementor-widget elementor-widget-qi_addons_for_elementor_contact_form_7\" data-id=\"53cf63d\" data-element_type=\"widget\" data-widget_type=\"qi_addons_for_elementor_contact_form_7.default\">\n\t\t\t\t<div class=\"elementor-widget-container\">\n\t\t\t\t\t<div class=\"qodef-shortcode qodef-m qodef-qi-contact-form-7\">\n\t\n<div class=\"wpcf7 no-js\" id=\"wpcf7-f6250-o1\" lang=\"de-DE\" dir=\"ltr\" data-wpcf7-id=\"6250\">\n<div class=\"screen-reader-response\"><p role=\"status\" aria-live=\"polite\" aria-atomic=\"true\"><\/p> <ul><\/ul><\/div>\n<form action=\"\/de\/wp-json\/wp\/v2\/pages\/6472#wpcf7-f6250-o1\" method=\"post\" class=\"wpcf7-form init\" aria-label=\"Kontaktformular\" novalidate=\"novalidate\" data-status=\"init\">\n<div style=\"display: none;\">\n<input type=\"hidden\" name=\"_wpcf7\" value=\"6250\" \/>\n<input type=\"hidden\" name=\"_wpcf7_version\" value=\"6.0.6\" \/>\n<input type=\"hidden\" name=\"_wpcf7_locale\" value=\"de_DE\" \/>\n<input type=\"hidden\" name=\"_wpcf7_unit_tag\" value=\"wpcf7-f6250-o1\" \/>\n<input type=\"hidden\" name=\"_wpcf7_container_post\" value=\"0\" \/>\n<input type=\"hidden\" name=\"_wpcf7_posted_data_hash\" value=\"\" \/>\n<input type=\"hidden\" name=\"_wpcf7dtx_version\" value=\"5.0.3\" \/>\n<input type=\"hidden\" name=\"_wpcf7_recaptcha_response\" value=\"\" \/>\n<\/div>\n<label> Ihr Name\n    <span class=\"wpcf7-form-control-wrap\" data-name=\"your-name\"><input size=\"40\" maxlength=\"400\" class=\"wpcf7-form-control wpcf7-text wpcf7-validates-as-required\" autocomplete=\"name\" aria-required=\"true\" aria-invalid=\"false\" placeholder=\"Geben Sie Ihren Namen ein\" value=\"\" type=\"text\" name=\"your-name\" \/><\/span> <\/label>\n\n\n<label> Deine E-Mail\n    <span class=\"wpcf7-form-control-wrap\" data-name=\"your-email\"><input size=\"40\" maxlength=\"400\" class=\"wpcf7-form-control wpcf7-email wpcf7-validates-as-required wpcf7-text wpcf7-validates-as-email\" autocomplete=\"email\" aria-required=\"true\" aria-invalid=\"false\" placeholder=\"Geben Sie Ihre E-Mail ein\" value=\"\" type=\"email\" name=\"your-email\" \/><\/span> <\/label>\n\n<label> Telefon\n    <span class=\"wpcf7-form-control-wrap\" data-name=\"your-phone\"><input size=\"40\" maxlength=\"400\" class=\"wpcf7-form-control wpcf7-tel wpcf7-validates-as-required wpcf7-text wpcf7-validates-as-tel\" aria-required=\"true\" aria-invalid=\"false\" placeholder=\"Telefon einf\u00fcgen\" value=\"\" type=\"tel\" name=\"your-phone\" \/><\/span> <\/label>\n\n<label> Ihre Nachricht (optional)\n    <span class=\"wpcf7-form-control-wrap\" data-name=\"your-message\"><textarea cols=\"40\" rows=\"10\" maxlength=\"2000\" class=\"wpcf7-form-control wpcf7-textarea\" aria-invalid=\"false\" placeholder=\"Nachricht schreiben\" name=\"your-message\"><\/textarea><\/span> <\/label>\n<span id=\"wpcf7-69d64f7c29080-wrapper\" class=\"wpcf7-form-control-wrap email-400-wrap\" style=\"display:none !important; visibility:hidden !important;\"><label for=\"email-400\" class=\"hp-message\">Bitte lasse dieses Feld leer.<\/label><input id=\"email-400\"  class=\"wpcf7-form-control wpcf7-text\" type=\"text\" name=\"email-400\" value=\"\" size=\"40\" tabindex=\"-1\" autocomplete=\"new-password\" \/><\/span>\n<span class=\"wpcf7-form-control-wrap dynamic_hidden-51\" data-name=\"dynamic_hidden-51\"><input type=\"hidden\" name=\"dynamic_hidden-51\" class=\"wpcf7-form-control wpcf7-hidden wpcf7dtx wpcf7dtx-hidden\" aria-invalid=\"false\" value=\"Kontakt\"><\/span>\n<span class=\"wpcf7-form-control-wrap\" data-name=\"acceptance-830\"><span class=\"wpcf7-form-control wpcf7-acceptance\"><span class=\"wpcf7-list-item\"><label><input type=\"checkbox\" name=\"acceptance-830\" value=\"1\" aria-invalid=\"false\" \/><span class=\"wpcf7-list-item-label\">Ich habe die gelesen und akzeptiere sie <a href=\"\/de\/rechtlicher-hinweis\/\">Politik der Privatsph\u00e4re<\/a><\/span><\/label><\/span><\/span><\/span>\n<br\/>\n<button class=\"wpcf7-form-control wpcf7-submit qodef-button qodef-size--normal qodef-layout--filled qodef-m\" type=\"submit\"><span class=\"qodef-m-text\">Schicken<\/span><\/button><div class=\"wpcf7-response-output\" aria-hidden=\"true\"><\/div>\n<\/form>\n<\/div>\n<\/div>\n\t\t\t\t<\/div>\n\t\t\t\t<\/div>\n\t\t\t\t\t<\/div>\n\t\t<\/div>\n\t\t\t\t\t<\/div>\n\t\t<\/section>\n\t\t<div class=\"elementor-element elementor-element-a413d80 e-con-full elementor-hidden-desktop elementor-hidden-tablet elementor-hidden-mobile e-flex e-con e-parent\" data-id=\"a413d80\" data-element_type=\"container\">\n\t\t\t\t<div class=\"elementor-element elementor-element-c46ea59 elementor-widget elementor-widget-google_maps\" data-id=\"c46ea59\" data-element_type=\"widget\" data-widget_type=\"google_maps.default\">\n\t\t\t\t<div class=\"elementor-widget-container\">\n\t\t\t\t\t\t\t<div class=\"elementor-custom-embed\">\n\t\t\t<iframe loading=\"lazy\"\n\t\t\t\t\tsrc=\"https:\/\/maps.google.com\/maps?q=07015%20Palma%2C%20Balearic%20Islands%2C%20Spain&#038;t=m&#038;z=15&#038;output=embed&#038;iwloc=near\"\n\t\t\t\t\ttitle=\"07015 Palma, Balearic Islands, Spain\"\n\t\t\t\t\taria-label=\"07015 Palma, Balearic Islands, Spain\"\n\t\t\t><\/iframe>\n\t\t<\/div>\n\t\t\t\t\t\t<\/div>\n\t\t\t\t<\/div>\n\t\t\t\t<\/div>\n\t\t\t\t<\/div>\n\t\t","protected":false},"excerpt":{"rendered":"<p>F\u00fchlen Sie sich frei uns zu kontaktieren Kontaktiere uns Willkommen in unserem Kontaktbereich bei MALLORCA GLOBAL CHARTER. Wir sind hier, um Ihnen den besten Service zu bieten und alle Ihre Fragen rund um die Bootsvermietung auf den BALEAREN zu beantworten. Nehmen Sie jederzeit gerne Kontakt zu uns auf; Wir sind hier, um Ihnen bei der [&hellip;]<\/p>\n","protected":false},"author":1,"featured_media":0,"parent":0,"menu_order":0,"comment_status":"closed","ping_status":"closed","template":"page-full-width.php","meta":{"_acf_changed":false,"footnotes":""},"class_list":["post-6472","page","type-page","status-publish","hentry"],"acf":[],"yoast_head":"<!-- This site is optimized with the Yoast SEO plugin v25.3 - https:\/\/yoast.com\/wordpress\/plugins\/seo\/ -->\n<title>Kontakt - Mallorca Global Charter<\/title>\n<meta name=\"description\" content=\"Nehmen Sie Kontakt mit Mallorca Global Charter auf! Wir sind f\u00fcr Sie da, um Ihre Fragen zu beantworten, Sie pers\u00f6nlich zu beraten und Ihr n\u00e4chstes Chartererlebnis unvergesslich zu machen. Kontaktieren Sie uns noch heute, um Ihre Luxusreise zu Wasser und in der Luft zu beginnen.\" \/>\n<meta name=\"robots\" content=\"index, follow, max-snippet:-1, max-image-preview:large, max-video-preview:-1\" \/>\n<link rel=\"canonical\" href=\"https:\/\/mallorcaglobalcharter.com\/de\/kontakt\/\" \/>\n<meta property=\"og:locale\" content=\"de_DE\" \/>\n<meta property=\"og:type\" content=\"article\" \/>\n<meta property=\"og:title\" content=\"Kontakt - Mallorca Global Charter\" \/>\n<meta property=\"og:description\" content=\"Nehmen Sie Kontakt mit Mallorca Global Charter auf! Wir sind f\u00fcr Sie da, um Ihre Fragen zu beantworten, Sie pers\u00f6nlich zu beraten und Ihr n\u00e4chstes Chartererlebnis unvergesslich zu machen. Kontaktieren Sie uns noch heute, um Ihre Luxusreise zu Wasser und in der Luft zu beginnen.\" \/>\n<meta property=\"og:url\" content=\"https:\/\/mallorcaglobalcharter.com\/de\/kontakt\/\" \/>\n<meta property=\"og:site_name\" content=\"Mallorca Global Charter\" \/>\n<meta property=\"article:modified_time\" content=\"2025-05-06T15:41:44+00:00\" \/>\n<meta property=\"og:image\" content=\"https:\/\/mallorcaglobalcharter.com\/wp-content\/uploads\/2021\/07\/Sidebar-img.png\" \/>\n<meta name=\"twitter:card\" content=\"summary_large_image\" \/>\n<meta name=\"twitter:label1\" content=\"Gesch\u00e4tzte Lesezeit\" \/>\n\t<meta name=\"twitter:data1\" content=\"1\u00a0Minute\" \/>\n<!-- \/ Yoast SEO plugin. -->","yoast_head_json":{"title":"Kontakt - Mallorca Global Charter","description":"Nehmen Sie Kontakt mit Mallorca Global Charter auf! Wir sind f\u00fcr Sie da, um Ihre Fragen zu beantworten, Sie pers\u00f6nlich zu beraten und Ihr n\u00e4chstes Chartererlebnis unvergesslich zu machen. Kontaktieren Sie uns noch heute, um Ihre Luxusreise zu Wasser und in der Luft zu beginnen.","robots":{"index":"index","follow":"follow","max-snippet":"max-snippet:-1","max-image-preview":"max-image-preview:large","max-video-preview":"max-video-preview:-1"},"canonical":"https:\/\/mallorcaglobalcharter.com\/de\/kontakt\/","og_locale":"de_DE","og_type":"article","og_title":"Kontakt - Mallorca Global Charter","og_description":"Nehmen Sie Kontakt mit Mallorca Global Charter auf! Wir sind f\u00fcr Sie da, um Ihre Fragen zu beantworten, Sie pers\u00f6nlich zu beraten und Ihr n\u00e4chstes Chartererlebnis unvergesslich zu machen. Kontaktieren Sie uns noch heute, um Ihre Luxusreise zu Wasser und in der Luft zu beginnen.","og_url":"https:\/\/mallorcaglobalcharter.com\/de\/kontakt\/","og_site_name":"Mallorca Global Charter","article_modified_time":"2025-05-06T15:41:44+00:00","og_image":[{"url":"https:\/\/mallorcaglobalcharter.com\/wp-content\/uploads\/2021\/07\/Sidebar-img.png","type":"","width":"","height":""}],"twitter_card":"summary_large_image","twitter_misc":{"Gesch\u00e4tzte Lesezeit":"1\u00a0Minute"},"schema":{"@context":"https:\/\/schema.org","@graph":[{"@type":"WebPage","@id":"https:\/\/mallorcaglobalcharter.com\/de\/kontakt\/","url":"https:\/\/mallorcaglobalcharter.com\/de\/kontakt\/","name":"Kontakt - Mallorca Global Charter","isPartOf":{"@id":"https:\/\/mallorcaglobalcharter.com\/de\/#website"},"primaryImageOfPage":{"@id":"https:\/\/mallorcaglobalcharter.com\/de\/kontakt\/#primaryimage"},"image":{"@id":"https:\/\/mallorcaglobalcharter.com\/de\/kontakt\/#primaryimage"},"thumbnailUrl":"https:\/\/mallorcaglobalcharter.com\/wp-content\/uploads\/2021\/07\/Sidebar-img.png","datePublished":"2021-07-28T07:24:55+00:00","dateModified":"2025-05-06T15:41:44+00:00","description":"Nehmen Sie Kontakt mit Mallorca Global Charter auf! Wir sind f\u00fcr Sie da, um Ihre Fragen zu beantworten, Sie pers\u00f6nlich zu beraten und Ihr n\u00e4chstes Chartererlebnis unvergesslich zu machen. Kontaktieren Sie uns noch heute, um Ihre Luxusreise zu Wasser und in der Luft zu beginnen.","breadcrumb":{"@id":"https:\/\/mallorcaglobalcharter.com\/de\/kontakt\/#breadcrumb"},"inLanguage":"de","potentialAction":[{"@type":"ReadAction","target":["https:\/\/mallorcaglobalcharter.com\/de\/kontakt\/"]}]},{"@type":"ImageObject","inLanguage":"de","@id":"https:\/\/mallorcaglobalcharter.com\/de\/kontakt\/#primaryimage","url":"https:\/\/mallorcaglobalcharter.com\/wp-content\/uploads\/2021\/07\/Sidebar-img.png","contentUrl":"https:\/\/mallorcaglobalcharter.com\/wp-content\/uploads\/2021\/07\/Sidebar-img.png"},{"@type":"BreadcrumbList","@id":"https:\/\/mallorcaglobalcharter.com\/de\/kontakt\/#breadcrumb","itemListElement":[{"@type":"ListItem","position":1,"name":"Portada","item":"https:\/\/mallorcaglobalcharter.com\/de\/"},{"@type":"ListItem","position":2,"name":"Kontakt"}]},{"@type":"WebSite","@id":"https:\/\/mallorcaglobalcharter.com\/de\/#website","url":"https:\/\/mallorcaglobalcharter.com\/de\/","name":"Mallorca Global Charter","description":"","potentialAction":[{"@type":"SearchAction","target":{"@type":"EntryPoint","urlTemplate":"https:\/\/mallorcaglobalcharter.com\/de\/?s={search_term_string}"},"query-input":{"@type":"PropertyValueSpecification","valueRequired":true,"valueName":"search_term_string"}}],"inLanguage":"de"}]}},"_links":{"self":[{"href":"https:\/\/mallorcaglobalcharter.com\/de\/wp-json\/wp\/v2\/pages\/6472","targetHints":{"allow":["GET"]}}],"collection":[{"href":"https:\/\/mallorcaglobalcharter.com\/de\/wp-json\/wp\/v2\/pages"}],"about":[{"href":"https:\/\/mallorcaglobalcharter.com\/de\/wp-json\/wp\/v2\/types\/page"}],"author":[{"embeddable":true,"href":"https:\/\/mallorcaglobalcharter.com\/de\/wp-json\/wp\/v2\/users\/1"}],"replies":[{"embeddable":true,"href":"https:\/\/mallorcaglobalcharter.com\/de\/wp-json\/wp\/v2\/comments?post=6472"}],"version-history":[{"count":0,"href":"https:\/\/mallorcaglobalcharter.com\/de\/wp-json\/wp\/v2\/pages\/6472\/revisions"}],"wp:attachment":[{"href":"https:\/\/mallorcaglobalcharter.com\/de\/wp-json\/wp\/v2\/media?parent=6472"}],"curies":[{"name":"wp","href":"https:\/\/api.w.org\/{rel}","templated":true}]}}