{"id":6875,"date":"2024-01-11T23:54:12","date_gmt":"2024-01-11T22:54:12","guid":{"rendered":"https:\/\/mallorcaglobalcharter.com\/aviso-legal\/"},"modified":"2024-03-08T00:37:51","modified_gmt":"2024-03-07T23:37:51","slug":"rechtlicher-hinweis","status":"publish","type":"page","link":"https:\/\/mallorcaglobalcharter.com\/de\/rechtlicher-hinweis\/","title":{"rendered":"Rechtlicher Hinweis"},"content":{"rendered":"\r\n<p><strong>Mallorca Global Charter<\/strong>, wir halten uns an die aktuellen Vorschriften gem\u00e4\u00df LSSI, wir danken EMILIO VELEZ f\u00fcr die Beratung zu den Vorschriften. In diesem Abschnitt finden Sie alle Informationen, die f\u00fcr die ordnungsgem\u00e4\u00dfe Nutzung unserer Website erforderlich sind.<\/p>\r\n<p><strong>Nutzerinformation.<\/strong><\/p>\r\n<p><strong>Identifikationsdaten.<\/strong><\/p>\r\n<p><strong>Recht des geistigen und gewerblichen Eigentums.<\/strong><\/p>\r\n<p><strong>Haftungsausschluss.<\/strong><\/p>\r\n<p><strong>Anwendbares Recht und Gerichtsstand.<\/strong><\/p>\r\n<p><strong>NUTZERINFORMATION<\/strong><\/p>\r\n\r\n\r\n\r\n<p>\u200b<\/p>\r\n\r\n\r\n\r\n<p><strong>MIRIAM M\u00c1RQUEZ DEL RIO<\/strong>, verantwortlich f\u00fcr die Website, im Folgenden VERANTWORTLICH genannt, stellt den Benutzern dieses Dokument zur Verf\u00fcgung, mit dem sie den im Gesetz 34\/2002 vom 11. Juli \u00fcber Informationsdienste festgelegten Verpflichtungen nachkommen will. Informationsgesellschaft und elektronischer Handel ( LSSICE), BOE Nr. 166, sowie die Information aller Nutzer der Website \u00fcber die Nutzungsbedingungen.<\/p>\r\n<p><br \/>Jede Person, die auf diese Website zugreift, \u00fcbernimmt die Rolle des Benutzers und verpflichtet sich zur strikten Einhaltung und Einhaltung der hierin dargelegten Bestimmungen sowie aller anderen m\u00f6glicherweise anwendbaren gesetzlichen Bestimmungen.<\/p>\r\n\r\n\r\n\r\n<p>\u200b<\/p>\r\n\r\n\r\n\r\n<p><strong>MIRIAM M\u00c1RQUEZ DEL RIO<\/strong> beh\u00e4lt sich das Recht vor, jede Art von Informationen, die auf der Website erscheinen, zu \u00e4ndern, ohne dass eine Verpflichtung besteht, die Benutzer \u00fcber diese Verpflichtungen zu informieren oder zu informieren, wobei die Ver\u00f6ffentlichung auf der MIRIAM-Website als ausreichend angesehen wird. <strong>MARQUEZ DEL RIO<\/strong>.<\/p>\r\n\r\n\r\n\r\n<p><strong>1. IDENTIFIZIERUNGSDATEN<\/strong><\/p>\r\n\r\n\r\n\r\n<p><br \/>Domainname: mallorcaglobalcharter.com<br \/>Handelsname: MALLORCA GLOBAL CHARTER<br \/>Firmenname: MIRIAM M\u00c1RQUEZ DEL RIO<br \/>NIF: 43193371-S<br \/>Telefon: +34 676 00 48 28<br \/>E-Mail: info@mallorcaglobalcharter.com<br \/>Eingetragen im Register (gewerblich\/\u00f6ffentlich):<\/p>\r\n\r\n\r\n\r\n<p><strong>2. GEISTIGE UND GEWERBLICHE EIGENTUMSRECHTE<\/strong><\/p>\r\n\r\n\r\n\r\n<p>\u200b<\/p>\r\n\r\n\r\n\r\n<p>Die Website, einschlie\u00dflich, aber nicht beschr\u00e4nkt auf ihre Programmierung, Bearbeitung, Zusammenstellung und andere f\u00fcr ihren Betrieb erforderliche Elemente, die Designs, Logos, Texte und\/oder Grafiken, sind Eigentum des VERANTWORTLICHEN oder verf\u00fcgen gegebenenfalls \u00fcber eine Lizenz. oder ausdr\u00fcckliche Genehmigung der Autoren. Alle Inhalte der Website sind ordnungsgem\u00e4\u00df durch die Vorschriften zum geistigen und gewerblichen Eigentum gesch\u00fctzt und in den entsprechenden \u00f6ffentlichen Registern eingetragen.<\/p>\r\n<p><br \/>Unabh\u00e4ngig vom Zweck, f\u00fcr den sie bestimmt waren, bedarf die vollst\u00e4ndige oder teilweise Vervielf\u00e4ltigung, Nutzung, Verwertung, Verbreitung und Vermarktung in jedem Fall der vorherigen schriftlichen Genehmigung des VERANTWORTLICHEN.<\/p>\r\n<p><br \/>Jede nicht zuvor genehmigte Nutzung gilt als schwerwiegende Verletzung der geistigen oder gewerblichen Eigentumsrechte des Autors.<\/p>\r\n<p><br \/>Die Designs, Logos, Texte und\/oder Grafiken, die nicht der VERANTWORTLICHE sind und auf der Website erscheinen k\u00f6nnen, geh\u00f6ren ihren jeweiligen Eigent\u00fcmern und sie sind selbst f\u00fcr etwaige Kontroversen verantwortlich, die in Bezug auf sie entstehen k\u00f6nnen. Der VERANTWORTLICHE gestattet Dritten ausdr\u00fccklich, direkt auf die spezifischen Inhalte der Website umzuleiten und in jedem Fall auf die Hauptwebsite von energiarenovablebalear.com weiterzuleiten.<\/p>\r\n<p><br \/>Der VERANTWORTLICHE erkennt die entsprechenden geistigen und gewerblichen Eigentumsrechte zugunsten ihrer Eigent\u00fcmer an, und ihre blo\u00dfe Erw\u00e4hnung oder ihr Erscheinen auf der Website impliziert nicht das Bestehen von Rechten oder Verantwortung gegen\u00fcber ihnen, noch impliziert dies eine Billigung, F\u00f6rderung oder Empfehlung durch ihn . .<\/p>\r\n<p><br \/>Um etwaige Verst\u00f6\u00dfe gegen geistige oder gewerbliche Eigentumsrechte sowie Inhalte der Website jeglicher Art zu bemerken, k\u00f6nnen Sie dies per E-Mail an info@energiarenovablebalear.com tun.<\/p>\r\n\r\n\r\n\r\n<p>\u200b<\/p>\r\n\r\n\r\n\r\n<p><strong>3. HAFTUNGSAUSSCHLUSS<\/strong><\/p>\r\n\r\n\r\n\r\n<p>\u200b<\/p>\r\n\r\n\r\n\r\n<p>Der VERANTWORTLICHE ist von jeglicher Verantwortung befreit, die sich aus den auf seiner Website ver\u00f6ffentlichten Informationen ergibt, wenn diese Informationen von Dritten, die nichts mit ihm zu tun haben, manipuliert oder eingef\u00fchrt wurden.<\/p>\r\n\r\n\r\n\r\n<p><br \/><strong>Verwendung von Cookies.<\/strong><\/p>\r\n\r\n\r\n\r\n<p>&nbsp;<\/p>\r\n<p>Diese Website kann technische Cookies (kleine Informationsdateien, die der Server an den Computer der Person sendet, die auf die Seite zugreift) verwenden, um bestimmte Funktionen auszuf\u00fchren, die f\u00fcr das ordnungsgem\u00e4\u00dfe Funktionieren und die Anzeige der Website als wesentlich erachtet werden.<\/p>\r\n<p>Die verwendeten Cookies sind in jedem Fall tempor\u00e4rer Natur und dienen ausschlie\u00dflich der Zweckbindung<br \/>Navigation angezeigt und verschwinden, wenn die Benutzersitzung endet.<\/p>\r\n<p>In keinem Fall stellen diese Cookies selbst personenbezogene Daten bereit und werden nicht zu deren Erhebung verwendet.<\/p>\r\n<p>Durch die Verwendung von Cookies ist es dem Server, auf dem sich die Website befindet, auch m\u00f6glich, den vom Benutzer verwendeten Browser zu erkennen, um die Navigation zu erleichtern und beispielsweise Benutzern den Zugriff zu erm\u00f6glichen, die sich zuvor f\u00fcr die Bereiche und Dienste registriert haben , Werbeaktionen oder Wettbewerbe, die ausschlie\u00dflich ihnen vorbehalten sind, ohne dass Sie sich f\u00fcr jeden Besuch registrieren m\u00fcssen.<\/p>\r\n<p>Sie k\u00f6nnen auch zur Messung des Publikums, von Verkehrsparametern, zur Steuerung des Fortschritts und der Anzahl der Eintr\u00e4ge usw. verwendet werden. In diesen F\u00e4llen sind Cookies zwar technisch entbehrlich, aber f\u00fcr den Benutzer von Vorteil.<\/p>\r\n<p>Diese Website wird ohne vorherige Zustimmung des Nutzers keine entbehrlichen Cookies installieren. Diese Website verwendet analytische Cookies (_ga oder _utm) von Google Analytics, die zwei Jahre lang bestehen bleiben, um die einzigartige Besuchskontrollfunktion zu erm\u00f6glichen und Ihnen die Navigation zu erleichtern.<\/p>\r\n<p>\u200b<\/p>\r\n<p>Jeder Benutzer, der die Website besucht, wird durch ein schwebendes Banner \u00fcber die Verwendung dieser Cookies informiert. Wenn er die Behandlung akzeptiert, stimmt er der Verwendung zu.<\/p>\r\n<p>Wenn Sie der Verwendung zustimmen, verschwindet das Banner. Sie k\u00f6nnen Ihre Einwilligung jedoch jederzeit widerrufen und weitere Informationen erhalten, indem Sie unsere Cookie-Richtlinie konsultieren. Der Benutzer hat die M\u00f6glichkeit, seinen Browser so zu konfigurieren, dass er beim Empfang von Cookies benachrichtigt wird und deren Installation auf seinem Computer verhindert.<\/p>\r\n<p>Weitere Informationen finden Sie in der Anleitung Ihres Browsers.<\/p>\r\n\r\n\r\n\r\n<p><br \/><strong>Pflichten des Nutzers<\/strong><\/p>\r\n\r\n\r\n\r\n<p>&nbsp;<\/p>\r\n<p>Durch die Nutzung der Website erkl\u00e4rt der Nutzer, dass er \u00fcber 18 Jahre alt ist.<\/p>\r\n<p>Um die Website nutzen zu k\u00f6nnen, m\u00fcssen Minderj\u00e4hrige die vorherige Zustimmung ihrer Eltern, Erziehungsberechtigten oder gesetzlichen Vertreter einholen, die f\u00fcr alle Handlungen der von ihnen betreuten Minderj\u00e4hrigen verantwortlich gemacht werden.<\/p>\r\n<p>Der Nutzer verpflichtet sich im Allgemeinen, die Website und die damit verbundenen Dienste sorgf\u00e4ltig und im Einklang mit dem Gesetz, den guten Sitten, der \u00f6ffentlichen Ordnung und den Bestimmungen dieser Allgemeinen Gesch\u00e4ftsbedingungen und den gegebenenfalls geltenden besonderen Bedingungen zu nutzen und zu nutzen Sie d\u00fcrfen sie auch nicht in einer Weise verwenden, die das normale Funktionieren und Vergn\u00fcgen der Nutzer der Website und der damit verbundenen Dienste beeintr\u00e4chtigen oder das Eigentum und die Rechte der Eigent\u00fcmer der Website oder ihrer Lieferanten verletzen oder sch\u00e4digen k\u00f6nnte. Benutzer oder im Allgemeinen Dritte.<\/p>\r\n<p>Der Nutzer verpflichtet sich bei der Nutzung der Website und der damit verbundenen Dienste:<\/p>\r\n<p>1. \u00dcber die Website oder die damit verbundenen Dienste d\u00fcrfen keine Computerprogramme, Daten, Viren, Codes oder andere Instrumente oder elektronischen Ger\u00e4te eingef\u00fchrt, gespeichert oder verbreitet werden, die der Website Schaden zuf\u00fcgen k\u00f6nnten. Web , in den damit verbundenen Diensten oder in allen Ger\u00e4ten, Systemen oder Netzwerken der Eigent\u00fcmer der Website, eines Benutzers, ihrer Lieferanten oder allgemein eines Dritten oder die auf andere Weise \u00c4nderungen jeglicher Art verursachen k\u00f6nnen oder seine normale Funktion verhindern.<\/p>\r\n<p>2. Verwenden Sie keine falschen Identit\u00e4ten und geben Sie sich nicht als andere aus, wenn Sie die Website oder einen der damit verbundenen Dienste nutzen.<\/p>\r\n\r\n\r\n\r\n<p>\u200b<\/p>\r\n\r\n\r\n\r\n<p>3. Die Daten, Informationen, Programme oder elektronischen Dokumente der Eigent\u00fcmer der Website, ihrer Lieferanten oder Dritter d\u00fcrfen nicht zerst\u00f6rt, ver\u00e4ndert, deaktiviert oder besch\u00e4digt werden.<\/p>\r\n<p>4. Keine Informationen einf\u00fchren oder verbreiten, die verleumderisch, verleumderisch, obsz\u00f6n, bedrohlich oder fremdenfeindlich sind, zu Gewalt aufstacheln, zu Diskriminierung aufgrund von Geschlecht, Rasse, Ideologie oder Religion aufstacheln oder die in irgendeiner Weise gegen die Moral, die \u00f6ffentliche Ordnung, die Grundrechte, \u00f6ffentliche Freiheiten, Ehre, Privatsph\u00e4re oder das Bild Dritter und im Allgemeinen geltende Vorschriften.<\/p>\r\n<p>\u200b<\/p>\r\n<p>F\u00fcr den Fall, dass ein Benutzer der Ansicht ist, dass Tatsachen oder Umst\u00e4nde vorliegen, die den rechtswidrigen Charakter der Nutzung von Inhalten und\/oder der Durchf\u00fchrung von Aktivit\u00e4ten auf der Website oder einer dar\u00fcber zug\u00e4nglichen Website offenbaren, muss er eine Benachrichtigung an die Eigent\u00fcmer der Website senden Website, indem Sie eine E-Mail an info@energiarenovablebalear.com<\/p>\r\n\r\n\r\n\r\n<p><br \/><strong>Linkrichtlinie<\/strong><\/p>\r\n\r\n\r\n\r\n<p>&nbsp;<\/p>\r\n<p>Von der Website aus werden Sie m\u00f6glicherweise zu Inhalten auf Websites Dritter weitergeleitet.<\/p>\r\n<p>Da der VERANTWORTLICHE nicht immer die von Dritten in seine Website eingegebenen Inhalte kontrollieren kann<br \/>Die jeweiligen Websites \u00fcbernehmen keinerlei Verantwortung f\u00fcr deren Inhalte.<\/p>\r\n<p>In jedem Fall werden Inhalte, die gegen die Gesetzgebung versto\u00dfen, unverz\u00fcglich entfernt.<br \/>auf nationaler oder internationaler Ebene, gegen die guten Sitten oder die \u00f6ffentliche Ordnung versto\u00dfen und die Weiterleitung auf die besagte Website umgehend zur\u00fcckziehen und die zust\u00e4ndigen Beh\u00f6rden \u00fcber den betreffenden Inhalt informieren.<\/p>\r\n<p><br \/>Der VERANTWORTLICHE ist nicht verantwortlich f\u00fcr die Informationen und Inhalte, die beispielsweise, aber nicht beschr\u00e4nkt auf, in Foren, Chats, Blog-Generatoren, Kommentaren, sozialen Netzwerken oder anderen Mitteln gespeichert werden, die es Dritten erm\u00f6glichen, Inhalte unabh\u00e4ngig auf der Website zu ver\u00f6ffentlichen der Verantwortliche. Allerdings wird es in \u00dcbereinstimmung mit den Bestimmungen der Artikel 11 und 16 des LSSICE allen Benutzern, Beh\u00f6rden und Sicherheitskr\u00e4ften zur Verf\u00fcgung gestellt, die aktiv an der Entfernung oder gegebenenfalls Sperrung aller Inhalte mitwirken, die Auswirkungen haben oder gegen die Inhalte versto\u00dfen k\u00f6nnten nationale oder internationale Gesetzgebung, die Rechte Dritter oder die guten Sitten und die \u00f6ffentliche Ordnung.<\/p>\r\n<p>Wenn der Benutzer der Meinung ist, dass es Inhalte auf der Website gibt, die f\u00fcr diese Klassifizierung anf\u00e4llig sein k\u00f6nnten, benachrichtigen Sie bitte umgehend den Website-Administrator.<\/p>\r\n<p><br \/>Diese Website wurde \u00fcberpr\u00fcft und auf ihre ordnungsgem\u00e4\u00dfe Funktion getestet.<\/p>\r\n<p>Grunds\u00e4tzlich kann der ordnungsgem\u00e4\u00dfe Betrieb 365 Tage im Jahr und 24 Stunden am Tag gew\u00e4hrleistet werden.<\/p>\r\n<p>Der VERANTWORTLICHE schlie\u00dft jedoch nicht aus, dass bestimmte Programmierfehler vorliegen oder dass h\u00f6here Gewalt, Naturkatastrophen, Streiks oder \u00e4hnliche Umst\u00e4nde eintreten, die den Zugriff auf die Website unm\u00f6glich machen.<\/p>\r\n\r\n\r\n\r\n<p><br \/><strong>IP-Adressen<\/strong><\/p>\r\n\r\n\r\n\r\n<p><br \/>Die Website-Server erkennen m\u00f6glicherweise automatisch die vom Benutzer verwendete IP-Adresse und den Dom\u00e4nennamen. Eine IP-Adresse ist eine Nummer, die einem Computer automatisch zugewiesen wird, wenn er eine Verbindung zum Internet herstellt. Alle diese Informationen werden in einer ordnungsgem\u00e4\u00df registrierten Serveraktivit\u00e4tsdatei aufgezeichnet, die die anschlie\u00dfende Verarbeitung der Daten erm\u00f6glicht, um nur statistische Messungen zu erhalten, die es erm\u00f6glichen, die Anzahl der Seitenaufrufe, die Anzahl der Besuche auf den Webservern und die Reihenfolge der Besuche zu ermitteln , der Zugangspunkt usw.<\/p>\r\n\r\n\r\n\r\n<p>\u200b<\/p>\r\n\r\n\r\n\r\n<p><strong>4. ANWENDBARES RECHT UND GERICHTSSTAND<\/strong><\/p>\r\n\r\n\r\n\r\n<p>\u200b<\/p>\r\n\r\n\r\n\r\n<p>F\u00fcr die L\u00f6sung aller Streitigkeiten oder Probleme im Zusammenhang mit dieser Website oder den auf ihr durchgef\u00fchrten Aktivit\u00e4ten gilt die spanische Gesetzgebung, der sich die Parteien ausdr\u00fccklich unterwerfen. F\u00fcr die L\u00f6sung aller Konflikte, die sich aus oder im Zusammenhang mit ihrer Nutzung ergeben, sind die n\u00e4chstgelegenen Gerichte zust\u00e4ndig Tribunale.<\/p>\r\n","protected":false},"excerpt":{"rendered":"<p>Mallorca Global Charter, wir halten uns an die aktuellen Vorschriften gem\u00e4\u00df LSSI, wir danken EMILIO VELEZ f\u00fcr die Beratung zu den Vorschriften. In diesem Abschnitt finden Sie alle Informationen, die f\u00fcr die ordnungsgem\u00e4\u00dfe Nutzung unserer Website erforderlich sind. Nutzerinformation. Identifikationsdaten. Recht des geistigen und gewerblichen Eigentums. Haftungsausschluss. Anwendbares Recht und Gerichtsstand. NUTZERINFORMATION \u200b MIRIAM M\u00c1RQUEZ [&hellip;]<\/p>\n","protected":false},"author":2,"featured_media":0,"parent":0,"menu_order":0,"comment_status":"closed","ping_status":"closed","template":"","meta":{"_acf_changed":false,"footnotes":""},"class_list":["post-6875","page","type-page","status-publish","hentry"],"acf":[],"yoast_head":"<!-- This site is optimized with the Yoast SEO plugin v25.3 - https:\/\/yoast.com\/wordpress\/plugins\/seo\/ -->\n<title>Rechtlicher Hinweis - Mallorca Global Charter<\/title>\n<meta name=\"description\" content=\"Informieren Sie sich \u00fcber rechtliche Hinweise f\u00fcr Mallorca Global Charter. Finden Sie Informationen und Bedingungen zu unseren Dienstleistungen und Operationen.\" \/>\n<meta name=\"robots\" content=\"index, follow, max-snippet:-1, max-image-preview:large, max-video-preview:-1\" \/>\n<link rel=\"canonical\" href=\"https:\/\/mallorcaglobalcharter.com\/de\/rechtlicher-hinweis\/\" \/>\n<meta property=\"og:locale\" content=\"de_DE\" \/>\n<meta property=\"og:type\" content=\"article\" \/>\n<meta property=\"og:title\" content=\"Rechtlicher Hinweis - Mallorca Global Charter\" \/>\n<meta property=\"og:description\" content=\"Informieren Sie sich \u00fcber rechtliche Hinweise f\u00fcr Mallorca Global Charter. Finden Sie Informationen und Bedingungen zu unseren Dienstleistungen und Operationen.\" \/>\n<meta property=\"og:url\" content=\"https:\/\/mallorcaglobalcharter.com\/de\/rechtlicher-hinweis\/\" \/>\n<meta property=\"og:site_name\" content=\"Mallorca Global Charter\" \/>\n<meta property=\"article:modified_time\" content=\"2024-03-07T23:37:51+00:00\" \/>\n<meta name=\"twitter:card\" content=\"summary_large_image\" \/>\n<meta name=\"twitter:label1\" content=\"Gesch\u00e4tzte Lesezeit\" \/>\n\t<meta name=\"twitter:data1\" content=\"8\u00a0Minuten\" \/>\n<!-- \/ Yoast SEO plugin. -->","yoast_head_json":{"title":"Rechtlicher Hinweis - Mallorca Global Charter","description":"Informieren Sie sich \u00fcber rechtliche Hinweise f\u00fcr Mallorca Global Charter. Finden Sie Informationen und Bedingungen zu unseren Dienstleistungen und Operationen.","robots":{"index":"index","follow":"follow","max-snippet":"max-snippet:-1","max-image-preview":"max-image-preview:large","max-video-preview":"max-video-preview:-1"},"canonical":"https:\/\/mallorcaglobalcharter.com\/de\/rechtlicher-hinweis\/","og_locale":"de_DE","og_type":"article","og_title":"Rechtlicher Hinweis - Mallorca Global Charter","og_description":"Informieren Sie sich \u00fcber rechtliche Hinweise f\u00fcr Mallorca Global Charter. Finden Sie Informationen und Bedingungen zu unseren Dienstleistungen und Operationen.","og_url":"https:\/\/mallorcaglobalcharter.com\/de\/rechtlicher-hinweis\/","og_site_name":"Mallorca Global Charter","article_modified_time":"2024-03-07T23:37:51+00:00","twitter_card":"summary_large_image","twitter_misc":{"Gesch\u00e4tzte Lesezeit":"8\u00a0Minuten"},"schema":{"@context":"https:\/\/schema.org","@graph":[{"@type":"WebPage","@id":"https:\/\/mallorcaglobalcharter.com\/de\/rechtlicher-hinweis\/","url":"https:\/\/mallorcaglobalcharter.com\/de\/rechtlicher-hinweis\/","name":"Rechtlicher Hinweis - Mallorca Global Charter","isPartOf":{"@id":"https:\/\/mallorcaglobalcharter.com\/de\/#website"},"datePublished":"2024-01-11T22:54:12+00:00","dateModified":"2024-03-07T23:37:51+00:00","description":"Informieren Sie sich \u00fcber rechtliche Hinweise f\u00fcr Mallorca Global Charter. Finden Sie Informationen und Bedingungen zu unseren Dienstleistungen und Operationen.","breadcrumb":{"@id":"https:\/\/mallorcaglobalcharter.com\/de\/rechtlicher-hinweis\/#breadcrumb"},"inLanguage":"de","potentialAction":[{"@type":"ReadAction","target":["https:\/\/mallorcaglobalcharter.com\/de\/rechtlicher-hinweis\/"]}]},{"@type":"BreadcrumbList","@id":"https:\/\/mallorcaglobalcharter.com\/de\/rechtlicher-hinweis\/#breadcrumb","itemListElement":[{"@type":"ListItem","position":1,"name":"Portada","item":"https:\/\/mallorcaglobalcharter.com\/de\/"},{"@type":"ListItem","position":2,"name":"Rechtlicher Hinweis"}]},{"@type":"WebSite","@id":"https:\/\/mallorcaglobalcharter.com\/de\/#website","url":"https:\/\/mallorcaglobalcharter.com\/de\/","name":"Mallorca Global Charter","description":"","potentialAction":[{"@type":"SearchAction","target":{"@type":"EntryPoint","urlTemplate":"https:\/\/mallorcaglobalcharter.com\/de\/?s={search_term_string}"},"query-input":{"@type":"PropertyValueSpecification","valueRequired":true,"valueName":"search_term_string"}}],"inLanguage":"de"}]}},"_links":{"self":[{"href":"https:\/\/mallorcaglobalcharter.com\/de\/wp-json\/wp\/v2\/pages\/6875","targetHints":{"allow":["GET"]}}],"collection":[{"href":"https:\/\/mallorcaglobalcharter.com\/de\/wp-json\/wp\/v2\/pages"}],"about":[{"href":"https:\/\/mallorcaglobalcharter.com\/de\/wp-json\/wp\/v2\/types\/page"}],"author":[{"embeddable":true,"href":"https:\/\/mallorcaglobalcharter.com\/de\/wp-json\/wp\/v2\/users\/2"}],"replies":[{"embeddable":true,"href":"https:\/\/mallorcaglobalcharter.com\/de\/wp-json\/wp\/v2\/comments?post=6875"}],"version-history":[{"count":0,"href":"https:\/\/mallorcaglobalcharter.com\/de\/wp-json\/wp\/v2\/pages\/6875\/revisions"}],"wp:attachment":[{"href":"https:\/\/mallorcaglobalcharter.com\/de\/wp-json\/wp\/v2\/media?parent=6875"}],"curies":[{"name":"wp","href":"https:\/\/api.w.org\/{rel}","templated":true}]}}