{"id":6877,"date":"2024-01-11T07:45:57","date_gmt":"2024-01-11T06:45:57","guid":{"rendered":"https:\/\/mallorcaglobalcharter.com\/declaracion-de-accesibilidad\/"},"modified":"2024-03-08T00:13:39","modified_gmt":"2024-03-07T23:13:39","slug":"erklaerung-zur-zugaenglichkeit","status":"publish","type":"page","link":"https:\/\/mallorcaglobalcharter.com\/de\/erklaerung-zur-zugaenglichkeit\/","title":{"rendered":"Erkl\u00e4rung zur Zug\u00e4nglichkeit"},"content":{"rendered":"&#13;\n<p>Mallorca Global Charter verpflichtet sich, <a href=\"https:\/\/www.mallorcaglobalcharter.com\/\">https:\/\/www.mallorcaglobalcharter.com\/<\/a> in \u00dcbereinstimmung mit dem K\u00f6niglichen Dekret 1112\/2018 vom 7. September \u00fcber die Zug\u00e4nglichkeit von Websites und Anwendungen des \u00f6ffentlichen Sektors f\u00fcr mobile Ger\u00e4te zug\u00e4nglich zu machen.<\/p>&#13;\n&#13;\n<p>Diese Erkl\u00e4rung zur Zug\u00e4nglichkeit gilt f\u00fcr die Website <a href=\"https:\/\/www.mallorcaglobalcharter.com\/\">https:\/\/www.mallorcaglobalcharter.com\/<\/a>.<\/p>&#13;\n","protected":false},"excerpt":{"rendered":"<p>&#13; Mallorca Global Charter verpflichtet sich, https:\/\/www.mallorcaglobalcharter.com\/ in \u00dcbereinstimmung mit dem K\u00f6niglichen Dekret 1112\/2018 vom 7. September \u00fcber die Zug\u00e4nglichkeit von Websites und Anwendungen des \u00f6ffentlichen Sektors f\u00fcr mobile Ger\u00e4te zug\u00e4nglich zu machen. &#13; &#13; Diese Erkl\u00e4rung zur Zug\u00e4nglichkeit gilt f\u00fcr die Website https:\/\/www.mallorcaglobalcharter.com\/. &#13;<\/p>\n","protected":false},"author":2,"featured_media":0,"parent":0,"menu_order":0,"comment_status":"closed","ping_status":"closed","template":"","meta":{"_acf_changed":false,"footnotes":""},"class_list":["post-6877","page","type-page","status-publish","hentry"],"acf":[],"yoast_head":"<!-- This site is optimized with the Yoast SEO plugin v25.3 - https:\/\/yoast.com\/wordpress\/plugins\/seo\/ -->\n<title>Erkl\u00e4rung zur Zug\u00e4nglichkeit - Mallorca Global Charter<\/title>\n<meta name=\"description\" content=\"Informieren Sie sich \u00fcber unsere Erkl\u00e4rung zur Barrierefreiheit, in der wir uns verpflichten, einen barrierefreien Zugang zu unserer Plattform zu gew\u00e4hrleisten. Finden Sie heraus, wie wir daran arbeiten, eine f\u00fcr alle zug\u00e4ngliche Online-Erfahrung zu schaffen, die Gleichberechtigung und volle Beteiligung f\u00f6rdert.\" \/>\n<meta name=\"robots\" content=\"index, follow, max-snippet:-1, max-image-preview:large, max-video-preview:-1\" \/>\n<link rel=\"canonical\" href=\"https:\/\/mallorcaglobalcharter.com\/de\/erklaerung-zur-zugaenglichkeit\/\" \/>\n<meta property=\"og:locale\" content=\"de_DE\" \/>\n<meta property=\"og:type\" content=\"article\" \/>\n<meta property=\"og:title\" content=\"Erkl\u00e4rung zur Zug\u00e4nglichkeit - Mallorca Global Charter\" \/>\n<meta property=\"og:description\" content=\"Informieren Sie sich \u00fcber unsere Erkl\u00e4rung zur Barrierefreiheit, in der wir uns verpflichten, einen barrierefreien Zugang zu unserer Plattform zu gew\u00e4hrleisten. Finden Sie heraus, wie wir daran arbeiten, eine f\u00fcr alle zug\u00e4ngliche Online-Erfahrung zu schaffen, die Gleichberechtigung und volle Beteiligung f\u00f6rdert.\" \/>\n<meta property=\"og:url\" content=\"https:\/\/mallorcaglobalcharter.com\/de\/erklaerung-zur-zugaenglichkeit\/\" \/>\n<meta property=\"og:site_name\" content=\"Mallorca Global Charter\" \/>\n<meta property=\"article:modified_time\" content=\"2024-03-07T23:13:39+00:00\" \/>\n<meta name=\"twitter:card\" content=\"summary_large_image\" \/>\n<!-- \/ Yoast SEO plugin. -->","yoast_head_json":{"title":"Erkl\u00e4rung zur Zug\u00e4nglichkeit - Mallorca Global Charter","description":"Informieren Sie sich \u00fcber unsere Erkl\u00e4rung zur Barrierefreiheit, in der wir uns verpflichten, einen barrierefreien Zugang zu unserer Plattform zu gew\u00e4hrleisten. Finden Sie heraus, wie wir daran arbeiten, eine f\u00fcr alle zug\u00e4ngliche Online-Erfahrung zu schaffen, die Gleichberechtigung und volle Beteiligung f\u00f6rdert.","robots":{"index":"index","follow":"follow","max-snippet":"max-snippet:-1","max-image-preview":"max-image-preview:large","max-video-preview":"max-video-preview:-1"},"canonical":"https:\/\/mallorcaglobalcharter.com\/de\/erklaerung-zur-zugaenglichkeit\/","og_locale":"de_DE","og_type":"article","og_title":"Erkl\u00e4rung zur Zug\u00e4nglichkeit - Mallorca Global Charter","og_description":"Informieren Sie sich \u00fcber unsere Erkl\u00e4rung zur Barrierefreiheit, in der wir uns verpflichten, einen barrierefreien Zugang zu unserer Plattform zu gew\u00e4hrleisten. Finden Sie heraus, wie wir daran arbeiten, eine f\u00fcr alle zug\u00e4ngliche Online-Erfahrung zu schaffen, die Gleichberechtigung und volle Beteiligung f\u00f6rdert.","og_url":"https:\/\/mallorcaglobalcharter.com\/de\/erklaerung-zur-zugaenglichkeit\/","og_site_name":"Mallorca Global Charter","article_modified_time":"2024-03-07T23:13:39+00:00","twitter_card":"summary_large_image","schema":{"@context":"https:\/\/schema.org","@graph":[{"@type":"WebPage","@id":"https:\/\/mallorcaglobalcharter.com\/de\/erklaerung-zur-zugaenglichkeit\/","url":"https:\/\/mallorcaglobalcharter.com\/de\/erklaerung-zur-zugaenglichkeit\/","name":"Erkl\u00e4rung zur Zug\u00e4nglichkeit - Mallorca Global Charter","isPartOf":{"@id":"https:\/\/mallorcaglobalcharter.com\/de\/#website"},"datePublished":"2024-01-11T06:45:57+00:00","dateModified":"2024-03-07T23:13:39+00:00","description":"Informieren Sie sich \u00fcber unsere Erkl\u00e4rung zur Barrierefreiheit, in der wir uns verpflichten, einen barrierefreien Zugang zu unserer Plattform zu gew\u00e4hrleisten. Finden Sie heraus, wie wir daran arbeiten, eine f\u00fcr alle zug\u00e4ngliche Online-Erfahrung zu schaffen, die Gleichberechtigung und volle Beteiligung f\u00f6rdert.","breadcrumb":{"@id":"https:\/\/mallorcaglobalcharter.com\/de\/erklaerung-zur-zugaenglichkeit\/#breadcrumb"},"inLanguage":"de","potentialAction":[{"@type":"ReadAction","target":["https:\/\/mallorcaglobalcharter.com\/de\/erklaerung-zur-zugaenglichkeit\/"]}]},{"@type":"BreadcrumbList","@id":"https:\/\/mallorcaglobalcharter.com\/de\/erklaerung-zur-zugaenglichkeit\/#breadcrumb","itemListElement":[{"@type":"ListItem","position":1,"name":"Portada","item":"https:\/\/mallorcaglobalcharter.com\/de\/"},{"@type":"ListItem","position":2,"name":"Erkl\u00e4rung zur Zug\u00e4nglichkeit"}]},{"@type":"WebSite","@id":"https:\/\/mallorcaglobalcharter.com\/de\/#website","url":"https:\/\/mallorcaglobalcharter.com\/de\/","name":"Mallorca Global Charter","description":"","potentialAction":[{"@type":"SearchAction","target":{"@type":"EntryPoint","urlTemplate":"https:\/\/mallorcaglobalcharter.com\/de\/?s={search_term_string}"},"query-input":{"@type":"PropertyValueSpecification","valueRequired":true,"valueName":"search_term_string"}}],"inLanguage":"de"}]}},"_links":{"self":[{"href":"https:\/\/mallorcaglobalcharter.com\/de\/wp-json\/wp\/v2\/pages\/6877","targetHints":{"allow":["GET"]}}],"collection":[{"href":"https:\/\/mallorcaglobalcharter.com\/de\/wp-json\/wp\/v2\/pages"}],"about":[{"href":"https:\/\/mallorcaglobalcharter.com\/de\/wp-json\/wp\/v2\/types\/page"}],"author":[{"embeddable":true,"href":"https:\/\/mallorcaglobalcharter.com\/de\/wp-json\/wp\/v2\/users\/2"}],"replies":[{"embeddable":true,"href":"https:\/\/mallorcaglobalcharter.com\/de\/wp-json\/wp\/v2\/comments?post=6877"}],"version-history":[{"count":0,"href":"https:\/\/mallorcaglobalcharter.com\/de\/wp-json\/wp\/v2\/pages\/6877\/revisions"}],"wp:attachment":[{"href":"https:\/\/mallorcaglobalcharter.com\/de\/wp-json\/wp\/v2\/media?parent=6877"}],"curies":[{"name":"wp","href":"https:\/\/api.w.org\/{rel}","templated":true}]}}