{"id":6879,"date":"2024-01-11T23:50:02","date_gmt":"2024-01-11T22:50:02","guid":{"rendered":"https:\/\/mallorcaglobalcharter.com\/politica-de-cookies\/"},"modified":"2024-03-08T00:44:46","modified_gmt":"2024-03-07T23:44:46","slug":"cookie-richtlinie","status":"publish","type":"page","link":"https:\/\/mallorcaglobalcharter.com\/de\/cookie-richtlinie\/","title":{"rendered":"Cookie-Richtlinie"},"content":{"rendered":"\r\n<p><strong>INFORMATIONEN ZU COOKIES<\/strong><\/p>\r\n\r\n\r\n\r\n<p><br \/>Aufgrund des Inkrafttretens der entsprechenden \u00c4nderung des \u201eGesetzes \u00fcber Dienstleistungen der Informationsgesellschaft\u201c<br \/>(LSSICE) wurde durch das K\u00f6nigliche Dekret 13\/2012 eingef\u00fchrt. Es ist zwingend erforderlich, die ausdr\u00fcckliche Zustimmung des Benutzers einzuholen<br \/>alle Webseiten, die entbehrliche Cookies verwenden, bevor Sie durch diese navigieren.<br \/>\u00a0<\/p>\r\n\r\n\r\n\r\n<p><strong>WAS SIND COOKIES?<\/strong><\/p>\r\n\r\n\r\n\r\n<p>&nbsp;<\/p>\r\n<p>Cookies und andere \u00e4hnliche Technologien wie Local Shared Objects, Flash-Cookies oder Pixel sind Tools<br \/>Wird von Webservern verwendet, um Informationen \u00fcber ihre Besucher zu speichern und abzurufen sowie bereitzustellen<br \/>ordnungsgem\u00e4\u00dfes Funktionieren der Website.<\/p>\r\n<p><br \/>Durch die Verwendung dieser Ger\u00e4te kann sich der Webserver einige Daten \u00fcber den Benutzer merken, z<br \/>Ihre Pr\u00e4ferenzen f\u00fcr die Anzeige der Seiten dieses Servers, Name und Passwort, Produkte, die am besten zu Ihnen passen<br \/>interessiert usw.<\/p>\r\n<p><br \/>Durch die Verwendung von Cookies ist es dem Server, auf dem sich die Website befindet, auch m\u00f6glich, den vom Benutzer verwendeten Browser zu erkennen, um die Navigation zu erleichtern und beispielsweise Benutzern den Zugriff zu erm\u00f6glichen, die sich zuvor f\u00fcr die Bereiche und Dienste registriert haben , Werbeaktionen oder Wettbewerbe, die ausschlie\u00dflich ihnen vorbehalten sind, ohne dass Sie sich f\u00fcr jeden Besuch registrieren m\u00fcssen.<\/p>\r\n<p>Sie k\u00f6nnen auch zur Messung des Publikums, der Verkehrsparameter, zur \u00dcberwachung des Fortschritts und der Anzahl der Eintr\u00e4ge usw. verwendet werden.<\/p>\r\n\r\n\r\n\r\n<p><strong>VON DEN VORSCHRIFTEN BETROFFENE COOKIES UND AUSGENOMMENE COOKIES<\/strong><\/p>\r\n\r\n\r\n\r\n<p><br \/>Gem\u00e4\u00df der EU-Richtlinie handelt es sich bei den Cookies, die eine informierte Einwilligung des Nutzers erfordern, um analytische Cookies sowie Werbe- und Affiliate-Cookies, mit Ausnahme derjenigen, die technischer Natur sind und f\u00fcr den Betrieb der Website oder die Bereitstellung von Diensten erforderlich sind. ausdr\u00fccklich angefordert durch den Benutzer.<\/p>\r\n\r\n\r\n\r\n<p><br \/><strong>WELCHE ARTEN VON COOKIES GIBT ES?<\/strong><\/p>\r\n\r\n\r\n\r\n<p>&nbsp;<\/p>\r\n<p>Bez\u00fcglich der Arten von Cookies gibt es f\u00fcnf gro\u00dfe Gruppen:<\/p>\r\n<p><br \/>Analytische Cookies: Sammeln Sie Informationen \u00fcber die Nutzung der Website.<\/p>\r\n<p><br \/>Soziale Cookies: sind diejenigen, die f\u00fcr externe soziale Netzwerke notwendig sind.<\/p>\r\n<p><br \/>Affiliate-Cookies: erm\u00f6glichen es Ihnen, Besuche von anderen Websites zu verfolgen, mit denen die Website einen Affiliate-Vertrag abschlie\u00dft (Affiliate-Unternehmen).<\/p>\r\n<p><br \/>Werbe- und Verhaltenscookies: Sie sammeln Informationen \u00fcber die pers\u00f6nlichen Vorlieben und Entscheidungen des Benutzers (Retargeting).<\/p>\r\n<p><br \/>Technische und funktionale Cookies: Diese sind f\u00fcr die Nutzung der Website und die Erbringung der vertraglich vereinbarten Dienstleistung unbedingt erforderlich.<\/p>\r\n\r\n\r\n\r\n<p><br \/><strong>AUF DIESER WEBSITE VERWENDETE COOKIES<\/strong><\/p>\r\n\r\n\r\n\r\n<p>&nbsp;<\/p>\r\n<p>Listen Sie die Namen der auf dieser Website verwendeten Cookies, Typ, Besitzer, Funktion und Ablaufdatum auf, zum Beispiel:<\/p>\r\n<p><br \/>PHPSESSID: technisches und unbedingt notwendiges Cookie, das die Sitzungskennung enth\u00e4lt. Sie werden gel\u00f6scht, wenn Sie den Browser schlie\u00dfen.<\/p>\r\n<p><br \/>_lang: technisches und unbedingt notwendiges Cookie, das die Sprache der Sitzung enth\u00e4lt. Sie werden gel\u00f6scht, wenn Sie den Browser schlie\u00dfen.<\/p>\r\n<p><br \/>ac_cookies: technisches und unbedingt notwendiges Cookie, das den Wert enth\u00e4lt, ob die Installation von erfolgt<br \/>Kekse. L\u00e4uft 1 Jahr nach dem letzten Update ab.<\/p>\r\n<p><br \/>_ga: Google Analytics-Cookie, das die einzigartige Besuchskontrollfunktion erm\u00f6glicht.<\/p>\r\n<p>Wenn ein Benutzer die Website zum ersten Mal \u00fcber einen Browser aufruft, wird dieses Cookie installiert. Wenn dieser Benutzer die Website mit demselben Browser erneut aufruft, erkennt das Cookie, dass es sich um denselben Benutzer handelt. Nur f\u00fcr den Fall, dass der Benutzer den Browser wechselt, wird er als anderer Benutzer betrachtet. L\u00e4uft 2 Jahre nach dem letzten Update ab.<\/p>\r\n<p><br \/>_gat: Dieses Cookie ist mit Google Analytics Universal verkn\u00fcpft. Wird verwendet, um die Anforderungsrate zu begrenzen<br \/>Beschr\u00e4nkung der Datenerfassung auf stark frequentierten Websites. L\u00e4uft nach 10 Minuten ab.<\/p>\r\n<p><br \/>_utma: Google Analytics-Cookie, das das Datum des ersten und letzten Besuchs der Website durch den Benutzer aufzeichnet.<br \/>L\u00e4uft 2 Jahre nach dem letzten Update ab.<\/p>\r\n<p><br \/>_utmb: Google Analytics-Cookie, das die Ankunftszeit auf der Website aufzeichnet. L\u00e4uft 30 Minuten ab<br \/>das letzte Update.<\/p>\r\n<p><br \/>_utmc: Google Analytics-Cookie, das f\u00fcr die Interoperabilit\u00e4t mit dem Tracking-Code urchin.js verwendet wird. ER<br \/>beim Schlie\u00dfen des Browsers gel\u00f6scht.<\/p>\r\n<p><br \/>_utmt: Google Analytics-Cookie. Dieses Cookie wird verwendet, um die vom Benutzer angeforderte Art von Anfrage zu verarbeiten.<br \/>L\u00e4uft am Ende der Sitzung ab.<\/p>\r\n<p><br \/>_utmv: Google Analytics-Cookie. Dieses Cookie wird zur Segmentierung demografischer Daten verwendet. L\u00e4uft nach Abschluss ab<br \/>die Sitzung.<\/p>\r\n<p><br \/>_utmz: Google Analytics-Cookie, das die Verkehrsquelle oder eine Kampagne speichert, um dem Benutzer zu erkl\u00e4ren, wie<br \/>bin auf die Website gekommen. L\u00e4uft 6 Monate nach dem letzten Update ab.<\/p>\r\n\r\n\r\n\r\n<p><br \/><strong>WIDERRUF DER EINWILLIGUNG ZUR INSTALLATION VON COOKIES SO L\u00d6SCHEN SIE COOKIES AUS DEM BROWSER<\/strong><\/p>\r\n\r\n\r\n\r\n<p><br \/><strong>Chrome<\/strong><br \/>1. W\u00e4hlen Sie das Symbol \u201eExtras\u201c.<br \/>2. Klicken Sie auf Einstellungen.<br \/>3. Klicken Sie auf Erweiterte Optionen anzeigen.<br \/>4. Klicken Sie im Abschnitt \u201eDatenschutz\u201c auf Inhaltseinstellungen.<br \/>\u2022 Cookies l\u00f6schen: Klicken Sie auf Alle Cookies und Websitedaten\u2026<br \/>\u2022 Speicherung von Cookies nicht zulassen.<br \/>5. Klicken Sie auf Browserdaten l\u00f6schen (Cache leeren).<br \/>6. Schlie\u00dfen Sie den Browser und starten Sie ihn neu.<br \/>Weitere Informationen zu Chrome finden Sie hier:<br \/>http:\/\/support.google.com\/chrome\/answer\/95647?hl=es<\/p>\r\n\r\n\r\n\r\n<p><br \/><strong>Internet Explorer. Versi\u00f3n 11<\/strong><br \/>1. W\u00e4hlen Sie Extras | Internet Optionen.<br \/>2. Klicken Sie auf die Registerkarte Allgemein.<br \/>3. Klicken Sie im Abschnitt \u201eBrowserverlauf\u201c auf Browserverlauf beim Beenden l\u00f6schen.<br \/>4. W\u00e4hlen Sie Dateien l\u00f6schen.<br \/>5. W\u00e4hlen Sie Cookies l\u00f6schen.<br \/>6. Klicken Sie auf L\u00f6schen.<br \/>7. Klicken Sie auf OK.<br \/>8. Schlie\u00dfen Sie den Browser und starten Sie ihn neu.<br \/>Weitere Informationen zum Internet Explorer finden Sie hier:<br \/>http:\/\/windows.microsoft.com\/es-419\/windows7\/how-to-manage-cookies-in-internet-explorer-9<\/p>\r\n\r\n\r\n\r\n<p>\u200b<\/p>\r\n\r\n\r\n\r\n<p><strong>Firefox. Versi\u00f3n 18<\/strong><br \/>1. W\u00e4hlen Sie Firefox | Geschichte | L\u00f6schen Sie den aktuellen Verlauf.<br \/>2. Klicken Sie neben \u201eDetails\u201c auf den Abw\u00e4rtspfeil.<br \/>3. Aktivieren Sie die folgenden Kontrollk\u00e4stchen: Cookies, Cache, Aktive Anmeldungen<br \/>4. W\u00e4hlen Sie im Dropdown-Men\u00fc \u201eZeitbereich l\u00f6schen\u201c die Option \u201eAlle\u201c aus.<br \/>5. Klicken Sie auf Jetzt l\u00f6schen.<br \/>6. Schlie\u00dfen Sie den Browser und starten Sie ihn neu.<br \/>Sie k\u00f6nnen Cookies einzeln in den Firefox-Einstellungen akzeptieren oder ablehnen, im Abschnitt \u201eVerlauf\u201c unter<br \/>Extras &gt; Optionen &gt; Datenschutz.<br \/>Weitere Informationen zu Mozilla Firefox finden Sie hier:<br \/>https:\/\/www.mozilla.org\/es-ES\/privacy\/websites\/#cookies<\/p>\r\n\r\n\r\n\r\n<p><br \/><strong>Safari Versi\u00f3n 5.1<\/strong><br \/>1. W\u00e4hlen Sie das Safari-Symbol \/ Bearbeiten | Safari wiederherstellen.<br \/>2. Aktivieren Sie die folgenden Kontrollk\u00e4stchen: Verlauf l\u00f6schen, Alle Website-Daten l\u00f6schen<br \/>3. Klicken Sie auf Zur\u00fccksetzen.<br \/>4. Schlie\u00dfen Sie den Browser und starten Sie ihn neu.<br \/>Weitere Informationen zu Safari finden Sie hier:<br \/>http:\/\/support.apple.com\/kb\/PH5042<\/p>\r\n\r\n\r\n\r\n<p><br \/><strong>Opera<\/strong><br \/>Optionen \u2013 Erweitert \u2013 Cookies.<br \/>Cookie-Optionen steuern, wie Opera mit ihnen umgeht und somit deren Annahme oder Ablehnung.<br \/>Weitere Informationen zu Opera finden Sie hier:<br \/>http:\/\/help.opera.com\/Linux\/10.60\/es-ES\/cookies.html<br \/>Andere Browser<br \/>Konsultieren Sie die Dokumentation des von Ihnen installierten Browsers.<\/p>\r\n","protected":false},"excerpt":{"rendered":"<p>INFORMATIONEN ZU COOKIES Aufgrund des Inkrafttretens der entsprechenden \u00c4nderung des \u201eGesetzes \u00fcber Dienstleistungen der Informationsgesellschaft\u201c(LSSICE) wurde durch das K\u00f6nigliche Dekret 13\/2012 eingef\u00fchrt. Es ist zwingend erforderlich, die ausdr\u00fcckliche Zustimmung des Benutzers einzuholenalle Webseiten, die entbehrliche Cookies verwenden, bevor Sie durch diese navigieren.\u00a0 WAS SIND COOKIES? &nbsp; Cookies und andere \u00e4hnliche Technologien wie Local Shared Objects, [&hellip;]<\/p>\n","protected":false},"author":2,"featured_media":0,"parent":0,"menu_order":0,"comment_status":"closed","ping_status":"closed","template":"","meta":{"_acf_changed":false,"footnotes":""},"class_list":["post-6879","page","type-page","status-publish","hentry"],"acf":[],"yoast_head":"<!-- This site is optimized with the Yoast SEO plugin v25.3 - https:\/\/yoast.com\/wordpress\/plugins\/seo\/ -->\n<title>Cookie-Richtlinie - Mallorca Global Charter<\/title>\n<meta name=\"description\" content=\"Erfahren Sie mehr \u00fcber unsere Cookie-Richtlinie. Wir verwenden Cookies, um Ihnen die bestm\u00f6gliche Erfahrung auf unserer Website zu bieten. Durch die Nutzung unserer Dienste stimmen Sie der Verwendung von Cookies zu. Erfahren Sie hier mehr.\" \/>\n<meta name=\"robots\" content=\"index, follow, max-snippet:-1, max-image-preview:large, max-video-preview:-1\" \/>\n<link rel=\"canonical\" href=\"https:\/\/mallorcaglobalcharter.com\/de\/cookie-richtlinie\/\" \/>\n<meta property=\"og:locale\" content=\"de_DE\" \/>\n<meta property=\"og:type\" content=\"article\" \/>\n<meta property=\"og:title\" content=\"Cookie-Richtlinie - Mallorca Global Charter\" \/>\n<meta property=\"og:description\" content=\"Erfahren Sie mehr \u00fcber unsere Cookie-Richtlinie. Wir verwenden Cookies, um Ihnen die bestm\u00f6gliche Erfahrung auf unserer Website zu bieten. Durch die Nutzung unserer Dienste stimmen Sie der Verwendung von Cookies zu. Erfahren Sie hier mehr.\" \/>\n<meta property=\"og:url\" content=\"https:\/\/mallorcaglobalcharter.com\/de\/cookie-richtlinie\/\" \/>\n<meta property=\"og:site_name\" content=\"Mallorca Global Charter\" \/>\n<meta property=\"article:modified_time\" content=\"2024-03-07T23:44:46+00:00\" \/>\n<meta name=\"twitter:card\" content=\"summary_large_image\" \/>\n<meta name=\"twitter:label1\" content=\"Gesch\u00e4tzte Lesezeit\" \/>\n\t<meta name=\"twitter:data1\" content=\"5\u00a0Minuten\" \/>\n<!-- \/ Yoast SEO plugin. -->","yoast_head_json":{"title":"Cookie-Richtlinie - Mallorca Global Charter","description":"Erfahren Sie mehr \u00fcber unsere Cookie-Richtlinie. Wir verwenden Cookies, um Ihnen die bestm\u00f6gliche Erfahrung auf unserer Website zu bieten. Durch die Nutzung unserer Dienste stimmen Sie der Verwendung von Cookies zu. Erfahren Sie hier mehr.","robots":{"index":"index","follow":"follow","max-snippet":"max-snippet:-1","max-image-preview":"max-image-preview:large","max-video-preview":"max-video-preview:-1"},"canonical":"https:\/\/mallorcaglobalcharter.com\/de\/cookie-richtlinie\/","og_locale":"de_DE","og_type":"article","og_title":"Cookie-Richtlinie - Mallorca Global Charter","og_description":"Erfahren Sie mehr \u00fcber unsere Cookie-Richtlinie. Wir verwenden Cookies, um Ihnen die bestm\u00f6gliche Erfahrung auf unserer Website zu bieten. Durch die Nutzung unserer Dienste stimmen Sie der Verwendung von Cookies zu. Erfahren Sie hier mehr.","og_url":"https:\/\/mallorcaglobalcharter.com\/de\/cookie-richtlinie\/","og_site_name":"Mallorca Global Charter","article_modified_time":"2024-03-07T23:44:46+00:00","twitter_card":"summary_large_image","twitter_misc":{"Gesch\u00e4tzte Lesezeit":"5\u00a0Minuten"},"schema":{"@context":"https:\/\/schema.org","@graph":[{"@type":"WebPage","@id":"https:\/\/mallorcaglobalcharter.com\/de\/cookie-richtlinie\/","url":"https:\/\/mallorcaglobalcharter.com\/de\/cookie-richtlinie\/","name":"Cookie-Richtlinie - Mallorca Global Charter","isPartOf":{"@id":"https:\/\/mallorcaglobalcharter.com\/de\/#website"},"datePublished":"2024-01-11T22:50:02+00:00","dateModified":"2024-03-07T23:44:46+00:00","description":"Erfahren Sie mehr \u00fcber unsere Cookie-Richtlinie. Wir verwenden Cookies, um Ihnen die bestm\u00f6gliche Erfahrung auf unserer Website zu bieten. Durch die Nutzung unserer Dienste stimmen Sie der Verwendung von Cookies zu. Erfahren Sie hier mehr.","breadcrumb":{"@id":"https:\/\/mallorcaglobalcharter.com\/de\/cookie-richtlinie\/#breadcrumb"},"inLanguage":"de","potentialAction":[{"@type":"ReadAction","target":["https:\/\/mallorcaglobalcharter.com\/de\/cookie-richtlinie\/"]}]},{"@type":"BreadcrumbList","@id":"https:\/\/mallorcaglobalcharter.com\/de\/cookie-richtlinie\/#breadcrumb","itemListElement":[{"@type":"ListItem","position":1,"name":"Portada","item":"https:\/\/mallorcaglobalcharter.com\/de\/"},{"@type":"ListItem","position":2,"name":"Cookie-Richtlinie"}]},{"@type":"WebSite","@id":"https:\/\/mallorcaglobalcharter.com\/de\/#website","url":"https:\/\/mallorcaglobalcharter.com\/de\/","name":"Mallorca Global Charter","description":"","potentialAction":[{"@type":"SearchAction","target":{"@type":"EntryPoint","urlTemplate":"https:\/\/mallorcaglobalcharter.com\/de\/?s={search_term_string}"},"query-input":{"@type":"PropertyValueSpecification","valueRequired":true,"valueName":"search_term_string"}}],"inLanguage":"de"}]}},"_links":{"self":[{"href":"https:\/\/mallorcaglobalcharter.com\/de\/wp-json\/wp\/v2\/pages\/6879","targetHints":{"allow":["GET"]}}],"collection":[{"href":"https:\/\/mallorcaglobalcharter.com\/de\/wp-json\/wp\/v2\/pages"}],"about":[{"href":"https:\/\/mallorcaglobalcharter.com\/de\/wp-json\/wp\/v2\/types\/page"}],"author":[{"embeddable":true,"href":"https:\/\/mallorcaglobalcharter.com\/de\/wp-json\/wp\/v2\/users\/2"}],"replies":[{"embeddable":true,"href":"https:\/\/mallorcaglobalcharter.com\/de\/wp-json\/wp\/v2\/comments?post=6879"}],"version-history":[{"count":0,"href":"https:\/\/mallorcaglobalcharter.com\/de\/wp-json\/wp\/v2\/pages\/6879\/revisions"}],"wp:attachment":[{"href":"https:\/\/mallorcaglobalcharter.com\/de\/wp-json\/wp\/v2\/media?parent=6879"}],"curies":[{"name":"wp","href":"https:\/\/api.w.org\/{rel}","templated":true}]}}