{"id":6881,"date":"2024-01-04T11:53:31","date_gmt":"2024-01-04T10:53:31","guid":{"rendered":"https:\/\/mallorcaglobalcharter.com\/politica-privacidad\/"},"modified":"2024-03-08T00:41:06","modified_gmt":"2024-03-07T23:41:06","slug":"datenschutzbestimmungen","status":"publish","type":"page","link":"https:\/\/mallorcaglobalcharter.com\/de\/datenschutzbestimmungen\/","title":{"rendered":"Datenschutzbestimmungen"},"content":{"rendered":"\r\n<p>Mallorca Global Charter h\u00e4lt sich an die aktuellen Datenschutzbestimmungen. Wir danken EMILIO VELEZ f\u00fcr die Beratung zu den aktuellen DSGVO-Vorschriften. In diesem Abschnitt finden Sie alle notwendigen Informationen zur Verarbeitung personenbezogener Daten.<\/p>\r\n\r\n\r\n\r\n<p>\u200b<\/p>\r\n\r\n\r\n\r\n<p><strong>Nutzerinformation<\/strong>.<\/p>\r\n<p><strong>Angaben zur f\u00fcr die Behandlung verantwortlichen Person.<\/strong><\/p>\r\n<p><strong>Informationen zum Zweck und zur Rechtm\u00e4\u00dfigkeit der Behandlung.<\/strong><\/p>\r\n<p><strong>Informationen zur \u00dcbertragung der Datenkommunikation.<\/strong><\/p>\r\n<p><strong>Informationen \u00fcber die Rechte des Interessenten und die Art und Weise, diese auszu\u00fcben.<\/strong><\/p>\r\n<p><strong>Obligatorischer oder optionaler Charakter der vom Benutzer bereitgestellten Informationen.<\/strong><\/p>\r\n<p><strong>Sicherheitsma\u00dfnahmen.<\/strong><\/p>\r\n\r\n\r\n\r\n<p><strong>1. INFORMATIONEN F\u00dcR DEN BENUTZER<\/strong><\/p>\r\n\r\n\r\n\r\n<p><br \/>Gem\u00e4\u00df den Bestimmungen der Verordnung (EU) 2016\/679 vom 27. April 2016 (RGPD) und des Organgesetzes 3\/2018 vom 5. Dezember zum Schutz personenbezogener Daten und zur Gew\u00e4hrleistung digitaler Rechte werden Sie \u00fcber die Identit\u00e4t der Person informiert Der Datenverantwortliche, der Zweck der Behandlung, die Rechtm\u00e4\u00dfigkeit der Verarbeitung Ihrer Daten, die Kategorien der Empf\u00e4nger der \u00dcbermittlung Ihrer Daten (falls vorhanden), die Herkunft Ihrer verarbeiteten Daten, sofern diese von der freiwilligen Lieferung abweichen, und die Rechte, die Ihnen zustehen stehen Ihnen als Interessent gerne zur Seite.<\/p>\r\n\r\n\r\n\r\n<p><strong>2. INFORMATIONEN \u00dcBER DEN F\u00dcR DIE BEHANDLUNG VERANTWORTLICHEN<\/strong><\/p>\r\n\r\n\r\n\r\n<p><br \/>Name des Verantwortlichen: MIRIAM M\u00c1RQUEZ DEL RIO<br \/>N.I.F.: 43193371-S<br \/>Vollst\u00e4ndige Adresse: Calle Cabana 39, 5b, 07141, Marratx\u00ed (Balearen)<br \/>Kontakt-E-Mail: info@mallorcaglobalcharter.com<\/p>\r\n\r\n\r\n\r\n<p><strong>3. INFORMATIONEN ZUM ZWECK UND DER LEGITIMATION DER BEHANDLUNG<\/strong><\/p>\r\n\r\n\r\n\r\n<p>&nbsp;<\/p>\r\n<p>Zur Durchf\u00fchrung der Behandlung sind folgende Operationen geplant:<\/p>\r\n<p>F\u00fcr berechtigtes Interesse des Verantwortlichen:<\/p>\r\n<p><br \/>Wirtschafts- und Buchhaltungsmanagement, Finanzmanagement, Verwaltungsmanagement, Abrechnungsmanagement, Kunden- und Lieferantenmanagement, Management von Zahlungseinz\u00fcgen und damit verbundenen Dienstleistungen, Geschichte der Gesch\u00e4ftsbeziehungen.<\/p>\r\n<p><br \/>Durch ausdr\u00fcckliche, eindeutige und informierte Zustimmung des Interessenten:<\/p>\r\n<p>Auswahl von Kandidaten f\u00fcr Mitarbeiter und Mitarbeiter.<\/p>\r\n<p>\u200b<\/p>\r\n<p>Versenden kommerzieller Werbemitteilungen per E-Mail, Fax, SMS, MMS, Social Communities oder anderen gegenw\u00e4rtigen oder zuk\u00fcnftigen elektronischen oder physischen Mitteln, die die Durchf\u00fchrung kommerzieller Mitteilungen erm\u00f6glichen.<\/p>\r\n<p>\u200b<\/p>\r\n<p>Diese Mitteilungen erfolgen durch den VERANTWORTLICHEN und beziehen sich auf seine Produkte und Dienstleistungen oder seine Mitarbeiter oder Lieferanten, mit denen er eine Werbevereinbarung getroffen hat.<\/p>\r\n<p>\u200b<\/p>\r\n<p>In diesem Fall haben Dritte niemals Zugriff auf personenbezogene Daten.<\/p>\r\n<p><br \/>Empfang \u00fcber das Internet und anschlie\u00dfende Bearbeitung der Lebensl\u00e4ufe derjenigen, die sich f\u00fcr den Einstieg in die Arbeitswelt des Verantwortlichen interessieren.<\/p>\r\n<p>\u200b<\/p>\r\n<p>F\u00fchren Sie statistische Studien durch.<\/p>\r\n<p><br \/>Bearbeitung von Bestellungen, Anfragen oder Anfragen jeglicher Art, die der Benutzer \u00fcber eines der zur Verf\u00fcgung gestellten Kontaktformulare stellt.<\/p>\r\n<p><br \/>Leiten Sie den Newsletter auf der Website weiter.<\/p>\r\n<p><br \/>Kriterien f\u00fcr die Datenerhaltung:<\/p>\r\n<p>Die Daten werden so lange aufbewahrt, wie die Gesch\u00e4ftsbeziehung zwischen den Parteien besteht.<\/p>\r\n<p>\u200b<\/p>\r\n<p>Sobald die Gesch\u00e4ftsbeziehung beendet ist, werden die Daten gesperrt, um die M\u00f6glichkeit eines Zugriffs zu verhindern. Die Sperrung erfolgt nur f\u00fcr den Fall, dass die Daten vom Datenverantwortlichen von einer Rechtsbeh\u00f6rde (Steuer-, Handels-, Arbeits- oder Justizbeh\u00f6rde) angefordert werden Dies nur bis zum gesetzlichen Verfallsdatum bzw. bis zum Verfallsdatum.<\/p>\r\n<p>Anschlie\u00dfend werden sie bequem und mit den entsprechenden Garantien vernichtet, sodass ihre Wiederherstellung unm\u00f6glich wird.<\/p>\r\n\r\n\r\n\r\n<p>\u200b<\/p>\r\n\r\n\r\n\r\n<p><strong>4. INFORMATIONEN IM ZUSAMMENHANG MIT DER \u00dcBERTRAGUNG ODER KOMMUNIKATION VON DATEN<\/strong><\/p>\r\n\r\n\r\n\r\n<p>&nbsp;<\/p>\r\n<p>Personenbezogene Daten k\u00f6nnen zur Aufrechterhaltung der Gesch\u00e4ftsbeziehung und\/oder zur Durchf\u00fchrung von Transaktionen an Steuer-, Buchhaltungs-, Handelsberatungs-, Banken-, Sparkassen- und Finanzinstitute, Steuerbeh\u00f6rden und andere zust\u00e4ndige \u00f6ffentliche Organisationen \u00fcbermittelt werden.<\/p>\r\n<p>Die Daten werden nicht an Dritte weitergegeben, es sei denn, es besteht eine gesetzliche Verpflichtung.<\/p>\r\n<p><br \/>Es finden keine Daten\u00fcbermittlungen in Drittl\u00e4nder au\u00dferhalb des Europ\u00e4ischen Wirtschaftsraums oder an internationale Organisationen statt.<\/p>\r\n\r\n\r\n\r\n<p>\u200b<\/p>\r\n\r\n\r\n\r\n<p><strong>5. INFORMATIONEN \u00dcBER DIE RECHTE DES BETEILIGTEN UND DIE ART DER AUS\u00dcBUNG IHRER RECHTE<\/strong><\/p>\r\n\r\n\r\n\r\n<p>&nbsp;<\/p>\r\n<p>Rechte, die den Benutzer unterst\u00fctzen, und Art und Weise, diese auszu\u00fcben:<br \/>Der Interessent hat das Recht auf: Zugriff auf seine Daten, Berichtigung seiner Daten, L\u00f6schung seiner Daten, \u00dcbertragbarkeit seiner Daten, Einschr\u00e4nkung der Verarbeitung seiner Daten, Widerspruch gegen die Verarbeitung seiner Daten, Widerruf der Daten Einwilligung erteilt, eine Klage bei der Kontrollbeh\u00f6rde einzureichen, einen Rechtsbehelf einzulegen.<br \/>Sie k\u00f6nnen diese Rechte aus\u00fcben, indem Sie ein begr\u00fcndetes Schreiben an den Datenverantwortlichen oder seinen Vertreter richten, in dem Sie angeben, welches Recht Sie aus\u00fcben m\u00f6chten, und dem Sie eine Fotokopie Ihres Ausweises beif\u00fcgen. Sie k\u00f6nnen den Datenverantwortlichen auch vorher bitten, Ihnen ein Standardformular f\u00fcr das Recht, das Sie aus\u00fcben m\u00f6chten, zur Verf\u00fcgung zu stellen.<br \/>Durch die Aus\u00fcbung der Rechte fallen f\u00fcr den Interessenten keine Verwaltungskosten an, mit Ausnahme der Portokosten, wenn er sich f\u00fcr den Versand per Post entscheidet.<br \/>Sie k\u00f6nnen Ihre Rechte aus\u00fcben:<\/p>\r\n<p>Pers\u00f6nlich in den R\u00e4umlichkeiten des Datenverantwortlichen und identifizieren Sie sich mit Ihrem Ausweis oder einem gleichwertigen Dokument.<br \/>Per E-Mail an die im Identifikationsbereich des Datenverantwortlichen aufgef\u00fchrte Person und zusammen mit einer Fotokopie Ihres Personalausweises oder eines gleichwertigen Dokuments.<br \/>Per Post (vorzugsweise beglaubigt), adressiert an die Adresse, die im Identifikationsbereich des Datenverantwortlichen angegeben ist, und zusammen mit einer Fotokopie Ihres Personalausweises oder eines gleichwertigen Dokuments.<br \/>Kontaktinformationen zur Aus\u00fcbung Ihrer Rechte:<br \/>Calle Cabana 39, 5b, 07141, Marratx\u00ed (Balearen), info@mallorcaglobalcharter.com<\/p>\r\n\r\n\r\n\r\n<p>\u200b<\/p>\r\n\r\n\r\n\r\n<p><strong>6. OBLIGATORISCHER ODER FAKULTATIVER NATUR DER VOM BENUTZER BEREITGESTELLTEN INFORMATIONEN<\/strong><\/p>\r\n\r\n\r\n\r\n<p>&nbsp;<\/p>\r\n<p>Durch das Ankreuzen der entsprechenden K\u00e4stchen und die Eingabe von Daten in die mit einem Sternchen (*) gekennzeichneten Felder im Kontaktformular oder in den Download-Formularen akzeptieren Benutzer ausdr\u00fccklich, frei und unmissverst\u00e4ndlich, dass ihre Daten f\u00fcr die Beantwortung Ihrer Anfrage erforderlich sind Die Angabe der Daten in den \u00fcbrigen Feldern erfolgt freiwillig.<\/p>\r\n<p>Der Nutzer garantiert, dass die dem VERANTWORTLICHEN zur Verf\u00fcgung gestellten personenbezogenen Daten wahrheitsgem\u00e4\u00df sind und ist f\u00fcr die Mitteilung etwaiger \u00c4nderungen derselben verantwortlich.<\/p>\r\n<p><br \/>Der VERANTWORTLICHE informiert und garantiert den Nutzern ausdr\u00fccklich, dass ihre personenbezogenen Daten in keinem Fall an Dritte weitergegeben werden und dass bei jeder \u00dcbermittlung personenbezogener Daten jeglicher Art zuvor die ausdr\u00fcckliche, informierte und eindeutige Zustimmung der Nutzer eingeholt wird.<\/p>\r\n<p>Alle \u00fcber die Website angeforderten Daten sind obligatorisch, da sie f\u00fcr die Bereitstellung eines optimalen Service f\u00fcr den Benutzer erforderlich sind. Bei Nichtbereitstellung aller Daten kann nicht gew\u00e4hrleistet werden, dass die bereitgestellten Informationen und Dienste vollst\u00e4ndig auf Ihre Bed\u00fcrfnisse zugeschnitten sind.<\/p>\r\n\r\n\r\n\r\n<p>\u200b<\/p>\r\n\r\n\r\n\r\n<p><strong>7. SICHERHEITSMASSNAHMEN<\/strong><\/p>\r\n\r\n\r\n\r\n<p>&nbsp;<\/p>\r\n<p>Dass der VERANTWORTLICHE in \u00dcbereinstimmung mit den Bestimmungen der geltenden Vorschriften zum Schutz personenbezogener Daten alle Bestimmungen der DSGVO-Vorschriften f\u00fcr die Verarbeitung personenbezogener Daten unter seiner Verantwortung und offensichtlich die in Artikel 5 der DSGVO beschriebenen Grunds\u00e4tze einh\u00e4lt , durch die sie auf rechtm\u00e4\u00dfige, faire und transparente Weise in Bezug auf die betroffene Partei verarbeitet werden und angemessen, relevant und auf das beschr\u00e4nkt sind, was im Hinblick auf die Zwecke, f\u00fcr die sie verarbeitet werden, erforderlich ist.<\/p>\r\n<p><br \/>Der VERANTWORTLICHE garantiert, dass er geeignete technische und organisatorische Richtlinien zur Anwendung der von der DSGVO festgelegten Sicherheitsma\u00dfnahmen zum Schutz der Rechte und Freiheiten der Benutzer implementiert und ihnen die entsprechenden Informationen mitgeteilt hat, damit sie diese aus\u00fcben k\u00f6nnen.<\/p>\r\n","protected":false},"excerpt":{"rendered":"<p>Mallorca Global Charter h\u00e4lt sich an die aktuellen Datenschutzbestimmungen. Wir danken EMILIO VELEZ f\u00fcr die Beratung zu den aktuellen DSGVO-Vorschriften. In diesem Abschnitt finden Sie alle notwendigen Informationen zur Verarbeitung personenbezogener Daten. \u200b Nutzerinformation. Angaben zur f\u00fcr die Behandlung verantwortlichen Person. Informationen zum Zweck und zur Rechtm\u00e4\u00dfigkeit der Behandlung. Informationen zur \u00dcbertragung der Datenkommunikation. Informationen [&hellip;]<\/p>\n","protected":false},"author":1,"featured_media":0,"parent":0,"menu_order":0,"comment_status":"closed","ping_status":"closed","template":"","meta":{"_acf_changed":false,"footnotes":""},"class_list":["post-6881","page","type-page","status-publish","hentry"],"acf":[],"yoast_head":"<!-- This site is optimized with the Yoast SEO plugin v25.3 - https:\/\/yoast.com\/wordpress\/plugins\/seo\/ -->\n<title>Datenschutzbestimmungen - Mallorca Global Charter<\/title>\n<meta name=\"description\" content=\"Erfahren Sie mehr \u00fcber unsere Datenschutzbestimmungen. Wir legen gro\u00dfen Wert auf den Schutz Ihrer Daten und erkl\u00e4ren, wie wir Ihre Privatsph\u00e4re wahren. Informieren Sie sich hier \u00fcber unsere Datenschutzrichtlinien.\" \/>\n<meta name=\"robots\" content=\"index, follow, max-snippet:-1, max-image-preview:large, max-video-preview:-1\" \/>\n<link rel=\"canonical\" href=\"https:\/\/mallorcaglobalcharter.com\/de\/datenschutzbestimmungen\/\" \/>\n<meta property=\"og:locale\" content=\"de_DE\" \/>\n<meta property=\"og:type\" content=\"article\" \/>\n<meta property=\"og:title\" content=\"Datenschutzbestimmungen - Mallorca Global Charter\" \/>\n<meta property=\"og:description\" content=\"Erfahren Sie mehr \u00fcber unsere Datenschutzbestimmungen. Wir legen gro\u00dfen Wert auf den Schutz Ihrer Daten und erkl\u00e4ren, wie wir Ihre Privatsph\u00e4re wahren. Informieren Sie sich hier \u00fcber unsere Datenschutzrichtlinien.\" \/>\n<meta property=\"og:url\" content=\"https:\/\/mallorcaglobalcharter.com\/de\/datenschutzbestimmungen\/\" \/>\n<meta property=\"og:site_name\" content=\"Mallorca Global Charter\" \/>\n<meta property=\"article:modified_time\" content=\"2024-03-07T23:41:06+00:00\" \/>\n<meta name=\"twitter:card\" content=\"summary_large_image\" \/>\n<meta name=\"twitter:label1\" content=\"Gesch\u00e4tzte Lesezeit\" \/>\n\t<meta name=\"twitter:data1\" content=\"5\u00a0Minuten\" \/>\n<!-- \/ Yoast SEO plugin. -->","yoast_head_json":{"title":"Datenschutzbestimmungen - Mallorca Global Charter","description":"Erfahren Sie mehr \u00fcber unsere Datenschutzbestimmungen. Wir legen gro\u00dfen Wert auf den Schutz Ihrer Daten und erkl\u00e4ren, wie wir Ihre Privatsph\u00e4re wahren. Informieren Sie sich hier \u00fcber unsere Datenschutzrichtlinien.","robots":{"index":"index","follow":"follow","max-snippet":"max-snippet:-1","max-image-preview":"max-image-preview:large","max-video-preview":"max-video-preview:-1"},"canonical":"https:\/\/mallorcaglobalcharter.com\/de\/datenschutzbestimmungen\/","og_locale":"de_DE","og_type":"article","og_title":"Datenschutzbestimmungen - Mallorca Global Charter","og_description":"Erfahren Sie mehr \u00fcber unsere Datenschutzbestimmungen. Wir legen gro\u00dfen Wert auf den Schutz Ihrer Daten und erkl\u00e4ren, wie wir Ihre Privatsph\u00e4re wahren. Informieren Sie sich hier \u00fcber unsere Datenschutzrichtlinien.","og_url":"https:\/\/mallorcaglobalcharter.com\/de\/datenschutzbestimmungen\/","og_site_name":"Mallorca Global Charter","article_modified_time":"2024-03-07T23:41:06+00:00","twitter_card":"summary_large_image","twitter_misc":{"Gesch\u00e4tzte Lesezeit":"5\u00a0Minuten"},"schema":{"@context":"https:\/\/schema.org","@graph":[{"@type":"WebPage","@id":"https:\/\/mallorcaglobalcharter.com\/de\/datenschutzbestimmungen\/","url":"https:\/\/mallorcaglobalcharter.com\/de\/datenschutzbestimmungen\/","name":"Datenschutzbestimmungen - Mallorca Global Charter","isPartOf":{"@id":"https:\/\/mallorcaglobalcharter.com\/de\/#website"},"datePublished":"2024-01-04T10:53:31+00:00","dateModified":"2024-03-07T23:41:06+00:00","description":"Erfahren Sie mehr \u00fcber unsere Datenschutzbestimmungen. Wir legen gro\u00dfen Wert auf den Schutz Ihrer Daten und erkl\u00e4ren, wie wir Ihre Privatsph\u00e4re wahren. Informieren Sie sich hier \u00fcber unsere Datenschutzrichtlinien.","breadcrumb":{"@id":"https:\/\/mallorcaglobalcharter.com\/de\/datenschutzbestimmungen\/#breadcrumb"},"inLanguage":"de","potentialAction":[{"@type":"ReadAction","target":["https:\/\/mallorcaglobalcharter.com\/de\/datenschutzbestimmungen\/"]}]},{"@type":"BreadcrumbList","@id":"https:\/\/mallorcaglobalcharter.com\/de\/datenschutzbestimmungen\/#breadcrumb","itemListElement":[{"@type":"ListItem","position":1,"name":"Portada","item":"https:\/\/mallorcaglobalcharter.com\/de\/"},{"@type":"ListItem","position":2,"name":"Datenschutzbestimmungen"}]},{"@type":"WebSite","@id":"https:\/\/mallorcaglobalcharter.com\/de\/#website","url":"https:\/\/mallorcaglobalcharter.com\/de\/","name":"Mallorca Global Charter","description":"","potentialAction":[{"@type":"SearchAction","target":{"@type":"EntryPoint","urlTemplate":"https:\/\/mallorcaglobalcharter.com\/de\/?s={search_term_string}"},"query-input":{"@type":"PropertyValueSpecification","valueRequired":true,"valueName":"search_term_string"}}],"inLanguage":"de"}]}},"_links":{"self":[{"href":"https:\/\/mallorcaglobalcharter.com\/de\/wp-json\/wp\/v2\/pages\/6881","targetHints":{"allow":["GET"]}}],"collection":[{"href":"https:\/\/mallorcaglobalcharter.com\/de\/wp-json\/wp\/v2\/pages"}],"about":[{"href":"https:\/\/mallorcaglobalcharter.com\/de\/wp-json\/wp\/v2\/types\/page"}],"author":[{"embeddable":true,"href":"https:\/\/mallorcaglobalcharter.com\/de\/wp-json\/wp\/v2\/users\/1"}],"replies":[{"embeddable":true,"href":"https:\/\/mallorcaglobalcharter.com\/de\/wp-json\/wp\/v2\/comments?post=6881"}],"version-history":[{"count":0,"href":"https:\/\/mallorcaglobalcharter.com\/de\/wp-json\/wp\/v2\/pages\/6881\/revisions"}],"wp:attachment":[{"href":"https:\/\/mallorcaglobalcharter.com\/de\/wp-json\/wp\/v2\/media?parent=6881"}],"curies":[{"name":"wp","href":"https:\/\/api.w.org\/{rel}","templated":true}]}}